{"id":12204,"date":"2025-01-02T02:41:28","date_gmt":"2025-01-02T07:41:28","guid":{"rendered":"https:\/\/bulenox.codes\/chinh-sach-cookie\/"},"modified":"2025-01-02T02:41:28","modified_gmt":"2025-01-02T07:41:28","slug":"chinh-sach-cookie","status":"publish","type":"page","link":"https:\/\/bulenox.codes\/vi\/chinh-sach-cookie\/","title":{"rendered":"Ch\u00ednh s\u00e1ch cookie"},"content":{"rendered":"<p>Ng\u00e0y c\u00f3 hi\u1ec7u l\u1ef1c: 15-05-2024<\/p>\n<p>&nbsp;<\/p>\n<h4>Cookie l\u00e0 g\u00ec?<\/h4>\n<p>Ch\u00ednh s\u00e1ch Cookie n\u00e0y gi\u1ea3i th\u00edch cookie l\u00e0 g\u00ec v\u00e0 c\u00e1ch ch\u00fang t\u00f4i s\u1eed d\u1ee5ng ch\u00fang, c\u00e1c lo\u1ea1i cookie ch\u00fang t\u00f4i s\u1eed d\u1ee5ng, t\u1ee9c l\u00e0 th\u00f4ng tin ch\u00fang t\u00f4i thu th\u1eadp b\u1eb1ng cookie v\u00e0 c\u00e1ch th\u00f4ng tin \u0111\u00f3 \u0111\u01b0\u1ee3c s\u1eed d\u1ee5ng, c\u0169ng nh\u01b0 c\u00e1ch qu\u1ea3n l\u00fd c\u00e0i \u0111\u1eb7t cookie.<\/p>\n<p>Cookie l\u00e0 c\u00e1c t\u1ec7p v\u0103n b\u1ea3n nh\u1ecf \u0111\u01b0\u1ee3c s\u1eed d\u1ee5ng \u0111\u1ec3 l\u01b0u tr\u1eef c\u00e1c th\u00f4ng tin nh\u1ecf. Ch\u00fang \u0111\u01b0\u1ee3c l\u01b0u tr\u1eef tr\u00ean thi\u1ebft b\u1ecb c\u1ee7a b\u1ea1n khi trang web \u0111\u01b0\u1ee3c t\u1ea3i tr\u00ean tr\u00ecnh duy\u1ec7t. Nh\u1eefng cookie n\u00e0y gi\u00fap ch\u00fang t\u00f4i \u0111\u1ea3m b\u1ea3o trang web ho\u1ea1t \u0111\u1ed9ng b\u00ecnh th\u01b0\u1eddng, b\u1ea3o m\u1eadt h\u01a1n, mang l\u1ea1i tr\u1ea3i nghi\u1ec7m ng\u01b0\u1eddi d\u00f9ng t\u1ed1t h\u01a1n, hi\u1ec3u r\u00f5 hi\u1ec7u su\u1ea5t c\u1ee7a trang web v\u00e0 ph\u00e2n t\u00edch nh\u1eefng \u0111i\u1ec3m hi\u1ec7u qu\u1ea3 c\u0169ng nh\u01b0 nh\u1eefng \u0111i\u1ec3m c\u1ea7n c\u1ea3i thi\u1ec7n. <\/p>\n<p>&nbsp;<\/p>\n<h4>Ch\u00fang t\u00f4i s\u1eed d\u1ee5ng cookie nh\u01b0 th\u1ebf n\u00e0o?<\/h4>\n<p>Gi\u1ed1ng nh\u01b0 h\u1ea7u h\u1ebft c\u00e1c d\u1ecbch v\u1ee5 tr\u1ef1c tuy\u1ebfn kh\u00e1c, trang web c\u1ee7a ch\u00fang t\u00f4i s\u1eed d\u1ee5ng cookie c\u1ee7a b\u00ean th\u1ee9 nh\u1ea5t v\u00e0 b\u00ean th\u1ee9 ba cho nhi\u1ec1u m\u1ee5c \u0111\u00edch. Cookie c\u1ee7a b\u00ean th\u1ee9 nh\u1ea5t ch\u1ee7 y\u1ebfu l\u00e0 c\u1ea7n thi\u1ebft \u0111\u1ec3 trang web ho\u1ea1t \u0111\u1ed9ng b\u00ecnh th\u01b0\u1eddng v\u00e0 kh\u00f4ng thu th\u1eadp b\u1ea5t k\u1ef3 d\u1eef li\u1ec7u nh\u1eadn d\u1ea1ng c\u00e1 nh\u00e2n n\u00e0o c\u1ee7a b\u1ea1n. <\/p>\n<p>Cookie c\u1ee7a b\u00ean th\u1ee9 ba \u0111\u01b0\u1ee3c s\u1eed d\u1ee5ng tr\u00ean trang web c\u1ee7a ch\u00fang t\u00f4i ch\u1ee7 y\u1ebfu nh\u1eb1m m\u1ee5c \u0111\u00edch hi\u1ec3u c\u00e1ch trang web ho\u1ea1t \u0111\u1ed9ng, c\u00e1ch b\u1ea1n t\u01b0\u01a1ng t\u00e1c v\u1edbi trang web c\u1ee7a ch\u00fang t\u00f4i, gi\u1eef an to\u00e0n cho c\u00e1c d\u1ecbch v\u1ee5 c\u1ee7a ch\u00fang t\u00f4i, cung c\u1ea5p qu\u1ea3ng c\u00e1o ph\u00f9 h\u1ee3p v\u1edbi b\u1ea1n v\u00e0 tr\u00ean h\u1ebft l\u00e0 mang \u0111\u1ebfn cho b\u1ea1n tr\u1ea3i nghi\u1ec7m ng\u01b0\u1eddi d\u00f9ng t\u1ed1t h\u01a1n v\u00e0 \u0111\u01b0\u1ee3c c\u1ea3i thi\u1ec7n h\u01a1n, \u0111\u1ed3ng th\u1eddi gi\u00fap t\u0103ng t\u1ed1c c\u00e1c t\u01b0\u01a1ng t\u00e1c trong t\u01b0\u01a1ng lai c\u1ee7a b\u1ea1n v\u1edbi trang web c\u1ee7a ch\u00fang t\u00f4i.<\/p>\n<p>[wcc_category_list]<\/p>\n<p>&nbsp;<\/p>\n<h4>Qu\u1ea3n l\u00fd t\u00f9y ch\u1ecdn cookie<\/h4>\n<p>B\u1ea1n c\u00f3 th\u1ec3 thay \u0111\u1ed5i t\u00f9y ch\u1ecdn cookie c\u1ee7a m\u00ecnh b\u1ea5t c\u1ee9 l\u00fac n\u00e0o b\u1eb1ng c\u00e1ch nh\u1ea5p v\u00e0o  [wcc_preference_button]  N\u00fat n\u00e0y cho ph\u00e9p b\u1ea1n xem l\u1ea1i bi\u1ec3u ng\u1eef ch\u1ea5p thu\u1eadn cookie v\u00e0 thay \u0111\u1ed5i t\u00f9y ch\u1ecdn ho\u1eb7c r\u00fat l\u1ea1i s\u1ef1 ch\u1ea5p thu\u1eadn ngay l\u1eadp t\u1ee9c. Ngo\u00e0i ra, c\u00e1c tr\u00ecnh duy\u1ec7t kh\u00e1c nhau cung c\u1ea5p c\u00e1c ph\u01b0\u01a1ng ph\u00e1p kh\u00e1c nhau \u0111\u1ec3 ch\u1eb7n v\u00e0 x\u00f3a cookie \u0111\u01b0\u1ee3c c\u00e1c trang web s\u1eed d\u1ee5ng. B\u1ea1n c\u00f3 th\u1ec3 thay \u0111\u1ed5i c\u00e0i \u0111\u1eb7t tr\u00ecnh duy\u1ec7t \u0111\u1ec3 ch\u1eb7n\/x\u00f3a cookie. D\u01b0\u1edbi \u0111\u00e2y l\u00e0 c\u00e1c li\u00ean k\u1ebft \u0111\u1ebfn t\u00e0i li\u1ec7u h\u1ed7 tr\u1ee3 v\u1ec1 c\u00e1ch qu\u1ea3n l\u00fd v\u00e0 x\u00f3a cookie kh\u1ecfi c\u00e1c tr\u00ecnh duy\u1ec7t web ch\u00ednh.    <\/p>\n<p>Chrome: <a href=\"https:\/\/support.google.com\/accounts\/answer\/32050\" target=\"_blank\" rel=\"noopener\">https:\/\/support.google.com\/accounts\/answer\/32050<\/a><\/p>\n<p>Safari: <a href=\"https:\/\/support.apple.com\/en-in\/guide\/safari\/sfri11471\/mac\" target=\"_blank\" rel=\"noopener\">https:\/\/support.apple.com\/en-in\/guide\/safari\/sfri11471\/mac<\/a><\/p>\n<p>Firefox: <a href=\"https:\/\/support.mozilla.org\/en-US\/kb\/clear-cookies-and-site-data-firefox?redirectslug=delete-cookies-remove-info-websites-stored&amp;redirectlocale=en-US\" target=\"_blank\" rel=\"noopener\">https:\/\/support.mozilla.org\/en-US\/kb\/clear-cookies-and-site-data-firefox?redirectslug=delete-cookies-remove-info-websites-stored&amp;redirectlocale=en-US<\/a><\/p>\n<p>Microsoft Edge: <a href=\"https:\/\/support.microsoft.com\/en-us\/microsoft-edge\/delete-cookies-in-microsoft-edge-63947406-40ac-c3b8-57b9-2a946a29ae09\" target=\"_blank\" rel=\"noopener\">X\u00f3a cookie trong Microsoft Edge &#8211; H\u1ed7 tr\u1ee3 c\u1ee7a Microsoft<\/a><\/p>\n<p>N\u1ebfu b\u1ea1n \u0111ang s\u1eed d\u1ee5ng b\u1ea5t k\u1ef3 tr\u00ecnh duy\u1ec7t web n\u00e0o kh\u00e1c, vui l\u00f2ng truy c\u1eadp t\u00e0i li\u1ec7u h\u1ed7 tr\u1ee3 ch\u00ednh th\u1ee9c c\u1ee7a tr\u00ecnh duy\u1ec7t \u0111\u00f3.<\/p>\n\n    <div class=\"xs_social_share_widget xs_share_url after_content \t\tmain_content  wslu-style-1 wslu-share-box-shaped wslu-fill-colored wslu-none wslu-share-horizontal wslu-theme-font-no wslu-main_content\">\n\n\t\t\n        <ul>\n\t\t\t        <\/ul>\n    <\/div> \n","protected":false},"excerpt":{"rendered":"<p>Ng\u00e0y c\u00f3 hi\u1ec7u l\u1ef1c: 15-05-2024 &nbsp; Cookie l\u00e0 g\u00ec? Ch\u00ednh s\u00e1ch Cookie n\u00e0y gi\u1ea3i th\u00edch cookie l\u00e0 g\u00ec v\u00e0 c\u00e1ch ch\u00fang t\u00f4i s\u1eed d\u1ee5ng ch\u00fang, c\u00e1c lo\u1ea1i cookie ch\u00fang t\u00f4i s\u1eed d\u1ee5ng, t\u1ee9c l\u00e0 th\u00f4ng tin ch\u00fang t\u00f4i thu th\u1eadp b\u1eb1ng cookie v\u00e0 c\u00e1ch th\u00f4ng tin \u0111\u00f3 \u0111\u01b0\u1ee3c s\u1eed d\u1ee5ng, c\u0169ng nh\u01b0 c\u00e1ch qu\u1ea3n l\u00fd [&hellip;]<\/p>\n","protected":false},"author":1,"featured_media":0,"parent":0,"menu_order":0,"comment_status":"closed","ping_status":"closed","template":"","meta":{"_angie_page":false,"postBodyCss":"","postBodyMargin":[],"postBodyPadding":[],"postBodyBackground":{"backgroundType":"classic","gradient":""},"enableOnePageScrollInPage":false,"onePageScrollCss":"","onePageScrollSpeed":1000,"onePageScrollAnimation":"easeInOutQuad","onePageScrollShowDotNavigation":true,"onePageScrollNavigation":"scaleUp","onePageScrollNavigationPosition":"right","onePageScrollNavigationHorizontal":[],"onePageScrollNavigationVertical":[],"onePageScrollNavigationSpacing":[],"onePageScrollNavigationColor":"#00ff0d","onePageScrollNavigationColorHover":"#00ff0d","onePageScrollNavigationColorActive":"#00ff0d","onePageScrollNavigationIcon":[],"onePageScrollNavigationWidth":[],"onePageScrollNavigationWidthHover":[],"onePageScrollNavigationWidthActive":[],"onePageScrollNavigationHeight":[],"onePageScrollNavigationHeightHover":[],"onePageScrollNavigationHeightActive":[],"onePageScrollNavigationBorder":[],"onePageScrollNavigationBorderHover":[],"onePageScrollNavigationBorderActive":[],"onePageScrollNavigationBorderRadius":[],"onePageScrollNavigationBorderRadiusHover":[],"onePageScrollNavigationBorderRadiusActive":[],"onePageScrollNavigationTooltipTypography":[],"onePageScrollNavigationTooltipColor":"#ffffff","onePageScrollNavigationTooltipColorHover":"","onePageScrollNavigationTooltipBgColor":"#00ff0d","onePageScrollNavigationTooltipBgColorHover":"","onePageScrollNavigationTooltipPadding":[],"onePageScrollNavigationTooltipPaddingHover":[],"onePageScrollNavigationTooltipBorderRadius":[],"onePageScrollNavigationTooltipBorderRadiusHover":[],"pageSettingsCustomCss":"","footnotes":""},"class_list":["post-12204","page","type-page","status-publish","hentry"],"_links":{"self":[{"href":"https:\/\/bulenox.codes\/vi\/wp-json\/wp\/v2\/pages\/12204","targetHints":{"allow":["GET"]}}],"collection":[{"href":"https:\/\/bulenox.codes\/vi\/wp-json\/wp\/v2\/pages"}],"about":[{"href":"https:\/\/bulenox.codes\/vi\/wp-json\/wp\/v2\/types\/page"}],"author":[{"embeddable":true,"href":"https:\/\/bulenox.codes\/vi\/wp-json\/wp\/v2\/users\/1"}],"replies":[{"embeddable":true,"href":"https:\/\/bulenox.codes\/vi\/wp-json\/wp\/v2\/comments?post=12204"}],"version-history":[{"count":0,"href":"https:\/\/bulenox.codes\/vi\/wp-json\/wp\/v2\/pages\/12204\/revisions"}],"wp:attachment":[{"href":"https:\/\/bulenox.codes\/vi\/wp-json\/wp\/v2\/media?parent=12204"}],"curies":[{"name":"wp","href":"https:\/\/api.w.org\/{rel}","templated":true}]}}