{"id":12197,"date":"2025-01-15T12:33:57","date_gmt":"2025-01-15T17:33:57","guid":{"rendered":"https:\/\/bulenox.codes\/quantvps\/"},"modified":"2025-08-16T04:46:46","modified_gmt":"2025-08-16T08:46:46","slug":"quantvps","status":"publish","type":"page","link":"https:\/\/bulenox.codes\/vi\/quantvps\/","title":{"rendered":"QuantVPS"},"content":{"rendered":"&#13;\n<h2 class=\"wp-block-heading has-primary-color has-text-color has-link-color has-x-large-font-size wp-elements-f45995a69dc944ba790d7e9aa56f74b8\">&#8220;QuantVPS: Gi\u1ea3i ph\u00e1p \u0111\u1ed9 tr\u1ec5 th\u1ea5p t\u1ed1i \u01b0u d\u00e0nh cho c\u00e1c nh\u00e0 giao d\u1ecbch chuy\u00ean nghi\u1ec7p&#8221;<\/h2>&#13;\n\r\n<div class=\"wp-block-columns is-layout-flex wp-container-core-columns-is-layout-28f84493 wp-block-columns-is-layout-flex\">\r\n<div class=\"wp-block-column is-layout-flow wp-block-column-is-layout-flow\">\r\n<div class=\"wp-block-media-text is-stacked-on-mobile is-vertically-aligned-top\">\r\n<figure class=\"wp-block-media-text__media\"><a href=\"http:\/\/quantvps.de\" target=\"_blank\" rel=\"noreferrer noopener\"><img decoding=\"async\" width=\"800\" height=\"401\" class=\"wp-image-6590 size-full\" src=\"https:\/\/bulenox.codes\/wp-content\/uploads\/2025\/01\/1705432402592.jpeg\" alt=\"\" title=\"\" srcset=\"https:\/\/bulenox.codes\/wp-content\/uploads\/2025\/01\/1705432402592.jpeg 800w, https:\/\/bulenox.codes\/wp-content\/uploads\/2025\/01\/1705432402592-300x150.jpeg 300w, https:\/\/bulenox.codes\/wp-content\/uploads\/2025\/01\/1705432402592-768x385.jpeg 768w\" sizes=\"(max-width: 800px) 100vw, 800px\" \/><\/a><\/figure>\r\n<div class=\"wp-block-media-text__content\">&#13;\n<p class=\"has-medium-font-size\"><a href=\"http:\/\/quantvps.de\/\" target=\"_blank\" rel=\"noreferrer noopener\">QuantVPS<\/a> l\u00e0 l\u1ef1a ch\u1ecdn l\u00fd t\u01b0\u1edfng cho c\u00e1c nh\u00e0 giao d\u1ecbch v\u00e0 chuy\u00ean gia t\u00e0i ch\u00ednh c\u1ea7n m\u00e1y ch\u1ee7 nhanh, \u0111\u00e1ng tin c\u1eady v\u00e0 \u0111\u1ed9 tr\u1ec5 th\u1ea5p. Trong th\u1ebf gi\u1edbi giao d\u1ecbch bi\u1ebfn \u0111\u1ed9ng nhanh, n\u01a1i m\u00e0 l\u1ee3i nhu\u1eadn hay thua l\u1ed7 c\u00f3 th\u1ec3 \u0111\u01b0\u1ee3c quy\u1ebft \u0111\u1ecbnh ch\u1ec9 trong v\u00e0i mili gi\u00e2y, <a href=\"http:\/\/quantvps.de\/\" target=\"_blank\" rel=\"noreferrer noopener\">QuantVPS<\/a> cung c\u1ea5p m\u1ed9t c\u01a1 s\u1edf h\u1ea1 t\u1ea7ng m\u1ea1nh m\u1ebd, \u0111\u01b0\u1ee3c thi\u1ebft k\u1ebf ri\u00eang \u0111\u1ec3 \u0111\u00e1p \u1ee9ng nhu c\u1ea7u kh\u1eaft khe c\u1ee7a ng\u00e0nh. <\/p>&#13;\n\r\n\r\n&#13;\n<p class=\"has-medium-font-size\">M\u1ed9t trong nh\u1eefng t\u00ednh n\u0103ng n\u1ed5i b\u1eadt c\u1ee7a <a href=\"http:\/\/quantvps.de\/\" target=\"_blank\" rel=\"noreferrer noopener\">QuantVPS<\/a> l\u00e0 \u0111\u1ed9 tr\u1ec5 c\u1ef1c th\u1ea5p. V\u1edbi c\u00e1c trung t\u00e2m d\u1eef li\u1ec7u hi\u1ec7n \u0111\u1ea1i \u0111\u01b0\u1ee3c \u0111\u1eb7t t\u1ea1i c\u00e1c v\u1ecb tr\u00ed chi\u1ebfn l\u01b0\u1ee3c g\u1ea7n c\u00e1c th\u1ecb tr\u01b0\u1eddng t\u00e0i ch\u00ednh l\u1edbn, <a href=\"http:\/\/quantvps.de\/\" target=\"_blank\" rel=\"noreferrer noopener\">QuantVPS<\/a> cung c\u1ea5p k\u1ebft n\u1ed1i c\u1ef1c nhanh \u0111\u1ebfn c\u00e1c s\u00e0n giao d\u1ecbch v\u00e0 n\u1ec1n t\u1ea3ng giao d\u1ecbch. \u0110i\u1ec1u n\u00e0y \u0111\u1ea3m b\u1ea3o th\u1ef1c hi\u1ec7n l\u1ec7nh ngay l\u1eadp t\u1ee9c &#8211; m\u1ed9t l\u1ee3i th\u1ebf quan tr\u1ecdng cho c\u00e1c nh\u00e0 giao d\u1ecbch trong ng\u00e0y, nh\u00e0 giao d\u1ecbch thu\u1eadt to\u00e1n v\u00e0 b\u1ea5t k\u1ef3 ai s\u1eed d\u1ee5ng chi\u1ebfn l\u01b0\u1ee3c giao d\u1ecbch t\u1ef1 \u0111\u1ed9ng.  <\/p>&#13;\n\r\n\r\n&#13;\n<p class=\"has-medium-font-size\">Gi\u1ea3i ph\u00e1p VPS c\u1ee7a <a href=\"http:\/\/quantvps.de\/\" target=\"_blank\" rel=\"noreferrer noopener\">QuantVPS<\/a> \u0111\u01b0\u1ee3c thi\u1ebft k\u1ebf \u0111\u1ec3 \u0111\u1ea1t \u0111\u01b0\u1ee3c s\u1ef1 \u1ed5n \u0111\u1ecbnh v\u00e0 hi\u1ec7u su\u1ea5t t\u1ed1i \u0111a, ngay c\u1ea3 trong giai \u0111o\u1ea1n th\u1ecb tr\u01b0\u1eddng bi\u1ebfn \u0111\u1ed9ng m\u1ea1nh. \u0110\u01b0\u1ee3c trang b\u1ecb \u1ed5 SSD hi\u1ec7u su\u1ea5t cao v\u00e0 t\u00e0i nguy\u00ean chuy\u00ean d\u1ee5ng, ng\u01b0\u1eddi d\u00f9ng \u0111\u01b0\u1ee3c h\u01b0\u1edfng l\u1ee3i t\u1eeb t\u1ed1c \u0111\u1ed9 nhanh \u1ed5n \u0111\u1ecbnh v\u00e0 ho\u1ea1t \u0111\u1ed9ng \u0111\u00e1ng tin c\u1eady, kh\u00f4ng b\u1ecb gi\u00e1n \u0111o\u1ea1n hay ch\u1eadm tr\u1ec5. <\/p>&#13;\n\r\n\r\n&#13;\n<p class=\"has-medium-font-size\">M\u1ed9t l\u1ee3i th\u1ebf quan tr\u1ecdng kh\u00e1c l\u00e0 m\u00e1y ch\u1ee7 ho\u1ea1t \u0111\u1ed9ng 24\/7, c\u00f3 th\u1ec3 truy c\u1eadp t\u1eeb m\u1ecdi thi\u1ebft b\u1ecb &#8211; d\u00f9 l\u00e0 PC, m\u00e1y t\u00ednh b\u1ea3ng hay \u0111i\u1ec7n tho\u1ea1i th\u00f4ng minh. Nh\u00e0 giao d\u1ecbch c\u00f3 th\u1ec3 theo d\u00f5i v\u00e0 \u0111i\u1ec1u ch\u1ec9nh chi\u1ebfn l\u01b0\u1ee3c b\u1ea5t c\u1ee9 l\u00fac n\u00e0o, \u0111\u1ed3ng th\u1eddi t\u1eadn h\u01b0\u1edfng quy\u1ec1n truy c\u1eadp root \u0111\u1ea7y \u0111\u1ee7 v\u00e0 m\u00f4i tr\u01b0\u1eddng b\u1ea3o m\u1eadt, bi\u1ec7t l\u1eadp. S\u1ef1 k\u1ebft h\u1ee3p gi\u1eefa t\u00ednh linh ho\u1ea1t v\u00e0 kh\u1ea3 n\u0103ng ki\u1ec3m so\u00e1t n\u00e0y khi\u1ebfn <a href=\"http:\/\/quantvps.de\/\" target=\"_blank\" rel=\"noreferrer noopener\">QuantVPS<\/a> tr\u1edf th\u00e0nh gi\u1ea3i ph\u00e1p h\u00e0ng \u0111\u1ea7u cho nh\u1eefng ng\u01b0\u1eddi d\u00f9ng kh\u00f3 t\u00ednh.  <\/p>&#13;\n\r\n\r\n&#13;\n<p class=\"has-medium-font-size\"><a href=\"http:\/\/quantvps.de\/\" target=\"_blank\" rel=\"noreferrer noopener\">QuantVPS<\/a> c\u0169ng cung c\u1ea5p kh\u1ea3 n\u0103ng m\u1edf r\u1ed9ng, cho ph\u00e9p \u0111i\u1ec1u ch\u1ec9nh dung l\u01b0\u1ee3ng m\u00e1y ch\u1ee7 m\u1ed9t c\u00e1ch li\u1ec1n m\u1ea1ch d\u1ef1a tr\u00ean kh\u1ed1i l\u01b0\u1ee3ng giao d\u1ecbch. Ngo\u00e0i ra, \u0111\u1ed9i ng\u0169 h\u1ed7 tr\u1ee3 kh\u00e1ch h\u00e0ng xu\u1ea5t s\u1eafc c\u1ee7a h\u1ecd lu\u00f4n s\u1eb5n s\u00e0ng h\u1ed7 tr\u1ee3 c\u00e1c y\u00eau c\u1ea7u k\u1ef9 thu\u1eadt ho\u1eb7c c\u1ea5u h\u00ecnh t\u00f9y ch\u1ec9nh. <\/p>&#13;\n\r\n\r\n&#13;\n<p class=\"has-medium-font-size\">\u0110\u1ed1i v\u1edbi c\u00e1c nh\u00e0 giao d\u1ecbch \u01b0u ti\u00ean t\u1ed1c \u0111\u1ed9, b\u1ea3o m\u1eadt v\u00e0 \u0111\u1ed9 tin c\u1eady, <a href=\"http:\/\/quantvps.de\/\" target=\"_blank\" rel=\"noreferrer noopener\">QuantVPS<\/a> l\u00e0 n\u1ec1n t\u1ea3ng ho\u00e0n h\u1ea3o \u0111\u1ec3 th\u1ef1c hi\u1ec7n c\u00e1c chi\u1ebfn l\u01b0\u1ee3c giao d\u1ecbch m\u1ed9t c\u00e1ch hi\u1ec7u qu\u1ea3 v\u00e0 th\u00e0nh c\u00f4ng.<\/p>&#13;\n\r\n\r\n<\/div>\r\n<\/div>\r\n<\/div>\r\n<\/div>\r\n\n    <div class=\"xs_social_share_widget xs_share_url after_content \t\tmain_content  wslu-style-1 wslu-share-box-shaped wslu-fill-colored wslu-none wslu-share-horizontal wslu-theme-font-no wslu-main_content\">\n\n\t\t\n        <ul>\n\t\t\t        <\/ul>\n    <\/div> \n","protected":false},"excerpt":{"rendered":"<p>&#13; &#8220;QuantVPS: Gi\u1ea3i ph\u00e1p \u0111\u1ed9 tr\u1ec5 th\u1ea5p t\u1ed1i \u01b0u d\u00e0nh cho c\u00e1c nh\u00e0 giao d\u1ecbch chuy\u00ean nghi\u1ec7p&#8221; &#13; &#13; QuantVPS l\u00e0 l\u1ef1a ch\u1ecdn l\u00fd t\u01b0\u1edfng cho c\u00e1c nh\u00e0 giao d\u1ecbch v\u00e0 chuy\u00ean gia t\u00e0i ch\u00ednh c\u1ea7n m\u00e1y ch\u1ee7 nhanh, \u0111\u00e1ng tin c\u1eady v\u00e0 \u0111\u1ed9 tr\u1ec5 th\u1ea5p. Trong th\u1ebf gi\u1edbi giao d\u1ecbch bi\u1ebfn \u0111\u1ed9ng nhanh, n\u01a1i [&hellip;]<\/p>\n","protected":false},"author":1,"featured_media":0,"parent":0,"menu_order":0,"comment_status":"closed","ping_status":"closed","template":"","meta":{"_angie_page":false,"postBodyCss":"","postBodyMargin":[],"postBodyPadding":[],"postBodyBackground":{"backgroundType":"classic","gradient":""},"enableOnePageScrollInPage":false,"onePageScrollCss":"","onePageScrollSpeed":1000,"onePageScrollAnimation":"easeInOutQuad","onePageScrollShowDotNavigation":true,"onePageScrollNavigation":"scaleUp","onePageScrollNavigationPosition":"right","onePageScrollNavigationHorizontal":[],"onePageScrollNavigationVertical":[],"onePageScrollNavigationSpacing":[],"onePageScrollNavigationColor":"#00ff0d","onePageScrollNavigationColorHover":"#00ff0d","onePageScrollNavigationColorActive":"#00ff0d","onePageScrollNavigationIcon":[],"onePageScrollNavigationWidth":[],"onePageScrollNavigationWidthHover":[],"onePageScrollNavigationWidthActive":[],"onePageScrollNavigationHeight":[],"onePageScrollNavigationHeightHover":[],"onePageScrollNavigationHeightActive":[],"onePageScrollNavigationBorder":[],"onePageScrollNavigationBorderHover":[],"onePageScrollNavigationBorderActive":[],"onePageScrollNavigationBorderRadius":[],"onePageScrollNavigationBorderRadiusHover":[],"onePageScrollNavigationBorderRadiusActive":[],"onePageScrollNavigationTooltipTypography":[],"onePageScrollNavigationTooltipColor":"#ffffff","onePageScrollNavigationTooltipColorHover":"","onePageScrollNavigationTooltipBgColor":"#00ff0d","onePageScrollNavigationTooltipBgColorHover":"","onePageScrollNavigationTooltipPadding":[],"onePageScrollNavigationTooltipPaddingHover":[],"onePageScrollNavigationTooltipBorderRadius":[],"onePageScrollNavigationTooltipBorderRadiusHover":[],"pageSettingsCustomCss":"","footnotes":""},"class_list":["post-12197","page","type-page","status-publish","hentry"],"_links":{"self":[{"href":"https:\/\/bulenox.codes\/vi\/wp-json\/wp\/v2\/pages\/12197","targetHints":{"allow":["GET"]}}],"collection":[{"href":"https:\/\/bulenox.codes\/vi\/wp-json\/wp\/v2\/pages"}],"about":[{"href":"https:\/\/bulenox.codes\/vi\/wp-json\/wp\/v2\/types\/page"}],"author":[{"embeddable":true,"href":"https:\/\/bulenox.codes\/vi\/wp-json\/wp\/v2\/users\/1"}],"replies":[{"embeddable":true,"href":"https:\/\/bulenox.codes\/vi\/wp-json\/wp\/v2\/comments?post=12197"}],"version-history":[{"count":0,"href":"https:\/\/bulenox.codes\/vi\/wp-json\/wp\/v2\/pages\/12197\/revisions"}],"wp:attachment":[{"href":"https:\/\/bulenox.codes\/vi\/wp-json\/wp\/v2\/media?parent=12197"}],"curies":[{"name":"wp","href":"https:\/\/api.w.org\/{rel}","templated":true}]}}