{"id":12114,"date":"2025-01-18T09:33:19","date_gmt":"2025-01-18T14:33:19","guid":{"rendered":"https:\/\/bulenox.codes\/ma-giam-gia-bulenox\/"},"modified":"2026-02-06T12:27:19","modified_gmt":"2026-02-06T17:27:19","slug":"ma-giam-gia-bulenox","status":"publish","type":"page","link":"https:\/\/bulenox.codes\/vi\/ma-giam-gia-bulenox\/","title":{"rendered":"M\u00e3 gi\u1ea3m gi\u00e1 Bulenox"},"content":{"rendered":"\t\t<div data-elementor-type=\"wp-page\" data-elementor-id=\"12114\" class=\"elementor elementor-12114 elementor-8024\" data-elementor-post-type=\"page\">\n\t\t\t\t<div class=\"elementor-element elementor-element-fbd4079 e-flex e-con-boxed e-con e-parent\" data-id=\"fbd4079\" data-element_type=\"container\" data-e-type=\"container\">\n\t\t\t\t\t<div class=\"e-con-inner\">\n\t\t\t\t<div class=\"elementor-element elementor-element-a1f90f2 elementor-widget elementor-widget-heading\" data-id=\"a1f90f2\" data-element_type=\"widget\" data-e-type=\"widget\" data-settings=\"{&quot;ekit_we_effect_on&quot;:&quot;none&quot;}\" data-widget_type=\"heading.default\">\n\t\t\t\t\t<h2 class=\"elementor-heading-title elementor-size-default\">M\u00e3 gi\u1ea3m gi\u00e1\/M\u00e3 khuy\u1ebfn m\u00e3i Bulenox<\/h2>\t\t\t\t<\/div>\n\t\t\t\t\t<\/div>\n\t\t\t\t<\/div>\n\t\t<div class=\"elementor-element elementor-element-620d5e21 e-flex e-con-boxed e-con e-parent\" data-id=\"620d5e21\" data-element_type=\"container\" data-e-type=\"container\">\n\t\t\t\t\t<div class=\"e-con-inner\">\n\t\t\t\t<div class=\"elementor-element elementor-element-af7e406 elementor-widget elementor-widget-text-editor\" data-id=\"af7e406\" data-element_type=\"widget\" data-e-type=\"widget\" data-settings=\"{&quot;ekit_we_effect_on&quot;:&quot;none&quot;}\" data-widget_type=\"text-editor.default\">\n\t\t\t\t\t\t\t\t\t<p>N\u1ebfu b\u1ea1n mua s\u1eafm t\u1ea1i <a href=\"http:\/\/bulenox.us\" target=\"_blank\" rel=\"noopener\">Bulenox<\/a> v\u00e0 \u0111ang t\u00ecm ki\u1ebfm nh\u1eefng m\u1ee9c gi\u1ea3m gi\u00e1 l\u1edbn, b\u1ea1n n\u00ean th\u01b0\u1eddng xuy\u00ean ki\u1ec3m tra m\u00e3 gi\u1ea3m gi\u00e1 m\u1edbi nh\u1ea5t. V\u1edbi nh\u1eefng phi\u1ebfu gi\u1ea3m gi\u00e1 n\u00e0y, b\u1ea1n c\u00f3 th\u1ec3 \u0111\u01b0\u1ee3c h\u01b0\u1edfng m\u1ee9c gi\u1ea3m gi\u00e1 h\u1ea5p d\u1eabn khi thanh to\u00e1n v\u00e0 \u0111\u1eb7t mua s\u1ea3n ph\u1ea9m y\u00eau th\u00edch v\u1edbi m\u1ee9c gi\u00e1 th\u1ea5p h\u01a1n.<\/p>\n<p><strong>T\u1ea1i sao n\u00ean s\u1eed d\u1ee5ng m\u00e3 gi\u1ea3m gi\u00e1 <a href=\"http:\/\/bulenox.us\" target=\"_blank\" rel=\"noopener\">Bulenox<\/a> ?<\/strong><\/p>\n<p>D\u00f9 b\u1ea1n \u0111\u1eb7t h\u00e0ng l\u1ea7n \u0111\u1ea7u hay l\u00e0 kh\u00e1ch h\u00e0ng th\u00e2n thi\u1ebft, m\u00e3 gi\u1ea3m gi\u00e1 <a href=\"http:\/\/bulenox.us\" target=\"_blank\" rel=\"noopener\">Bulenox<\/a> \u0111\u1ec1u mang \u0111\u1ebfn cho b\u1ea1n nhi\u1ec1u \u01b0u \u0111i\u1ec3m:<\/p>\n<ul>\n<li>Ti\u1ebft ki\u1ec7m t\u1ee9c th\u00ec: Ti\u1ebft ki\u1ec7m tr\u1ef1c ti\u1ebfp khi mua h\u00e0ng m\u00e0 kh\u00f4ng c\u1ea7n \u0111i\u1ec1u ki\u1ec7n ph\u1ee9c t\u1ea1p.<\/li>\n<li>\u01afu \u0111\u00e3i \u0111\u1ed9c quy\u1ec1n: M\u1ed9t s\u1ed1 phi\u1ebfu gi\u1ea3m gi\u00e1 ch\u1ec9 c\u00f3 hi\u1ec7u l\u1ef1c trong th\u1eddi gian gi\u1edbi h\u1ea1n ho\u1eb7c \u0111\u1ed1i v\u1edbi m\u1ed9t s\u1ed1 s\u1ea3n ph\u1ea9m nh\u1ea5t \u0111\u1ecbnh.<\/li>\n<li>D\u1ec5 d\u00e0ng s\u1eed d\u1ee5ng: Nh\u1eadp m\u00e3 v\u00e0o gi\u1ecf h\u00e0ng v\u00e0 t\u1eadn h\u01b0\u1edfng \u01b0u \u0111\u00e3i.<\/li>\n<\/ul>\t\t\t\t\t\t\t\t<\/div>\n\t\t\t\t<div class=\"elementor-element elementor-element-dbf428f elementor-widget elementor-widget-heading\" data-id=\"dbf428f\" data-element_type=\"widget\" data-e-type=\"widget\" data-settings=\"{&quot;ekit_we_effect_on&quot;:&quot;none&quot;}\" data-widget_type=\"heading.default\">\n\t\t\t\t\t<h2 class=\"elementor-heading-title elementor-size-default\">M\u00e3 gi\u1ea3m gi\u00e1 Bulenox h\u00e0ng \u0111\u1ea7u hi\u1ec7n t\u1ea1i:<\/h2>\t\t\t\t<\/div>\n\t\t\t\t<div class=\"elementor-element elementor-element-6df48b3 elementor-widget elementor-widget-text-editor\" data-id=\"6df48b3\" data-element_type=\"widget\" data-e-type=\"widget\" data-settings=\"{&quot;ekit_we_effect_on&quot;:&quot;none&quot;}\" data-widget_type=\"text-editor.default\">\n\t\t\t\t\t\t\t\t\t<p style=\"text-align: center;\"><\/p>\n<p style=\"text-align: center;\"><\/p>\n<p style=\"text-align: center;\"><span style=\"color: #3c434a; font-family: -apple-system, BlinkMacSystemFont, 'Segoe UI', Roboto, Oxygen-Sans, Ubuntu, Cantarell, 'Helvetica Neue', sans-serif; font-size: 14px; text-align: start;\">\n<div class=\"wpcd-coupon-two wpcd-coupon-id-17752\" >\n    <div class=\"wpcd-col-two-1-4\">\n        <figure>\n            <img decoding=\"async\" class=\"wpcd-coupon-two-img\" src=\"https:\/\/bulenox.codes\/wp-content\/uploads\/2026\/01\/LIFETIME89.jpg\" alt=\"M\u00e3 gi\u1ea3m gi\u00e1 Bulenox 89% TR\u1eccN \u0110\u1edcI &#8211; L\u1ef0A CH\u1eccN 1\" title=\"\">        <\/figure>\n        <div class=\"wpcd-coupon-two-discount-text\">\n\t\t\tGi\u1ea3m gi\u00e1 89% L\u1ef0A CH\u1eccN 1        <\/div>\n    <\/div>\n    <div class=\"wpcd-col-two-3-4\">\n        <div class=\"wpcd-coupon-two-header\">\n            <div>\n            \t\t\t\t\t<h2 class=\"wpcd-coupon-title\">\n\t\t\t\t\t\t<a href=\"http:\/\/www.bulenox.us\" target=\"http:\/\/_self\" rel=\"nofollow noopener\">M\u00e3 gi\u1ea3m gi\u00e1 Bulenox 89% TR\u1eccN \u0110\u1edcI &#8211; L\u1ef0A CH\u1eccN 1<\/a>\n                \t<\/h2>\n\t\t\t\t            <\/div>\n        <\/div>\n        <div class=\"wpcd-coupon-two-info\">\n            <div class=\"wpcd-coupon-two-title\">\n                                                            <span class=\"wpcd-coupon-two-countdown-text\">\n                            Expires on:                         <\/span>\n                        <span class=\"wpcd-coupon-two-countdown test\"\n                            data-countdown_coupon=\"04\/21\/2026 23:59\"\n                            id=\"clock_17752\"><\/span>\n                                                <\/div>\n            <div class=\"wpcd-coupon-two-coupon\">\n\t\t\t\t\n\n    <div class=\"coupon-code-wpcd coupon-detail wpcd-coupon-id-17752 wpcd-coupon-button-type\">\n        <a data-type=\"code\" data-coupon-id=\"17752\"\n           href=\"?wpcd_coupon=17752\" class=\"coupon-button coupon-code-wpcd masterTooltip\"\n           id=\"coupon-button-17752\" title=\"Click Here to Show Code\" data-position=\"top center\" data-inverted=\"\" data-aff-url=\"http:\/\/www.bulenox.us\"\n           onClick=\"return wpcd_openCouponAffLink(this,  '17752', 'wpcd_category' )\" target=\"_blank\">\n            <span class=\"code-text-wpcd\" rel=\"nofollow\">OFF89<\/span>\n            <span class=\"get-code-wpcd\">\n        Show Code        <\/span>\n\n        <\/a>\n    <\/div>\n\n    <!-- Coupon Popup -->\n    <section id=\"wpcd_coupon_popup_17752\" class=\"wpcd_coupon_popup_wr\" style=\"display:none\">\n        <div class=\"wpcd_coupon_popup_layer\"><\/div>\n        <div class=\"wpcd_coupon_popup_inner\">\n            <div class=\"wpcd_coupon_popup_top_head\">\n                <p class=\"wpcd_coupon_popup_title\">\n\t\t\t\t\tM\u00e3 gi\u1ea3m gi\u00e1 Bulenox 89% TR\u1eccN \u0110\u1edcI &#8211; L\u1ef0A CH\u1eccN 1                <\/p>\n                <span class=\"wpcd_coupon_popup_close\">&times;<\/span>\n            <\/div>\n            <div class=\"wpcd_coupon_popup_copy_main\">\n                <div class=\"wpcd_coupon_popup_copy_text\">\n                    <p>Click on &#8216;Copy&#8217; to Copy the Coupon Code.<\/p>\n                <\/div>\n                <div class=\"wpcd_coupon_popup_copy_code_wr\">\n                    <span class=\"wpcd_coupon_popup_copy_code_span\">OFF89<\/span>\n                    <span class=\"wpcd_coupon_top_copy_span wpcd_coupon_top_copy_span_17752\"\n                          data-clipboard-text=\"OFF89\">Copy<\/span>\n                    <span id=\"coupon_code_17752\"\n                          style=\"display:none;\">OFF89<\/span>\n                <\/div>\n\t\t\t\t                <script type=\"text\/javascript\">\n                    window.addEventListener('DOMContentLoaded', function() {\n                        var clip = new ClipboardJS('.wpcd_coupon_top_copy_span_17752');\n                        clip.on(\"success\", function () {\n\n                            document.querySelector('.wpcd_coupon_top_copy_span_17752').innerText = 'Copied';\n                            setTimeout(function () {\n                                document.querySelector('.wpcd_coupon_top_copy_span_17752').innerText = 'Copy';\n                            }, 500);\n                        });\n                    });\n                <\/script>\n\t                                <a target=\"_self\" rel=\"nofollow noopener\" class=\"wpcd_popup-go-link\" href=\"http:\/\/www.bulenox.us\">\n\t\t\t            Go to Offer                    <\/a>\n\t                        <\/div>\n        <\/div>\n    <\/section>\n\n\n            <\/div>\n            <div id=\"clear\"><\/div>\n        <\/div>\n        <div id=\"clear\"><\/div>\n        <div class=\"wpcd-coupon-description\">\n            <span class=\"wpcd-full-description\"><p>Bulenox t\u1eb7ng b\u1ea1n m\u00e3 gi\u1ea3m gi\u00e1 89% TR\u1eccN \u0110\u1edcI cho c\u00e1c th\u1eed th\u00e1ch sau:<\/p>\r\n<ul>\r\n<li>(L\u1ef0A CH\u1eccN 1) $25,000 \/ T\u1ed1i \u0111a 3 t\u00e0i kho\u1ea3n h\u1ee3p \u0111\u1ed3ng<\/li>\r\n<li>(L\u1ef0A CH\u1eccN 1) $50,000 \/ T\u1ed1i \u0111a 7 t\u00e0i kho\u1ea3n h\u1ee3p \u0111\u1ed3ng<\/li>\r\n<li>(L\u1ef0A CH\u1eccN 1) $100,000 \/ T\u1ed1i \u0111a 12 t\u00e0i kho\u1ea3n h\u1ee3p \u0111\u1ed3ng<\/li>\r\n<li>(L\u1ef0A CH\u1eccN 1) $150,000 \/ T\u1ed1i \u0111a 15 t\u00e0i kho\u1ea3n h\u1ee3p \u0111\u1ed3ng<\/li>\r\n<li>(L\u1ef0A CH\u1eccN 1) $250,000 \/ T\u1ed1i \u0111a 25 t\u00e0i kho\u1ea3n h\u1ee3p \u0111\u1ed3ng<\/li>\r\n<\/ul><\/span>\n            <span class=\"wpcd-short-description\"><\/span>\n                            <a href=\"#\" class=\"wpcd-more-description\">More<\/a>\n                <a href=\"#\" class=\"wpcd-less-description\">Less<\/a>\n                    <\/div>\n    <\/div>\n    <script type=\"text\/javascript\">\n\t\twindow.addEventListener('DOMContentLoaded', function() {\n\t\t\tvar clip = new ClipboardJS('.wpcd-btn-17752');\n\t\t});\n    <\/script>\n    <div class=\"clearfix\"><\/div>\n    <\/div>\n\n<\/span><\/p>\n<p style=\"text-align: center;\"><\/p>\n<p style=\"text-align: center;\"><\/p>\n<p style=\"text-align: center;\"><\/p>\n<p style=\"text-align: center;\"><\/p>\n<p style=\"text-align: center;\">\n<div class=\"wpcd-coupon-two wpcd-coupon-id-12288\" >\n    <div class=\"wpcd-col-two-1-4\">\n        <figure>\n            <img decoding=\"async\" class=\"wpcd-coupon-two-img\" src=\"https:\/\/bulenox.codes\/wp-content\/uploads\/2025\/01\/LIFETIME45.png\" alt=\"Bulenox 45% M\u00e3 gi\u1ea3m gi\u00e1 tr\u1ecdn \u0111\u1eddi \/ Phi\u1ebfu gi\u1ea3m gi\u00e1\" title=\"\">        <\/figure>\n        <div class=\"wpcd-coupon-two-discount-text\">\n\t\t\t45% GI\u1ea2M GI\u00c1 TUY\u1ec2N CH\u1eccN 1 \/ 2        <\/div>\n    <\/div>\n    <div class=\"wpcd-col-two-3-4\">\n        <div class=\"wpcd-coupon-two-header\">\n            <div>\n            \t\t\t\t\t<h2 class=\"wpcd-coupon-title\">\n\t\t\t\t\t\t<a href=\"http:\/\/www.bulenox.us\" target=\"http:\/\/_self\" rel=\"nofollow noopener\">Bulenox 45% M\u00e3 gi\u1ea3m gi\u00e1 tr\u1ecdn \u0111\u1eddi \/ Phi\u1ebfu gi\u1ea3m gi\u00e1<\/a>\n                \t<\/h2>\n\t\t\t\t            <\/div>\n        <\/div>\n        <div class=\"wpcd-coupon-two-info\">\n            <div class=\"wpcd-coupon-two-title\">\n                                                            <span class=\"wpcd-coupon-two-countdown-text\">\n                            Expires on:                         <\/span>\n                        <span class=\"wpcd-coupon-two-countdown test\"\n                            data-countdown_coupon=\"04\/30\/2026 23:59\"\n                            id=\"clock_12288\"><\/span>\n                                                <\/div>\n            <div class=\"wpcd-coupon-two-coupon\">\n\t\t\t\t\n\n    <div class=\"coupon-code-wpcd coupon-detail wpcd-coupon-id-12288 wpcd-coupon-button-type\">\n        <a data-type=\"code\" data-coupon-id=\"12288\"\n           href=\"?wpcd_coupon=12288\" class=\"coupon-button coupon-code-wpcd masterTooltip\"\n           id=\"coupon-button-12288\" title=\"Click Here to Show Code\" data-position=\"top center\" data-inverted=\"\" data-aff-url=\"http:\/\/www.bulenox.us\"\n           onClick=\"return wpcd_openCouponAffLink(this,  '12288', 'wpcd_category' )\" target=\"_blank\">\n            <span class=\"code-text-wpcd\" rel=\"nofollow\">OFF45<\/span>\n            <span class=\"get-code-wpcd\">\n        Show Code        <\/span>\n\n        <\/a>\n    <\/div>\n\n    <!-- Coupon Popup -->\n    <section id=\"wpcd_coupon_popup_12288\" class=\"wpcd_coupon_popup_wr\" style=\"display:none\">\n        <div class=\"wpcd_coupon_popup_layer\"><\/div>\n        <div class=\"wpcd_coupon_popup_inner\">\n            <div class=\"wpcd_coupon_popup_top_head\">\n                <p class=\"wpcd_coupon_popup_title\">\n\t\t\t\t\tBulenox 45% M\u00e3 gi\u1ea3m gi\u00e1 tr\u1ecdn \u0111\u1eddi \/ Phi\u1ebfu gi\u1ea3m gi\u00e1                <\/p>\n                <span class=\"wpcd_coupon_popup_close\">&times;<\/span>\n            <\/div>\n            <div class=\"wpcd_coupon_popup_copy_main\">\n                <div class=\"wpcd_coupon_popup_copy_text\">\n                    <p>Click on &#8216;Copy&#8217; to Copy the Coupon Code.<\/p>\n                <\/div>\n                <div class=\"wpcd_coupon_popup_copy_code_wr\">\n                    <span class=\"wpcd_coupon_popup_copy_code_span\">OFF45<\/span>\n                    <span class=\"wpcd_coupon_top_copy_span wpcd_coupon_top_copy_span_12288\"\n                          data-clipboard-text=\"OFF45\">Copy<\/span>\n                    <span id=\"coupon_code_12288\"\n                          style=\"display:none;\">OFF45<\/span>\n                <\/div>\n\t\t\t\t                <script type=\"text\/javascript\">\n                    window.addEventListener('DOMContentLoaded', function() {\n                        var clip = new ClipboardJS('.wpcd_coupon_top_copy_span_12288');\n                        clip.on(\"success\", function () {\n\n                            document.querySelector('.wpcd_coupon_top_copy_span_12288').innerText = 'Copied';\n                            setTimeout(function () {\n                                document.querySelector('.wpcd_coupon_top_copy_span_12288').innerText = 'Copy';\n                            }, 500);\n                        });\n                    });\n                <\/script>\n\t                                <a target=\"_self\" rel=\"nofollow noopener\" class=\"wpcd_popup-go-link\" href=\"http:\/\/www.bulenox.us\">\n\t\t\t            Go to Offer                    <\/a>\n\t                        <\/div>\n        <\/div>\n    <\/section>\n\n\n            <\/div>\n            <div id=\"clear\"><\/div>\n        <\/div>\n        <div id=\"clear\"><\/div>\n        <div class=\"wpcd-coupon-description\">\n            <span class=\"wpcd-full-description\"><p>Bulenox cung c\u1ea5p cho b\u1ea1n m\u00e3 gi\u1ea3m gi\u00e1 45% TR\u1eccN \u0110\u1edcI cho c\u00e1c th\u00e1ch th\u1ee9c sau:<\/p>\r\n<ul>\r\n<li>(TUY\u1ec2N CH\u1eccN 1) $25,000 \/ T\u1ed1i \u0111a 3 t\u00e0i kho\u1ea3n h\u1ee3p \u0111\u1ed3ng<\/li>\r\n<li>(T\u00f9y ch\u1ecdn 1) $50,000 \/ T\u1ed1i \u0111a 7 t\u00e0i kho\u1ea3n h\u1ee3p \u0111\u1ed3ng<\/li>\r\n<li>(T\u00f9y ch\u1ecdn 1) $100,000 \/ T\u1ed1i \u0111a 12 t\u00e0i kho\u1ea3n h\u1ee3p \u0111\u1ed3ng<\/li>\r\n<li>(T\u00f9y ch\u1ecdn 1) $150,000 \/ T\u1ed1i \u0111a 15 t\u00e0i kho\u1ea3n h\u1ee3p \u0111\u1ed3ng<\/li>\r\n<li>(T\u00f9y ch\u1ecdn 1) $250,000 \/ T\u1ed1i \u0111a 25 t\u00e0i kho\u1ea3n h\u1ee3p \u0111\u1ed3ng<\/li>\r\n<li>(T\u00d9Y CH\u1eccN 2) EOD\/Scaling\/DLL $25.000 \/ T\u1ed1i \u0111a 3 t\u00e0i kho\u1ea3n h\u1ee3p \u0111\u1ed3ng<\/li>\r\n<li>(T\u00d9Y CH\u1eccN 2) EOD\/Scaling\/DLL $50.000 \/ T\u1ed1i \u0111a 7 t\u00e0i kho\u1ea3n h\u1ee3p \u0111\u1ed3ng<\/li>\r\n<li>(T\u00d9Y CH\u1eccN 2) EOD\/Scaling\/DLL $100.000 \/ T\u1ed1i \u0111a 12 h\u1ee3p \u0111\u1ed3ng<\/li>\r\n<li>(T\u00d9Y CH\u1eccN 2) EOD\/Scaling $150.000 \/ T\u1ed1i \u0111a 15 h\u1ee3p \u0111\u1ed3ng<\/li>\r\n<li>EOD\/Scaling $250.000 \/ T\u1ed1i \u0111a 25 h\u1ee3p \u0111\u1ed3ng<\/li>\r\n<\/ul><\/span>\n            <span class=\"wpcd-short-description\"><\/span>\n                            <a href=\"#\" class=\"wpcd-more-description\">More<\/a>\n                <a href=\"#\" class=\"wpcd-less-description\">Less<\/a>\n                    <\/div>\n    <\/div>\n    <script type=\"text\/javascript\">\n\t\twindow.addEventListener('DOMContentLoaded', function() {\n\t\t\tvar clip = new ClipboardJS('.wpcd-btn-12288');\n\t\t});\n    <\/script>\n    <div class=\"clearfix\"><\/div>\n    <\/div>\n\n<\/p>\n<p style=\"text-align: center;\"><\/p>\n<p style=\"text-align: center;\"><\/p>\n<p style=\"text-align: center;\"><\/p>\t\t\t\t\t\t\t\t<\/div>\n\t\t\t\t\t<\/div>\n\t\t\t\t<\/div>\n\t\t<div class=\"elementor-element elementor-element-e046a4e e-grid e-con-boxed e-con e-parent\" data-id=\"e046a4e\" data-element_type=\"container\" data-e-type=\"container\" data-settings=\"{&quot;background_background&quot;:&quot;classic&quot;}\">\n\t\t\t\t\t<div class=\"e-con-inner\">\n\t\t\t\t<div class=\"elementor-element elementor-element-b94a630 elementor-widget elementor-widget-heading\" data-id=\"b94a630\" data-element_type=\"widget\" data-e-type=\"widget\" data-settings=\"{&quot;ekit_we_effect_on&quot;:&quot;none&quot;}\" data-widget_type=\"heading.default\">\n\t\t\t\t\t<h2 class=\"elementor-heading-title elementor-size-default\">\u0110\u1eebng bao gi\u1edd b\u1ecf l\u1ee1 b\u1ea5t k\u1ef3 m\u00e3 gi\u1ea3m gi\u00e1 Bulenox n\u00e0o n\u1eefa!\n\u0110\u0103ng k\u00fd nh\u1eadn b\u1ea3n tin mi\u1ec5n ph\u00ed c\u1ee7a ch\u00fang t\u00f4i ngay h\u00f4m nay!<\/h2>\t\t\t\t<\/div>\n\t\t\t\t<div class=\"elementor-element elementor-element-bde6899 elementor-widget elementor-widget-text-editor\" data-id=\"bde6899\" data-element_type=\"widget\" data-e-type=\"widget\" data-settings=\"{&quot;ekit_we_effect_on&quot;:&quot;none&quot;}\" data-widget_type=\"text-editor.default\">\n\t\t\t\t\t\t\t\t\t<div class=\"tnp tnp-subscription-minimal  \"><form action=\"https:\/\/bulenox.codes\/wp-admin\/admin-ajax.php?action=tnp&amp;na=s\" method=\"post\" style=\"text-align: center\"><input type=\"hidden\" name=\"nr\" value=\"minimal\">\n<input type=\"hidden\" name=\"nlang\" value=\"vi\">\n<input class=\"tnp-email\" type=\"email\" required name=\"ne\" value=\"\" placeholder=\"Email\"><input class=\"tnp-submit\" type=\"submit\" value=\"\u0110\u0103ng k\u00fd\" style=\"\">\n<div class=\"tnp-field tnp-privacy-field\"><label><input type=\"checkbox\" name=\"ny\" required class=\"tnp-privacy\"> <a target=\"_blank\" href=\"https:\/\/bulenox.codes\/privacy-policy\/\">T\u00f4i ch\u1ea5p nh\u1eadn ch\u00ednh s\u00e1ch b\u1ea3o m\u1eadt<\/a><\/label><\/div><\/form><\/div>\n\t\t\t\t\t\t\t\t<\/div>\n\t\t\t\t\t<\/div>\n\t\t\t\t<\/div>\n\t\t<div class=\"elementor-element elementor-element-d30de9e e-flex e-con-boxed e-con e-parent\" data-id=\"d30de9e\" data-element_type=\"container\" data-e-type=\"container\">\n\t\t\t\t\t<div class=\"e-con-inner\">\n\t\t\t\t<div class=\"elementor-element elementor-element-3ccf68db elementor-widget elementor-widget-text-editor\" data-id=\"3ccf68db\" data-element_type=\"widget\" data-e-type=\"widget\" data-settings=\"{&quot;ekit_we_effect_on&quot;:&quot;none&quot;}\" data-widget_type=\"text-editor.default\">\n\t\t\t\t\t\t\t\t\t<p style=\"text-align: center;\"><strong>M\u1eb9o:<\/strong> \u0110\u0103ng k\u00fd nh\u1eadn b\u1ea3n tin \u0111\u1ec3 b\u1ea1n kh\u00f4ng b\u1ecf l\u1ee1 b\u1ea5t k\u1ef3 phi\u1ebfu gi\u1ea3m gi\u00e1 v\u00e0 \u01b0u \u0111\u00e3i \u0111\u1eb7c bi\u1ec7t n\u00e0o trong t\u01b0\u01a1ng lai t\u1ea1i <a href=\"http:\/\/bulenox.us\" target=\"_blank\" rel=\"noreferrer noopener\">Bulenox<\/a> .<\/p>\t\t\t\t\t\t\t\t<\/div>\n\t\t\t\t\t<\/div>\n\t\t\t\t<\/div>\n\t\t\t\t<\/div>\n\t\t\n    <div class=\"xs_social_share_widget xs_share_url after_content \t\tmain_content  wslu-style-1 wslu-share-box-shaped wslu-fill-colored wslu-none wslu-share-horizontal wslu-theme-font-no wslu-main_content\">\n\n\t\t\n        <ul>\n\t\t\t        <\/ul>\n    <\/div> \n","protected":false},"excerpt":{"rendered":"<p>M\u00e3 gi\u1ea3m gi\u00e1\/M\u00e3 khuy\u1ebfn m\u00e3i Bulenox N\u1ebfu b\u1ea1n mua s\u1eafm t\u1ea1i Bulenox v\u00e0 \u0111ang t\u00ecm ki\u1ebfm nh\u1eefng m\u1ee9c gi\u1ea3m gi\u00e1 l\u1edbn, b\u1ea1n n\u00ean th\u01b0\u1eddng xuy\u00ean ki\u1ec3m tra m\u00e3 gi\u1ea3m gi\u00e1 m\u1edbi nh\u1ea5t. V\u1edbi nh\u1eefng phi\u1ebfu gi\u1ea3m gi\u00e1 n\u00e0y, b\u1ea1n c\u00f3 th\u1ec3 \u0111\u01b0\u1ee3c h\u01b0\u1edfng m\u1ee9c gi\u1ea3m gi\u00e1 h\u1ea5p d\u1eabn khi thanh to\u00e1n v\u00e0 \u0111\u1eb7t mua s\u1ea3n [&hellip;]<\/p>\n","protected":false},"author":1,"featured_media":0,"parent":0,"menu_order":0,"comment_status":"closed","ping_status":"closed","template":"","meta":{"_angie_page":false,"postBodyCss":"","postBodyMargin":[],"postBodyPadding":[],"postBodyBackground":{"backgroundType":"classic","gradient":""},"enableOnePageScrollInPage":false,"onePageScrollCss":"","onePageScrollSpeed":1000,"onePageScrollAnimation":"easeInOutQuad","onePageScrollShowDotNavigation":true,"onePageScrollNavigation":"scaleUp","onePageScrollNavigationPosition":"right","onePageScrollNavigationHorizontal":[],"onePageScrollNavigationVertical":[],"onePageScrollNavigationSpacing":[],"onePageScrollNavigationColor":"#00ff0d","onePageScrollNavigationColorHover":"#00ff0d","onePageScrollNavigationColorActive":"#00ff0d","onePageScrollNavigationIcon":[],"onePageScrollNavigationWidth":[],"onePageScrollNavigationWidthHover":[],"onePageScrollNavigationWidthActive":[],"onePageScrollNavigationHeight":[],"onePageScrollNavigationHeightHover":[],"onePageScrollNavigationHeightActive":[],"onePageScrollNavigationBorder":[],"onePageScrollNavigationBorderHover":[],"onePageScrollNavigationBorderActive":[],"onePageScrollNavigationBorderRadius":[],"onePageScrollNavigationBorderRadiusHover":[],"onePageScrollNavigationBorderRadiusActive":[],"onePageScrollNavigationTooltipTypography":[],"onePageScrollNavigationTooltipColor":"#ffffff","onePageScrollNavigationTooltipColorHover":"","onePageScrollNavigationTooltipBgColor":"#00ff0d","onePageScrollNavigationTooltipBgColorHover":"","onePageScrollNavigationTooltipPadding":[],"onePageScrollNavigationTooltipPaddingHover":[],"onePageScrollNavigationTooltipBorderRadius":[],"onePageScrollNavigationTooltipBorderRadiusHover":[],"pageSettingsCustomCss":"","footnotes":""},"class_list":["post-12114","page","type-page","status-publish","hentry"],"_links":{"self":[{"href":"https:\/\/bulenox.codes\/vi\/wp-json\/wp\/v2\/pages\/12114","targetHints":{"allow":["GET"]}}],"collection":[{"href":"https:\/\/bulenox.codes\/vi\/wp-json\/wp\/v2\/pages"}],"about":[{"href":"https:\/\/bulenox.codes\/vi\/wp-json\/wp\/v2\/types\/page"}],"author":[{"embeddable":true,"href":"https:\/\/bulenox.codes\/vi\/wp-json\/wp\/v2\/users\/1"}],"replies":[{"embeddable":true,"href":"https:\/\/bulenox.codes\/vi\/wp-json\/wp\/v2\/comments?post=12114"}],"version-history":[{"count":0,"href":"https:\/\/bulenox.codes\/vi\/wp-json\/wp\/v2\/pages\/12114\/revisions"}],"wp:attachment":[{"href":"https:\/\/bulenox.codes\/vi\/wp-json\/wp\/v2\/media?parent=12114"}],"curies":[{"name":"wp","href":"https:\/\/api.w.org\/{rel}","templated":true}]}}