{"id":6862,"date":"2025-01-15T12:33:57","date_gmt":"2025-01-15T18:33:57","guid":{"rendered":"https:\/\/bulenox.codes\/quantvps\/"},"modified":"2025-01-22T10:19:38","modified_gmt":"2025-01-22T16:19:38","slug":"quantvps","status":"publish","type":"page","link":"https:\/\/bulenox.codes\/tr\/quantvps\/","title":{"rendered":"QuantVPS"},"content":{"rendered":"\r\n<h2 class=\"wp-block-heading has-primary-color has-text-color has-link-color has-x-large-font-size wp-elements-58861e44241d066d4fcd2fc0084d1e9b\">&#8220;QuantVPS: Profesyonel T\u00fcccarlar i\u00e7in Nihai D\u00fc\u015f\u00fck Gecikmeli \u00c7\u00f6z\u00fcm&#8221;<\/h2>\r\n\r\n\r\n\r\n<div class=\"wp-block-columns is-layout-flex wp-container-core-columns-is-layout-28f84493 wp-block-columns-is-layout-flex\">\r\n<div class=\"wp-block-column is-layout-flow wp-block-column-is-layout-flow\">\r\n<div class=\"wp-block-media-text is-stacked-on-mobile is-vertically-aligned-top\">\r\n<figure class=\"wp-block-media-text__media\"><a href=\"http:\/\/quantvps.de\" target=\"_blank\" rel=\"noreferrer noopener\"><img decoding=\"async\" width=\"800\" height=\"401\" class=\"wp-image-6590 size-full\" src=\"https:\/\/bulenox.codes\/wp-content\/uploads\/2025\/01\/1705432402592.jpeg\" alt=\"\" title=\"\" srcset=\"https:\/\/bulenox.codes\/wp-content\/uploads\/2025\/01\/1705432402592.jpeg 800w, https:\/\/bulenox.codes\/wp-content\/uploads\/2025\/01\/1705432402592-300x150.jpeg 300w, https:\/\/bulenox.codes\/wp-content\/uploads\/2025\/01\/1705432402592-768x385.jpeg 768w\" sizes=\"(max-width: 800px) 100vw, 800px\" \/><\/a><\/figure>\r\n<div class=\"wp-block-media-text__content\">\r\n<p class=\"has-medium-font-size\"><a href=\"http:\/\/quantvps.de\/\" target=\"_blank\" rel=\"noreferrer noopener\">QuantVPS<\/a>, h\u0131zl\u0131, g\u00fcvenilir ve d\u00fc\u015f\u00fck gecikmeli sunuculara g\u00fcvenen t\u00fcccarlar ve finans profesyonelleri i\u00e7in ideal se\u00e7imdir. Milisaniyelerin kar veya zarar\u0131 belirleyebildi\u011fi h\u0131zl\u0131 tempolu ticaret d\u00fcnyas\u0131nda <a href=\"http:\/\/quantvps.de\/\" target=\"_blank\" rel=\"noreferrer noopener\">QuantVPS<\/a>, sekt\u00f6r\u00fcn zorlu ihtiya\u00e7lar\u0131n\u0131 kar\u015f\u0131lamak i\u00e7in \u00f6zel olarak tasarlanm\u0131\u015f sa\u011flam bir altyap\u0131 sa\u011flar.<\/p>\r\n\r\n\r\n\r\n<p class=\"has-medium-font-size\"><a href=\"http:\/\/quantvps.de\/\" target=\"_blank\" rel=\"noreferrer noopener\">QuantVPS<\/a>&#8216;nin \u00f6ne \u00e7\u0131kan \u00f6zelliklerinden biri, ultra d\u00fc\u015f\u00fck gecikme s\u00fcresidir. B\u00fcy\u00fck finans piyasalar\u0131n\u0131n yak\u0131n\u0131nda stratejik olarak konumland\u0131r\u0131lm\u0131\u015f son teknoloji veri merkezleriyle <a href=\"http:\/\/quantvps.de\/\" target=\"_blank\" rel=\"noreferrer noopener\">QuantVPS<\/a>, borsalara ve ticaret platformlar\u0131na y\u0131ld\u0131r\u0131m h\u0131z\u0131nda ba\u011flant\u0131lar sa\u011flar. Bu, an\u0131nda sipari\u015f y\u00fcr\u00fctme sa\u011flar &#8211; g\u00fcnl\u00fck t\u00fcccarlar, algo t\u00fcccarlar\u0131 ve otomatik ticaret stratejileri kullanan herkes i\u00e7in kritik bir avantaj.<\/p>\r\n\r\n\r\n\r\n<p class=\"has-medium-font-size\"><a href=\"http:\/\/quantvps.de\/\" target=\"_blank\" rel=\"noreferrer noopener\">QuantVPS<\/a>&#8216;nin VPS \u00e7\u00f6z\u00fcmleri, y\u00fcksek piyasa oynakl\u0131\u011f\u0131 d\u00f6nemlerinde bile maksimum kararl\u0131l\u0131k ve performans i\u00e7in tasarlanm\u0131\u015ft\u0131r. Y\u00fcksek performansl\u0131 SSD s\u00fcr\u00fcc\u00fcler ve \u00f6zel kaynaklarla g\u00fc\u00e7lendirilen kullan\u0131c\u0131lar, kesinti veya gecikme olmaks\u0131z\u0131n s\u00fcrekli y\u00fcksek h\u0131zlardan ve g\u00fcvenilir i\u015flemlerden yararlan\u0131r.<\/p>\r\n\r\n\r\n\r\n<p class=\"has-medium-font-size\">Bir di\u011fer \u00f6nemli avantaj, ister PC, ister tablet veya ak\u0131ll\u0131 telefon olsun, herhangi bir cihazdan eri\u015filebilen sunucular\u0131n 7\/24 kullan\u0131labilirli\u011fidir. Yat\u0131r\u0131mc\u0131lar, tam k\u00f6k eri\u015fiminin ve g\u00fcvenli, yal\u0131t\u0131lm\u0131\u015f bir ortam\u0131n keyfini \u00e7\u0131kar\u0131rken stratejilerini istedikleri zaman izleyebilir ve ayarlayabilir. Bu esneklik ve kontrol kombinasyonu, <a href=\"http:\/\/quantvps.de\/\" target=\"_blank\" rel=\"noreferrer noopener\">QuantVPS<\/a> &#8216;yi zorlu kullan\u0131c\u0131lar i\u00e7in \u00fcst d\u00fczey bir \u00e7\u00f6z\u00fcm haline getirir.<\/p>\r\n\r\n\r\n\r\n<p class=\"has-medium-font-size\"><a href=\"http:\/\/quantvps.de\/\" target=\"_blank\" rel=\"noreferrer noopener\">QuantVPS<\/a> ayr\u0131ca \u00f6l\u00e7eklenebilirlik sunarak ticaret hacimlerine g\u00f6re sunucu kapasitelerinde sorunsuz ayarlamalar yap\u0131lmas\u0131n\u0131 sa\u011flar. Ek olarak, m\u00fckemmel m\u00fc\u015fteri destek ekibi, teknik sorular veya \u00f6zelle\u015ftirilmi\u015f yap\u0131land\u0131rmalar konusunda yard\u0131mc\u0131 olmak i\u00e7in her zaman haz\u0131rd\u0131r.<\/p>\r\n\r\n\r\n\r\n<p class=\"has-medium-font-size\">H\u0131z, g\u00fcvenlik ve g\u00fcvenilirli\u011fe \u00f6ncelik veren t\u00fcccarlar i\u00e7in <a href=\"http:\/\/quantvps.de\/\" target=\"_blank\" rel=\"noreferrer noopener\">QuantVPS<\/a>, ticaret stratejilerini verimli ve ba\u015far\u0131l\u0131 bir \u015fekilde y\u00fcr\u00fctmek i\u00e7in m\u00fckemmel bir platformdur.<\/p>\r\n\r\n\r\n<\/div>\r\n<\/div>\r\n<\/div>\r\n<\/div>\r\n\n    <div class=\"xs_social_share_widget xs_share_url after_content \t\tmain_content  wslu-style-1 wslu-share-box-shaped wslu-fill-colored wslu-none wslu-share-horizontal wslu-theme-font-no wslu-main_content\">\n\n\t\t\n        <ul>\n\t\t\t        <\/ul>\n    <\/div> \n","protected":false},"excerpt":{"rendered":"<p>&#8220;QuantVPS: Profesyonel T\u00fcccarlar i\u00e7in Nihai D\u00fc\u015f\u00fck Gecikmeli \u00c7\u00f6z\u00fcm&#8221; QuantVPS, h\u0131zl\u0131, g\u00fcvenilir ve d\u00fc\u015f\u00fck gecikmeli sunuculara g\u00fcvenen t\u00fcccarlar ve finans profesyonelleri i\u00e7in ideal se\u00e7imdir. Milisaniyelerin kar veya zarar\u0131 belirleyebildi\u011fi h\u0131zl\u0131 tempolu ticaret d\u00fcnyas\u0131nda QuantVPS, sekt\u00f6r\u00fcn zorlu ihtiya\u00e7lar\u0131n\u0131 kar\u015f\u0131lamak i\u00e7in \u00f6zel olarak tasarlanm\u0131\u015f sa\u011flam bir altyap\u0131 sa\u011flar. QuantVPS&#8216;nin \u00f6ne \u00e7\u0131kan \u00f6zelliklerinden biri, ultra d\u00fc\u015f\u00fck gecikme s\u00fcresidir. B\u00fcy\u00fck [&hellip;]<\/p>\n","protected":false},"author":1,"featured_media":0,"parent":0,"menu_order":0,"comment_status":"closed","ping_status":"closed","template":"","meta":{"_angie_page":false,"postBodyCss":"","postBodyMargin":[],"postBodyPadding":[],"postBodyBackground":{"backgroundType":"classic","gradient":""},"enableOnePageScrollInPage":false,"onePageScrollCss":"","onePageScrollSpeed":1000,"onePageScrollAnimation":"easeInOutQuad","onePageScrollShowDotNavigation":true,"onePageScrollNavigation":"scaleUp","onePageScrollNavigationPosition":"right","onePageScrollNavigationHorizontal":[],"onePageScrollNavigationVertical":[],"onePageScrollNavigationSpacing":[],"onePageScrollNavigationColor":"#00ff0d","onePageScrollNavigationColorHover":"#00ff0d","onePageScrollNavigationColorActive":"#00ff0d","onePageScrollNavigationIcon":[],"onePageScrollNavigationWidth":[],"onePageScrollNavigationWidthHover":[],"onePageScrollNavigationWidthActive":[],"onePageScrollNavigationHeight":[],"onePageScrollNavigationHeightHover":[],"onePageScrollNavigationHeightActive":[],"onePageScrollNavigationBorder":[],"onePageScrollNavigationBorderHover":[],"onePageScrollNavigationBorderActive":[],"onePageScrollNavigationBorderRadius":[],"onePageScrollNavigationBorderRadiusHover":[],"onePageScrollNavigationBorderRadiusActive":[],"onePageScrollNavigationTooltipTypography":[],"onePageScrollNavigationTooltipColor":"#ffffff","onePageScrollNavigationTooltipColorHover":"","onePageScrollNavigationTooltipBgColor":"#00ff0d","onePageScrollNavigationTooltipBgColorHover":"","onePageScrollNavigationTooltipPadding":[],"onePageScrollNavigationTooltipPaddingHover":[],"onePageScrollNavigationTooltipBorderRadius":[],"onePageScrollNavigationTooltipBorderRadiusHover":[],"pageSettingsCustomCss":"","footnotes":""},"class_list":["post-6862","page","type-page","status-publish","hentry"],"_links":{"self":[{"href":"https:\/\/bulenox.codes\/tr\/wp-json\/wp\/v2\/pages\/6862","targetHints":{"allow":["GET"]}}],"collection":[{"href":"https:\/\/bulenox.codes\/tr\/wp-json\/wp\/v2\/pages"}],"about":[{"href":"https:\/\/bulenox.codes\/tr\/wp-json\/wp\/v2\/types\/page"}],"author":[{"embeddable":true,"href":"https:\/\/bulenox.codes\/tr\/wp-json\/wp\/v2\/users\/1"}],"replies":[{"embeddable":true,"href":"https:\/\/bulenox.codes\/tr\/wp-json\/wp\/v2\/comments?post=6862"}],"version-history":[{"count":0,"href":"https:\/\/bulenox.codes\/tr\/wp-json\/wp\/v2\/pages\/6862\/revisions"}],"wp:attachment":[{"href":"https:\/\/bulenox.codes\/tr\/wp-json\/wp\/v2\/media?parent=6862"}],"curies":[{"name":"wp","href":"https:\/\/api.w.org\/{rel}","templated":true}]}}