{"id":6907,"date":"2025-01-15T12:33:57","date_gmt":"2025-01-15T18:33:57","guid":{"rendered":"https:\/\/bulenox.codes\/quantvps\/"},"modified":"2025-01-22T10:18:47","modified_gmt":"2025-01-22T16:18:47","slug":"quantvps","status":"publish","type":"page","link":"https:\/\/bulenox.codes\/sv\/quantvps\/","title":{"rendered":"QuantVPS"},"content":{"rendered":"\r\n<h2 class=\"wp-block-heading has-primary-color has-text-color has-link-color has-x-large-font-size wp-elements-aebe174aacf44fe5985ad330943046aa\">&#8221;QuantVPS: Den ultimata l\u00f6sningen med l\u00e5g latens f\u00f6r professionella handlare&#8221;<\/h2>\r\n\r\n\r\n\r\n<div class=\"wp-block-columns is-layout-flex wp-container-core-columns-is-layout-28f84493 wp-block-columns-is-layout-flex\">\r\n<div class=\"wp-block-column is-layout-flow wp-block-column-is-layout-flow\">\r\n<div class=\"wp-block-media-text is-stacked-on-mobile is-vertically-aligned-top\">\r\n<figure class=\"wp-block-media-text__media\"><a href=\"http:\/\/quantvps.de\" target=\"_blank\" rel=\"noreferrer noopener\"><img fetchpriority=\"high\" decoding=\"async\" width=\"800\" height=\"401\" class=\"wp-image-6590 size-full\" src=\"https:\/\/bulenox.codes\/wp-content\/uploads\/2025\/01\/1705432402592.jpeg\" alt=\"\" title=\"\" srcset=\"https:\/\/bulenox.codes\/wp-content\/uploads\/2025\/01\/1705432402592.jpeg 800w, https:\/\/bulenox.codes\/wp-content\/uploads\/2025\/01\/1705432402592-300x150.jpeg 300w, https:\/\/bulenox.codes\/wp-content\/uploads\/2025\/01\/1705432402592-768x385.jpeg 768w\" sizes=\"(max-width: 800px) 100vw, 800px\" \/><\/a><\/figure>\r\n<div class=\"wp-block-media-text__content\">\r\n<p class=\"has-medium-font-size\"><a href=\"http:\/\/quantvps.de\/\" target=\"_blank\" rel=\"noreferrer noopener\">QuantVPS<\/a> \u00e4r det perfekta valet f\u00f6r handlare och finansproffs som \u00e4r beroende av snabba och tillf\u00f6rlitliga servrar med l\u00e5g latens. I den snabba handelsv\u00e4rlden, d\u00e4r millisekunder kan avg\u00f6ra vinst eller f\u00f6rlust, tillhandah\u00e5ller <a href=\"http:\/\/quantvps.de\/\" target=\"_blank\" rel=\"noreferrer noopener\">QuantVPS<\/a> en robust infrastruktur som \u00e4r skr\u00e4ddarsydd f\u00f6r att uppfylla branschens kr\u00e4vande behov.<\/p>\r\n\r\n\r\n\r\n<p class=\"has-medium-font-size\">En av <a href=\"http:\/\/quantvps.de\/\" target=\"_blank\" rel=\"noreferrer noopener\">QuantVPS<\/a>utm\u00e4rkande egenskaper \u00e4r dess ultral\u00e5ga latens. Med toppmoderna datacenter strategiskt bel\u00e4gna n\u00e4ra stora finansmarknader levererar <a href=\"http:\/\/quantvps.de\/\" target=\"_blank\" rel=\"noreferrer noopener\">QuantVPS<\/a> blixtsnabba anslutningar till b\u00f6rser och handelsplattformar. Detta s\u00e4kerst\u00e4ller omedelbar orderutf\u00f6rande &#8211; en kritisk f\u00f6rdel f\u00f6r daytraders, algo-traders och alla som anv\u00e4nder automatiserade handelsstrategier.<\/p>\r\n\r\n\r\n\r\n<p class=\"has-medium-font-size\"><a href=\"http:\/\/quantvps.de\/\" target=\"_blank\" rel=\"noreferrer noopener\">QuantVPS<\/a>VPS-l\u00f6sningar \u00e4r utformade f\u00f6r maximal stabilitet och prestanda, \u00e4ven under perioder med h\u00f6g marknadsvolatilitet. Med hj\u00e4lp av h\u00f6gpresterande SSD-enheter och dedikerade resurser f\u00e5r anv\u00e4ndarna konsekvent h\u00f6ga hastigheter och tillf\u00f6rlitlig drift utan avbrott eller f\u00f6rseningar.<\/p>\r\n\r\n\r\n\r\n<p class=\"has-medium-font-size\">En annan viktig f\u00f6rdel \u00e4r att servrarna \u00e4r tillg\u00e4ngliga dygnet runt och kan n\u00e5s fr\u00e5n vilken enhet som helst &#8211; oavsett om det \u00e4r en dator, surfplatta eller smartphone. Traders kan \u00f6vervaka och justera sina strategier n\u00e4r som helst samtidigt som de har full root-\u00e5tkomst och en s\u00e4ker, isolerad milj\u00f6. Denna kombination av flexibilitet och kontroll g\u00f6r <a href=\"http:\/\/quantvps.de\/\" target=\"_blank\" rel=\"noreferrer noopener\">QuantVPS<\/a> till en f\u00f6rstklassig l\u00f6sning f\u00f6r kr\u00e4vande anv\u00e4ndare.<\/p>\r\n\r\n\r\n\r\n<p class=\"has-medium-font-size\"><a href=\"http:\/\/quantvps.de\/\" target=\"_blank\" rel=\"noreferrer noopener\">QuantVPS<\/a> erbjuder ocks\u00e5 skalbarhet, vilket m\u00f6jligg\u00f6r s\u00f6ml\u00f6sa justeringar av serverkapaciteten baserat p\u00e5 handelsvolymer. Dessutom \u00e4r deras utm\u00e4rkta kundsupportteam alltid tillg\u00e4ngligt f\u00f6r att hj\u00e4lpa till med tekniska f\u00f6rfr\u00e5gningar eller anpassade konfigurationer.<\/p>\r\n\r\n\r\n\r\n<p class=\"has-medium-font-size\">F\u00f6r handlare som prioriterar hastighet, s\u00e4kerhet och tillf\u00f6rlitlighet \u00e4r <a href=\"http:\/\/quantvps.de\/\" target=\"_blank\" rel=\"noreferrer noopener\">QuantVPS<\/a> den perfekta plattformen f\u00f6r att genomf\u00f6ra handelsstrategier p\u00e5 ett effektivt och framg\u00e5ngsrikt s\u00e4tt.<\/p>\r\n\r\n\r\n<\/div>\r\n<\/div>\r\n<\/div>\r\n<\/div>\r\n\n    <div class=\"xs_social_share_widget xs_share_url after_content \t\tmain_content  wslu-style-1 wslu-share-box-shaped wslu-fill-colored wslu-none wslu-share-horizontal wslu-theme-font-no wslu-main_content\">\n\n\t\t\n        <ul>\n\t\t\t        <\/ul>\n    <\/div> \n","protected":false},"excerpt":{"rendered":"<p>&#8221;QuantVPS: Den ultimata l\u00f6sningen med l\u00e5g latens f\u00f6r professionella handlare&#8221; QuantVPS \u00e4r det perfekta valet f\u00f6r handlare och finansproffs som \u00e4r beroende av snabba och tillf\u00f6rlitliga servrar med l\u00e5g latens. I den snabba handelsv\u00e4rlden, d\u00e4r millisekunder kan avg\u00f6ra vinst eller f\u00f6rlust, tillhandah\u00e5ller QuantVPS en robust infrastruktur som \u00e4r skr\u00e4ddarsydd f\u00f6r att uppfylla branschens kr\u00e4vande behov. [&hellip;]<\/p>\n","protected":false},"author":1,"featured_media":0,"parent":0,"menu_order":0,"comment_status":"closed","ping_status":"closed","template":"","meta":{"_angie_page":false,"postBodyCss":"","postBodyMargin":[],"postBodyPadding":[],"postBodyBackground":{"backgroundType":"classic","gradient":""},"enableOnePageScrollInPage":false,"onePageScrollCss":"","onePageScrollSpeed":1000,"onePageScrollAnimation":"easeInOutQuad","onePageScrollShowDotNavigation":true,"onePageScrollNavigation":"scaleUp","onePageScrollNavigationPosition":"right","onePageScrollNavigationHorizontal":[],"onePageScrollNavigationVertical":[],"onePageScrollNavigationSpacing":[],"onePageScrollNavigationColor":"#00ff0d","onePageScrollNavigationColorHover":"#00ff0d","onePageScrollNavigationColorActive":"#00ff0d","onePageScrollNavigationIcon":[],"onePageScrollNavigationWidth":[],"onePageScrollNavigationWidthHover":[],"onePageScrollNavigationWidthActive":[],"onePageScrollNavigationHeight":[],"onePageScrollNavigationHeightHover":[],"onePageScrollNavigationHeightActive":[],"onePageScrollNavigationBorder":[],"onePageScrollNavigationBorderHover":[],"onePageScrollNavigationBorderActive":[],"onePageScrollNavigationBorderRadius":[],"onePageScrollNavigationBorderRadiusHover":[],"onePageScrollNavigationBorderRadiusActive":[],"onePageScrollNavigationTooltipTypography":[],"onePageScrollNavigationTooltipColor":"#ffffff","onePageScrollNavigationTooltipColorHover":"","onePageScrollNavigationTooltipBgColor":"#00ff0d","onePageScrollNavigationTooltipBgColorHover":"","onePageScrollNavigationTooltipPadding":[],"onePageScrollNavigationTooltipPaddingHover":[],"onePageScrollNavigationTooltipBorderRadius":[],"onePageScrollNavigationTooltipBorderRadiusHover":[],"pageSettingsCustomCss":"","footnotes":""},"class_list":["post-6907","page","type-page","status-publish","hentry"],"_links":{"self":[{"href":"https:\/\/bulenox.codes\/sv\/wp-json\/wp\/v2\/pages\/6907","targetHints":{"allow":["GET"]}}],"collection":[{"href":"https:\/\/bulenox.codes\/sv\/wp-json\/wp\/v2\/pages"}],"about":[{"href":"https:\/\/bulenox.codes\/sv\/wp-json\/wp\/v2\/types\/page"}],"author":[{"embeddable":true,"href":"https:\/\/bulenox.codes\/sv\/wp-json\/wp\/v2\/users\/1"}],"replies":[{"embeddable":true,"href":"https:\/\/bulenox.codes\/sv\/wp-json\/wp\/v2\/comments?post=6907"}],"version-history":[{"count":0,"href":"https:\/\/bulenox.codes\/sv\/wp-json\/wp\/v2\/pages\/6907\/revisions"}],"wp:attachment":[{"href":"https:\/\/bulenox.codes\/sv\/wp-json\/wp\/v2\/media?parent=6907"}],"curies":[{"name":"wp","href":"https:\/\/api.w.org\/{rel}","templated":true}]}}