{"id":13075,"date":"2025-07-29T13:33:55","date_gmt":"2025-07-29T17:33:55","guid":{"rendered":"https:\/\/bulenox.codes\/aplikacioni-i-kuponave-bulenox-kurseni-deri-ne-91-ne-tregtimin-e-pronave\/"},"modified":"2025-10-11T09:28:13","modified_gmt":"2025-10-11T13:28:13","slug":"aplikacioni-i-kuponave-bulenox-kurseni-deri-ne-91-ne-tregtimin-e-pronave","status":"publish","type":"page","link":"https:\/\/bulenox.codes\/sq\/aplikacioni-i-kuponave-bulenox-kurseni-deri-ne-91-ne-tregtimin-e-pronave\/","title":{"rendered":"Aplikacioni i Kuponave Bulenox \u2013 Kurseni deri n\u00eb 91% n\u00eb Tregtimin e Pronave"},"content":{"rendered":"\n<div class=\"wp-block-columns is-layout-flex wp-container-core-columns-is-layout-28f84493 wp-block-columns-is-layout-flex\">\n<div class=\"wp-block-column is-layout-flow wp-block-column-is-layout-flow\" style=\"flex-basis:66.66%\">\n<p class=\"has-medium-font-size\"><strong>Aplikacioni<\/strong> <strong>Bulenox Coupons<\/strong> \u00ebsht\u00eb aplikacioni i domosdosh\u00ebm p\u00ebr t\u00eb gjith\u00eb tregtar\u00ebt q\u00eb k\u00ebrkojn\u00eb t\u00eb kursejn\u00eb shum\u00eb n\u00eb sfidat <strong>e Bulenox Prop Firm<\/strong> . Me njoftime n\u00eb koh\u00eb reale, kode promovuese t\u00eb verifikuara dhe oferta ekskluzive p\u00ebr aplikacionin, nuk do t\u00eb paguani m\u00eb kurr\u00eb m\u00eb tep\u00ebr &#8211; pavar\u00ebsisht n\u00ebse sapo keni filluar apo tashm\u00eb tregtoni me koh\u00eb t\u00eb plot\u00eb. <\/p>\n\n\n\n<figure class=\"wp-block-image aligncenter size-medium is-resized\"><a href=\"https:\/\/play.google.com\/store\/apps\/details?id=com.bulenox.bulenoxeapp\" target=\"_blank\" rel=\" noreferrer noopener\"><img decoding=\"async\" width=\"300\" height=\"89\" src=\"https:\/\/bulenox.codes\/wp-content\/uploads\/2025\/07\/googleappdl-300x89.jpg\" alt=\"Google Play Store DL\" class=\"wp-image-11651\" style=\"width:261px;height:auto\" title=\"\" srcset=\"https:\/\/bulenox.codes\/wp-content\/uploads\/2025\/07\/googleappdl-300x89.jpg 300w, https:\/\/bulenox.codes\/wp-content\/uploads\/2025\/07\/googleappdl-1024x305.jpg 1024w, https:\/\/bulenox.codes\/wp-content\/uploads\/2025\/07\/googleappdl-768x229.jpg 768w, https:\/\/bulenox.codes\/wp-content\/uploads\/2025\/07\/googleappdl.jpg 1400w\" sizes=\"(max-width: 300px) 100vw, 300px\" \/><\/a><\/figure>\n<\/div>\n\n\n\n<div class=\"wp-block-column is-layout-flow wp-block-column-is-layout-flow\" style=\"flex-basis:33.33%\">\n<figure class=\"wp-block-image size-large\"><img fetchpriority=\"high\" decoding=\"async\" width=\"1024\" height=\"576\" src=\"https:\/\/bulenox.codes\/wp-content\/uploads\/2025\/07\/APPHeader-1024x576.png\" alt=\"Aplikacioni i Kuponave Bulenox\" class=\"wp-image-11609\" title=\"\" srcset=\"https:\/\/bulenox.codes\/wp-content\/uploads\/2025\/07\/APPHeader-1024x576.png 1024w, https:\/\/bulenox.codes\/wp-content\/uploads\/2025\/07\/APPHeader-300x169.png 300w, https:\/\/bulenox.codes\/wp-content\/uploads\/2025\/07\/APPHeader-768x432.png 768w, https:\/\/bulenox.codes\/wp-content\/uploads\/2025\/07\/APPHeader-1536x864.png 1536w, https:\/\/bulenox.codes\/wp-content\/uploads\/2025\/07\/APPHeader-2048x1152.png 2048w\" sizes=\"(max-width: 1024px) 100vw, 1024px\" \/><\/figure>\n<\/div>\n<\/div>\n\n<hr class=\"wp-block-separator has-alpha-channel-opacity is-style-wide\"\/>\n\n<h2 class=\"wp-block-heading\">\ud83d\ude80 \u00c7far\u00eb \u00ebsht\u00eb aplikacioni i kuponave Bulenox?<\/h2>\n\n<p class=\"has-medium-font-size\"><strong>Aplikacioni i Kuponave Bulenox<\/strong> \u00ebsht\u00eb nj\u00eb aplikacion falas p\u00ebr celular, i projektuar posa\u00e7\u00ebrisht p\u00ebr <strong>tregtar\u00ebt e aksesor\u00ebve<\/strong> q\u00eb p\u00ebrdorin ose planifikojn\u00eb t\u00eb p\u00ebrdorin <strong>Bulenox<\/strong> . N\u00eb vend q\u00eb t\u00eb k\u00ebrkoni kode promovuese n\u00ebp\u00ebr faqe t\u00eb ndryshme interneti dhe grupe t\u00eb mediave sociale, ky aplikacion ju ofron: <\/p>\n\n<ul class=\"wp-block-list\">\n<li class=\"has-medium-font-size\">\u2705 <strong>Kode zbritjeje t\u00eb verifikuara dhe t\u00eb azhurnuara<\/strong><\/li>\n\n\n\n<li class=\"has-medium-font-size\">\u2705 <strong>Oferta ekskluzive, vet\u00ebm n\u00eb aplikacion<\/strong><\/li>\n\n\n\n<li class=\"has-medium-font-size\">\u2705 <strong>Njoftime n\u00eb koh\u00eb reale p\u00ebr promocionet e reja<\/strong><\/li>\n\n\n\n<li class=\"has-medium-font-size\">\u2705 <strong>Qasje e leht\u00eb n\u00eb regjistrimin e sfid\u00ebs me zbritje t\u00eb aplikuara<\/strong><\/li>\n<\/ul>\n\n<p class=\"has-medium-font-size\">Mjaft me lidhje t\u00eb skaduara ose faqe interneti me kupona konfuze \u2013 vet\u00ebm <strong>kursime t\u00eb pastra, t\u00eb shpejta dhe t\u00eb besueshme<\/strong> .<\/p>\n\n<hr class=\"wp-block-separator has-alpha-channel-opacity is-style-wide\"\/>\n\n<h2 class=\"wp-block-heading\">\ud83d\udca1 Pse t\u00eb p\u00ebrdorni kuponat Bulenox?<\/h2>\n\n<h3 class=\"wp-block-heading\">\ud83d\udd25 Zbritje t\u00eb pakrahasueshme<\/h3>\n\n<p class=\"has-medium-font-size\">Merrni qasje n\u00eb kode si<code>DROP91<\/code> p\u00ebr t\u00eb <strong>kursyer deri n\u00eb 91%<\/strong> n\u00eb tarif\u00ebn tuaj t\u00eb Bulenox Challenge \u2013 direkt nga telefoni juaj.<\/p>\n\n<h3 class=\"wp-block-heading\">\u23f1 Kurseni koh\u00eb dhe shmangni zhg\u00ebnjimin<\/h3>\n\n<p class=\"has-medium-font-size\">Thuaju lamtumir\u00eb temave t\u00eb Telegramit dhe forumeve t\u00eb skaduara. Aplikacioni t\u00eb tregon vet\u00ebm <strong>ofertat aktive dhe t\u00eb verifikuara<\/strong> \u2013 n\u00eb koh\u00eb reale. <\/p>\n\n<h3 class=\"wp-block-heading\">\ud83d\udcd8 E leht\u00eb p\u00ebr t\u2019u kuptuar<\/h3>\n\n<p class=\"has-medium-font-size\">\u00c7do ofert\u00eb p\u00ebrfshin udh\u00ebzime t\u00eb qarta, detaje bonusi dhe k\u00ebshilla t\u00eb dobishme \u2013 perfekte si p\u00ebr fillestar\u00ebt ashtu edhe p\u00ebr tregtar\u00ebt me p\u00ebrvoj\u00eb.<\/p>\n\n<h3 class=\"wp-block-heading\">\ud83d\udd10 Privat\u00ebsia n\u00eb Par\u00eb dhe Pa Reklama<\/h3>\n\n<p class=\"has-medium-font-size\">Pa reklama. Pa gjurmim t\u00eb dh\u00ebnash. Nuk k\u00ebrkohet hyrje. Vet\u00ebm informacion i v\u00ebrtet\u00eb p\u00ebr zbritje n\u00eb nj\u00eb nd\u00ebrfaqe t\u00eb past\u00ebr dhe miq\u00ebsore p\u00ebr p\u00ebrdoruesin.   <\/p>\n\n<hr class=\"wp-block-separator has-alpha-channel-opacity is-style-wide\"\/>\n\n<h2 class=\"wp-block-heading\">\ud83d\udcf2 Karakteristikat e Aplikacionit me nj\u00eb V\u00ebshtrim t\u00eb Shpejt\u00eb<\/h2>\n\n<figure class=\"wp-block-table has-medium-font-size\"><table class=\"has-fixed-layout\"><thead><tr><th>Karakteristik\u00eb<\/th><th>P\u00ebrshkrimi<\/th><\/tr><\/thead><tbody><tr><td>\ud83d\udd14 Njoftime t\u00eb shpejta<\/td><td>Merrni njoftime menj\u00ebher\u00eb p\u00ebr kodet e reja ose ato q\u00eb skadojn\u00eb<\/td><\/tr><tr><td>\ud83d\udcc5 P\u00ebrdit\u00ebsime t\u00eb p\u00ebrditshme<\/td><td>Kupon\u00eb dhe oferta t\u00eb reja shtohen \u00e7do dit\u00eb<\/td><\/tr><tr><td>\u23f3 Koh\u00ebmat\u00ebsit e num\u00ebrimit mbrapsht<\/td><td>Di sakt\u00ebsisht se kur skadon nj\u00eb ofert\u00eb<\/td><\/tr><tr><td>\ud83d\udcbe T\u00eb preferuarat dhe filtrat<\/td><td>Ruani dhe organizoni kupon\u00ebt tuaj t\u00eb preferuar<\/td><\/tr><tr><td>\ud83e\udde0 K\u00ebshilla Bonus<\/td><td>M\u00ebsoni si t\u00eb grumbulloni ose kombinoni kodet p\u00ebr vler\u00ebn m\u00eb t\u00eb mir\u00eb<\/td><\/tr><tr><td>\ud83d\udcce Lidhje direkte me Bulenox<\/td><td>Aplikoni kodin dhe regjistrohuni p\u00ebr nj\u00eb sfid\u00eb brenda sekondash<\/td><\/tr><\/tbody><\/table><\/figure>\n\n<hr class=\"wp-block-separator has-alpha-channel-opacity is-style-wide\"\/>\n\n<h2 class=\"wp-block-heading\">\ud83c\udfaf P\u00ebr k\u00eb \u00ebsht\u00eb ky aplikacion?<\/h2>\n\n<ul class=\"wp-block-list\">\n<li class=\"has-medium-font-size\">\ud83e\uddd1\u200d\ud83d\udcbb <strong>Tregtar\u00eb fillestar\u00eb<\/strong> q\u00eb k\u00ebrkojn\u00eb nj\u00eb hyrje t\u00eb p\u00ebrballueshme n\u00eb bot\u00ebn e tregtimit t\u00eb rekuizitave<\/li>\n\n\n\n<li class=\"has-medium-font-size\">\ud83d\udcc8 <strong>Tregtar\u00eb me p\u00ebrvoj\u00eb<\/strong> q\u00eb blejn\u00eb rregullisht sfida dhe duan t\u00eb kursejn\u00eb<\/li>\n\n\n\n<li class=\"has-medium-font-size\">\ud83c\udfc3\u200d\u2642\ufe0f <strong>Tregtar\u00eb t\u00eb z\u00ebn\u00eb<\/strong> q\u00eb duan zbritje t\u00eb shpejta dhe t\u00eb verifikuara n\u00eb l\u00ebvizje<\/li>\n\n\n\n<li class=\"has-medium-font-size\">\ud83d\uded2 Kushdo q\u00eb p\u00ebrdor Bulenox dhe k\u00ebrkon t\u00eb <strong>ul\u00eb kostot pa shkurtuar koh\u00ebn<\/strong><\/li>\n<\/ul>\n\n<hr class=\"wp-block-separator has-alpha-channel-opacity is-style-wide\"\/>\n\n<h2 class=\"wp-block-heading\">\u2753 Pyetje t\u00eb Shpeshta (FAQ)<\/h2>\n\n<h3 class=\"wp-block-heading\">A \u00ebsht\u00eb aplikacioni v\u00ebrtet falas?<\/h3>\n\n<p class=\"has-medium-font-size\"><strong>Po.<\/strong>  Aplikacioni i Kuponave Bulenox \u00ebsht\u00eb 100% falas p\u00ebr t\u2019u p\u00ebrdorur \u2013 pa reklama, pa abonime, pa tarifa t\u00eb fshehura.<\/p>\n\n<h3 class=\"wp-block-heading\">Sa shpesh p\u00ebrdit\u00ebsohen kodet promovuese?<\/h3>\n\n<p class=\"has-medium-font-size\">Kodet e reja dhe t\u00eb verifikuara shtohen <strong>disa her\u00eb n\u00eb dit\u00eb<\/strong> , nd\u00ebrsa ato t\u00eb vjetrat\/t\u00eb skaduara hiqen menj\u00ebher\u00eb.<\/p>\n\n<h3 class=\"wp-block-heading\">A duhet t\u00eb identifikohem apo t\u00eb krijoj nj\u00eb llogari?<\/h3>\n\n<p class=\"has-medium-font-size\">Jo. Aplikacioni funksionon <g id=\"gid_0\">pa asnj\u00eb llogari ose t\u00eb dh\u00ebna personale<\/g> . Thjesht instalojeni dhe filloni ta ruani.  <\/p>\n\n<h3 class=\"wp-block-heading\">N\u00eb cilat platforma \u00ebsht\u00eb i disponuesh\u00ebm aplikacioni?<\/h3>\n\n<p class=\"has-medium-font-size\">S\u00eb shpejti do t\u00eb publikohet p\u00ebr <strong>iOS (App Store)<\/strong> dhe <strong>Android (Google Play)<\/strong> \u2013 q\u00ebndroni n\u00eb kontakt!<\/p>\n\n<hr class=\"wp-block-separator has-alpha-channel-opacity is-style-wide\"\/>\n\n<h2 class=\"wp-block-heading\">\ud83d\udccc P\u00ebrmbledhje: Pse ju nevojitet aplikacioni i kuponave Bulenox<\/h2>\n\n<ul class=\"wp-block-list\">\n<li class=\"has-medium-font-size\">\ud83d\udcb0 Kurseni deri n\u00eb 91% n\u00eb sfidat e Bulenox<\/li>\n\n\n\n<li class=\"has-medium-font-size\">\ud83d\udcf1 Merrni p\u00ebrdit\u00ebsime p\u00ebr kupon\u00ebt n\u00eb koh\u00eb reale<\/li>\n\n\n\n<li class=\"has-medium-font-size\">\u2705 Vet\u00ebm kode promovuese t\u00eb verifikuara dhe funksionale<\/li>\n\n\n\n<li class=\"has-medium-font-size\">\ud83d\udeab Pa reklama, pa spam, pa gj\u00ebra t\u00eb pakuptimta<\/li>\n\n\n\n<li class=\"has-medium-font-size\">\ud83d\udd12 100% falas dhe private<\/li>\n<\/ul>\n\n<p class=\"has-medium-font-size\">Shkarkoni aplikacionin, aplikoni zbritjen tuaj dhe filloni tregtimin p\u00ebr m\u00eb pak &#8211; <strong>n\u00eb m\u00ebnyr\u00ebn inteligjente<\/strong> .<\/p>\n\n<figure class=\"wp-block-image aligncenter size-medium is-resized\"><a href=\"https:\/\/play.google.com\/store\/apps\/details?id=com.bulenox.bulenoxeapp\" target=\"_blank\" rel=\" noreferrer noopener\"><img decoding=\"async\" width=\"300\" height=\"89\" src=\"https:\/\/bulenox.codes\/wp-content\/uploads\/2025\/07\/googleappdl-300x89.jpg\" alt=\"Google Play Store DL\" class=\"wp-image-11651\" style=\"width:261px;height:auto\" title=\"\" srcset=\"https:\/\/bulenox.codes\/wp-content\/uploads\/2025\/07\/googleappdl-300x89.jpg 300w, https:\/\/bulenox.codes\/wp-content\/uploads\/2025\/07\/googleappdl-1024x305.jpg 1024w, https:\/\/bulenox.codes\/wp-content\/uploads\/2025\/07\/googleappdl-768x229.jpg 768w, https:\/\/bulenox.codes\/wp-content\/uploads\/2025\/07\/googleappdl.jpg 1400w\" sizes=\"(max-width: 300px) 100vw, 300px\" \/><\/a><\/figure>\n\n    <div class=\"xs_social_share_widget xs_share_url after_content \t\tmain_content  wslu-style-1 wslu-share-box-shaped wslu-fill-colored wslu-none wslu-share-horizontal wslu-theme-font-no wslu-main_content\">\n\n\t\t\n        <ul>\n\t\t\t        <\/ul>\n    <\/div> \n","protected":false},"excerpt":{"rendered":"<p>Aplikacioni Bulenox Coupons \u00ebsht\u00eb aplikacioni i domosdosh\u00ebm p\u00ebr t\u00eb gjith\u00eb tregtar\u00ebt q\u00eb k\u00ebrkojn\u00eb t\u00eb kursejn\u00eb shum\u00eb n\u00eb sfidat e Bulenox Prop Firm . Me njoftime n\u00eb koh\u00eb reale, kode promovuese t\u00eb verifikuara dhe oferta ekskluzive p\u00ebr aplikacionin, nuk do t\u00eb paguani m\u00eb kurr\u00eb m\u00eb tep\u00ebr &#8211; pavar\u00ebsisht n\u00ebse sapo keni filluar apo tashm\u00eb tregtoni me [&hellip;]<\/p>\n","protected":false},"author":1,"featured_media":0,"parent":0,"menu_order":0,"comment_status":"closed","ping_status":"closed","template":"","meta":{"_angie_page":false,"postBodyCss":"","postBodyMargin":[],"postBodyPadding":[],"postBodyBackground":{"backgroundType":"classic","gradient":""},"enableOnePageScrollInPage":false,"onePageScrollCss":"","onePageScrollSpeed":1000,"onePageScrollAnimation":"easeInOutQuad","onePageScrollShowDotNavigation":true,"onePageScrollNavigation":"scaleUp","onePageScrollNavigationPosition":"right","onePageScrollNavigationHorizontal":[],"onePageScrollNavigationVertical":[],"onePageScrollNavigationSpacing":[],"onePageScrollNavigationColor":"#00ff0d","onePageScrollNavigationColorHover":"#00ff0d","onePageScrollNavigationColorActive":"#00ff0d","onePageScrollNavigationIcon":[],"onePageScrollNavigationWidth":[],"onePageScrollNavigationWidthHover":[],"onePageScrollNavigationWidthActive":[],"onePageScrollNavigationHeight":[],"onePageScrollNavigationHeightHover":[],"onePageScrollNavigationHeightActive":[],"onePageScrollNavigationBorder":[],"onePageScrollNavigationBorderHover":[],"onePageScrollNavigationBorderActive":[],"onePageScrollNavigationBorderRadius":[],"onePageScrollNavigationBorderRadiusHover":[],"onePageScrollNavigationBorderRadiusActive":[],"onePageScrollNavigationTooltipTypography":[],"onePageScrollNavigationTooltipColor":"#ffffff","onePageScrollNavigationTooltipColorHover":"","onePageScrollNavigationTooltipBgColor":"#00ff0d","onePageScrollNavigationTooltipBgColorHover":"","onePageScrollNavigationTooltipPadding":[],"onePageScrollNavigationTooltipPaddingHover":[],"onePageScrollNavigationTooltipBorderRadius":[],"onePageScrollNavigationTooltipBorderRadiusHover":[],"pageSettingsCustomCss":"","footnotes":""},"class_list":["post-13075","page","type-page","status-publish","hentry"],"_links":{"self":[{"href":"https:\/\/bulenox.codes\/sq\/wp-json\/wp\/v2\/pages\/13075","targetHints":{"allow":["GET"]}}],"collection":[{"href":"https:\/\/bulenox.codes\/sq\/wp-json\/wp\/v2\/pages"}],"about":[{"href":"https:\/\/bulenox.codes\/sq\/wp-json\/wp\/v2\/types\/page"}],"author":[{"embeddable":true,"href":"https:\/\/bulenox.codes\/sq\/wp-json\/wp\/v2\/users\/1"}],"replies":[{"embeddable":true,"href":"https:\/\/bulenox.codes\/sq\/wp-json\/wp\/v2\/comments?post=13075"}],"version-history":[{"count":0,"href":"https:\/\/bulenox.codes\/sq\/wp-json\/wp\/v2\/pages\/13075\/revisions"}],"wp:attachment":[{"href":"https:\/\/bulenox.codes\/sq\/wp-json\/wp\/v2\/media?parent=13075"}],"curies":[{"name":"wp","href":"https:\/\/api.w.org\/{rel}","templated":true}]}}