{"id":13068,"date":"2025-01-15T12:33:57","date_gmt":"2025-01-15T17:33:57","guid":{"rendered":"https:\/\/bulenox.codes\/quantvps\/"},"modified":"2025-10-11T09:28:06","modified_gmt":"2025-10-11T13:28:06","slug":"quantvps","status":"publish","type":"page","link":"https:\/\/bulenox.codes\/sq\/quantvps\/","title":{"rendered":"QuantVPS"},"content":{"rendered":"&#13;\n<h2 class=\"wp-block-heading has-primary-color has-text-color has-link-color has-x-large-font-size wp-elements-c24f91f39a41fb9d1b3ac571b9c97a8c\">&#8220;QuantVPS: Zgjidhja m\u00eb e mir\u00eb me vones\u00eb t\u00eb ul\u00ebt p\u00ebr tregtar\u00ebt profesionist\u00eb&#8221;<\/h2>&#13;\n\r\n<div class=\"wp-block-columns is-layout-flex wp-container-core-columns-is-layout-28f84493 wp-block-columns-is-layout-flex\">\r\n<div class=\"wp-block-column is-layout-flow wp-block-column-is-layout-flow\">\r\n<div class=\"wp-block-media-text is-stacked-on-mobile is-vertically-aligned-top\">\r\n<figure class=\"wp-block-media-text__media\"><a href=\"http:\/\/quantvps.de\" target=\"_blank\" rel=\"noreferrer noopener\"><img fetchpriority=\"high\" decoding=\"async\" width=\"800\" height=\"401\" class=\"wp-image-6590 size-full\" src=\"https:\/\/bulenox.codes\/wp-content\/uploads\/2025\/01\/1705432402592.jpeg\" alt=\"\" title=\"\" srcset=\"https:\/\/bulenox.codes\/wp-content\/uploads\/2025\/01\/1705432402592.jpeg 800w, https:\/\/bulenox.codes\/wp-content\/uploads\/2025\/01\/1705432402592-300x150.jpeg 300w, https:\/\/bulenox.codes\/wp-content\/uploads\/2025\/01\/1705432402592-768x385.jpeg 768w\" sizes=\"(max-width: 800px) 100vw, 800px\" \/><\/a><\/figure>\r\n<div class=\"wp-block-media-text__content\">&#13;\n<p class=\"has-medium-font-size\"><a href=\"http:\/\/quantvps.de\/\" target=\"_blank\" rel=\"noreferrer noopener\">QuantVPS<\/a> \u00ebsht\u00eb zgjedhja ideale p\u00ebr tregtar\u00ebt dhe profesionist\u00ebt financiar\u00eb q\u00eb mb\u00ebshteten n\u00eb servera t\u00eb shpejt\u00eb, t\u00eb besuesh\u00ebm dhe me vones\u00eb t\u00eb ul\u00ebt. N\u00eb bot\u00ebn me rit\u00ebm t\u00eb shpejt\u00eb t\u00eb tregtimit, ku milisekondat mund t\u00eb p\u00ebrcaktojn\u00eb fitimin ose humbjen, <a href=\"http:\/\/quantvps.de\/\" target=\"_blank\" rel=\"noreferrer noopener\">QuantVPS<\/a> ofron nj\u00eb infrastruktur\u00eb t\u00eb fuqishme t\u00eb p\u00ebrshtatur p\u00ebr t\u00eb p\u00ebrmbushur nevojat e k\u00ebrkuara t\u00eb industris\u00eb. <\/p>&#13;\n\r\n\r\n&#13;\n<p class=\"has-medium-font-size\">Nj\u00eb nga karakteristikat dalluese t\u00eb <a href=\"http:\/\/quantvps.de\/\" target=\"_blank\" rel=\"noreferrer noopener\">QuantVPS<\/a> \u00ebsht\u00eb vonesa ultra e ul\u00ebt. Me qendra t\u00eb t\u00eb dh\u00ebnave t\u00eb teknologjis\u00eb s\u00eb fundit t\u00eb vendosura strategjikisht pran\u00eb tregjeve kryesore financiare, <a href=\"http:\/\/quantvps.de\/\" target=\"_blank\" rel=\"noreferrer noopener\">QuantVPS<\/a> ofron lidhje shum\u00eb t\u00eb shpejta me bursat dhe platformat e tregtimit. Kjo siguron ekzekutimin e menj\u00ebhersh\u00ebm t\u00eb porosive &#8211; nj\u00eb avantazh kritik p\u00ebr tregtar\u00ebt ditor\u00eb, tregtar\u00ebt algo dhe k\u00ebdo q\u00eb p\u00ebrdor strategji t\u00eb automatizuara tregtare.  <\/p>&#13;\n\r\n\r\n&#13;\n<p class=\"has-medium-font-size\">Zgjidhjet VPS t\u00eb <a href=\"http:\/\/quantvps.de\/\" target=\"_blank\" rel=\"noreferrer noopener\">QuantVPS<\/a> jan\u00eb t\u00eb dizajnuara p\u00ebr stabilitet dhe performanc\u00eb maksimale, madje edhe gjat\u00eb periudhave t\u00eb paq\u00ebndrueshm\u00ebris\u00eb s\u00eb lart\u00eb t\u00eb tregut. T\u00eb mund\u00ebsuar nga disqet SSD me performanc\u00eb t\u00eb lart\u00eb dhe burimet e dedikuara, p\u00ebrdoruesit p\u00ebrfitojn\u00eb nga shpejt\u00ebsi vazhdimisht t\u00eb larta dhe operacione t\u00eb besueshme pa nd\u00ebrprerje ose vonesa. <\/p>&#13;\n\r\n\r\n&#13;\n<p class=\"has-medium-font-size\">Nj\u00eb tjet\u00ebr avantazh ky\u00e7 \u00ebsht\u00eb disponueshm\u00ebria 24\/7 e serverave, t\u00eb aksesuesh\u00ebm nga \u00e7do pajisje &#8211; qoft\u00eb PC, tablet apo smartphone. Tregtar\u00ebt mund t\u00eb monitorojn\u00eb dhe p\u00ebrshtatin strategjit\u00eb e tyre n\u00eb \u00e7do koh\u00eb, duke shijuar akses t\u00eb plot\u00eb n\u00eb root dhe nj\u00eb mjedis t\u00eb sigurt dhe t\u00eb izoluar. Ky kombinim i fleksibilitetit dhe kontrollit e b\u00ebn <a href=\"http:\/\/quantvps.de\/\" target=\"_blank\" rel=\"noreferrer noopener\">QuantVPS<\/a> nj\u00eb zgjidhje t\u00eb nivelit t\u00eb lart\u00eb p\u00ebr p\u00ebrdoruesit k\u00ebrkues.  <\/p>&#13;\n\r\n\r\n&#13;\n<p class=\"has-medium-font-size\"><a href=\"http:\/\/quantvps.de\/\" target=\"_blank\" rel=\"noreferrer noopener\">QuantVPS<\/a> ofron gjithashtu shkall\u00ebzueshm\u00ebri, duke mund\u00ebsuar p\u00ebrshtatje pa probleme t\u00eb kapaciteteve t\u00eb serverit bazuar n\u00eb v\u00ebllimet e tregtimit. P\u00ebrve\u00e7 k\u00ebsaj, ekipi i tyre i shk\u00eblqyer i mb\u00ebshtetjes s\u00eb klient\u00ebve \u00ebsht\u00eb gjithmon\u00eb i disponuesh\u00ebm p\u00ebr t\u00eb ndihmuar me pyetje teknike ose konfigurime t\u00eb personalizuara. <\/p>&#13;\n\r\n\r\n&#13;\n<p class=\"has-medium-font-size\">P\u00ebr tregtar\u00ebt q\u00eb i japin p\u00ebrpar\u00ebsi shpejt\u00ebsis\u00eb, siguris\u00eb dhe besueshm\u00ebris\u00eb, <a href=\"http:\/\/quantvps.de\/\" target=\"_blank\" rel=\"noreferrer noopener\">QuantVPS<\/a> \u00ebsht\u00eb platforma perfekte p\u00ebr t\u00eb ekzekutuar strategjit\u00eb tregtare n\u00eb m\u00ebnyr\u00eb efikase dhe t\u00eb suksesshme.<\/p>&#13;\n\r\n\r\n<\/div>\r\n<\/div>\r\n<\/div>\r\n<\/div>\r\n\n    <div class=\"xs_social_share_widget xs_share_url after_content \t\tmain_content  wslu-style-1 wslu-share-box-shaped wslu-fill-colored wslu-none wslu-share-horizontal wslu-theme-font-no wslu-main_content\">\n\n\t\t\n        <ul>\n\t\t\t        <\/ul>\n    <\/div> \n","protected":false},"excerpt":{"rendered":"<p>&#13; &#8220;QuantVPS: Zgjidhja m\u00eb e mir\u00eb me vones\u00eb t\u00eb ul\u00ebt p\u00ebr tregtar\u00ebt profesionist\u00eb&#8221; &#13; &#13; QuantVPS \u00ebsht\u00eb zgjedhja ideale p\u00ebr tregtar\u00ebt dhe profesionist\u00ebt financiar\u00eb q\u00eb mb\u00ebshteten n\u00eb servera t\u00eb shpejt\u00eb, t\u00eb besuesh\u00ebm dhe me vones\u00eb t\u00eb ul\u00ebt. N\u00eb bot\u00ebn me rit\u00ebm t\u00eb shpejt\u00eb t\u00eb tregtimit, ku milisekondat mund t\u00eb p\u00ebrcaktojn\u00eb fitimin ose humbjen, QuantVPS ofron [&hellip;]<\/p>\n","protected":false},"author":1,"featured_media":0,"parent":0,"menu_order":0,"comment_status":"closed","ping_status":"closed","template":"","meta":{"_angie_page":false,"postBodyCss":"","postBodyMargin":[],"postBodyPadding":[],"postBodyBackground":{"backgroundType":"classic","gradient":""},"enableOnePageScrollInPage":false,"onePageScrollCss":"","onePageScrollSpeed":1000,"onePageScrollAnimation":"easeInOutQuad","onePageScrollShowDotNavigation":true,"onePageScrollNavigation":"scaleUp","onePageScrollNavigationPosition":"right","onePageScrollNavigationHorizontal":[],"onePageScrollNavigationVertical":[],"onePageScrollNavigationSpacing":[],"onePageScrollNavigationColor":"#00ff0d","onePageScrollNavigationColorHover":"#00ff0d","onePageScrollNavigationColorActive":"#00ff0d","onePageScrollNavigationIcon":[],"onePageScrollNavigationWidth":[],"onePageScrollNavigationWidthHover":[],"onePageScrollNavigationWidthActive":[],"onePageScrollNavigationHeight":[],"onePageScrollNavigationHeightHover":[],"onePageScrollNavigationHeightActive":[],"onePageScrollNavigationBorder":[],"onePageScrollNavigationBorderHover":[],"onePageScrollNavigationBorderActive":[],"onePageScrollNavigationBorderRadius":[],"onePageScrollNavigationBorderRadiusHover":[],"onePageScrollNavigationBorderRadiusActive":[],"onePageScrollNavigationTooltipTypography":[],"onePageScrollNavigationTooltipColor":"#ffffff","onePageScrollNavigationTooltipColorHover":"","onePageScrollNavigationTooltipBgColor":"#00ff0d","onePageScrollNavigationTooltipBgColorHover":"","onePageScrollNavigationTooltipPadding":[],"onePageScrollNavigationTooltipPaddingHover":[],"onePageScrollNavigationTooltipBorderRadius":[],"onePageScrollNavigationTooltipBorderRadiusHover":[],"pageSettingsCustomCss":"","footnotes":""},"class_list":["post-13068","page","type-page","status-publish","hentry"],"_links":{"self":[{"href":"https:\/\/bulenox.codes\/sq\/wp-json\/wp\/v2\/pages\/13068","targetHints":{"allow":["GET"]}}],"collection":[{"href":"https:\/\/bulenox.codes\/sq\/wp-json\/wp\/v2\/pages"}],"about":[{"href":"https:\/\/bulenox.codes\/sq\/wp-json\/wp\/v2\/types\/page"}],"author":[{"embeddable":true,"href":"https:\/\/bulenox.codes\/sq\/wp-json\/wp\/v2\/users\/1"}],"replies":[{"embeddable":true,"href":"https:\/\/bulenox.codes\/sq\/wp-json\/wp\/v2\/comments?post=13068"}],"version-history":[{"count":0,"href":"https:\/\/bulenox.codes\/sq\/wp-json\/wp\/v2\/pages\/13068\/revisions"}],"wp:attachment":[{"href":"https:\/\/bulenox.codes\/sq\/wp-json\/wp\/v2\/media?parent=13068"}],"curies":[{"name":"wp","href":"https:\/\/api.w.org\/{rel}","templated":true}]}}