{"id":13060,"date":"2025-01-02T02:41:28","date_gmt":"2025-01-02T07:41:28","guid":{"rendered":"https:\/\/bulenox.codes\/politika-e-cookie-ve\/"},"modified":"2025-01-02T02:41:28","modified_gmt":"2025-01-02T07:41:28","slug":"politika-e-cookie-ve","status":"publish","type":"page","link":"https:\/\/bulenox.codes\/sq\/politika-e-cookie-ve\/","title":{"rendered":"Politika e cookie-ve"},"content":{"rendered":"<p>Data e hyrjes n\u00eb fuqi: 15 maj 2024<\/p>\n<p>&nbsp;<\/p>\n<h4>\u00c7far\u00eb jan\u00eb kukit\u00eb?<\/h4>\n<p>Kjo Politik\u00eb p\u00ebr Cookie-t shpjegon se \u00e7far\u00eb jan\u00eb cookies dhe si i p\u00ebrdorim ato, llojet e cookies q\u00eb p\u00ebrdorim, d.m.th., informacionin q\u00eb mbledhim duke p\u00ebrdorur cookies dhe si p\u00ebrdoret ky informacion, si dhe si t\u00eb menaxhohen cil\u00ebsimet e cookies.<\/p>\n<p>Kukit\u00eb jan\u00eb skedar\u00eb t\u00eb vegj\u00ebl teksti q\u00eb p\u00ebrdoren p\u00ebr t\u00eb ruajtur pjes\u00eb t\u00eb vogla informacioni. Ato ruhen n\u00eb pajisjen tuaj kur faqja e internetit ngarkohet n\u00eb shfletuesin tuaj. K\u00ebto kuki na ndihmojn\u00eb ta b\u00ebjm\u00eb faqen e internetit t\u00eb funksionoj\u00eb si\u00e7 duhet, ta b\u00ebjm\u00eb m\u00eb t\u00eb sigurt, t\u00eb ofrojm\u00eb nj\u00eb p\u00ebrvoj\u00eb m\u00eb t\u00eb mir\u00eb p\u00ebr p\u00ebrdoruesit dhe t\u00eb kuptojm\u00eb se si funksionon faqja e internetit dhe t\u00eb analizojm\u00eb se \u00e7far\u00eb funksionon dhe ku ka nevoj\u00eb p\u00ebr p\u00ebrmir\u00ebsim. <\/p>\n<p>&nbsp;<\/p>\n<h4>Si i p\u00ebrdorim cookies?<\/h4>\n<p>Ashtu si shumica e sh\u00ebrbimeve online, faqja jon\u00eb e internetit p\u00ebrdor &#8220;cookies&#8221; t\u00eb pal\u00ebve t\u00eb para dhe t\u00eb pal\u00ebve t\u00eb treta p\u00ebr disa q\u00ebllime. &#8220;Cookies&#8221; e pal\u00ebve t\u00eb para jan\u00eb kryesisht t\u00eb nevojshme q\u00eb faqja e internetit t\u00eb funksionoj\u00eb si\u00e7 duhet dhe ato nuk mbledhin asnj\u00eb nga t\u00eb dh\u00ebnat tuaja personale t\u00eb identifikueshme. <\/p>\n<p>Kukit\u00eb e pal\u00ebve t\u00eb treta t\u00eb p\u00ebrdorura n\u00eb faqen ton\u00eb t\u00eb internetit jan\u00eb kryesisht p\u00ebr t\u00eb kuptuar se si funksionon faqja e internetit, si bashk\u00ebveproni me faqen ton\u00eb t\u00eb internetit, p\u00ebr t\u00eb mbajtur sh\u00ebrbimet tona t\u00eb sigurta, p\u00ebr t\u00eb ofruar reklama q\u00eb jan\u00eb relevante p\u00ebr ju dhe n\u00eb p\u00ebrgjith\u00ebsi p\u00ebr t&#8217;ju ofruar nj\u00eb p\u00ebrvoj\u00eb m\u00eb t\u00eb mir\u00eb dhe t\u00eb p\u00ebrmir\u00ebsuar p\u00ebrdoruesi dhe p\u00ebr t\u00eb ndihmuar n\u00eb p\u00ebrshpejtimin e nd\u00ebrveprimeve tuaja t\u00eb ardhshme me faqen ton\u00eb t\u00eb internetit.<\/p>\n<p>[wcc_category_list]<\/p>\n<p>&nbsp;<\/p>\n<h4>Menaxho preferencat e cookie-ve<\/h4>\n<p>Mund t\u00eb ndryshoni preferencat tuaja p\u00ebr cookie-t n\u00eb \u00e7do koh\u00eb duke klikuar te  [wcc_preference_button]  butonin. Kjo do t&#8217;ju lejoj\u00eb t\u00eb rishikoni banderol\u00ebn e p\u00eblqimit p\u00ebr cookie-t dhe t\u00eb ndryshoni preferencat tuaja ose t\u00eb t\u00ebrhiqni p\u00eblqimin tuaj menj\u00ebher\u00eb. P\u00ebrve\u00e7 k\u00ebsaj, shfletues t\u00eb ndrysh\u00ebm ofrojn\u00eb metoda t\u00eb ndryshme p\u00ebr t\u00eb bllokuar dhe fshir\u00eb cookie-t e p\u00ebrdorura nga faqet e internetit. Ju mund t\u00eb ndryshoni cil\u00ebsimet e shfletuesit tuaj p\u00ebr t\u00eb bllokuar\/fshir\u00eb cookie-t. M\u00eb posht\u00eb jan\u00eb listuar lidhjet p\u00ebr dokumentet mb\u00ebshtet\u00ebse se si t\u00eb menaxhoni dhe fshini cookie-t nga shfletuesit kryesor\u00eb t\u00eb internetit.    <\/p>\n<p>Chrome: <a href=\"https:\/\/support.google.com\/accounts\/answer\/32050\" target=\"_blank\" rel=\"noopener\">https:\/\/support.google.com\/accounts\/answer\/32050<\/a><\/p>\n<p>Safari: <a href=\"https:\/\/support.apple.com\/en-in\/guide\/safari\/sfri11471\/mac\" target=\"_blank\" rel=\"noopener\">https:\/\/support.apple.com\/en-in\/guide\/safari\/sfri11471\/mac<\/a><\/p>\n<p>Firefox: <a href=\"https:\/\/support.mozilla.org\/en-US\/kb\/clear-cookies-and-site-data-firefox?redirectslug=delete-cookies-remove-info-websites-stored&amp;redirectlocale=en-US\" target=\"_blank\" rel=\"noopener\">https:\/\/support.mozilla.org\/en-US\/kb\/clear-cookies-and-site-data-firefox?redirectslug=delete-cookies-remove-info-websites-stored&amp;redirectlocale=en-US<\/a><\/p>\n<p>Microsoft Edge: <a href=\"https:\/\/support.microsoft.com\/en-us\/microsoft-edge\/delete-cookies-in-microsoft-edge-63947406-40ac-c3b8-57b9-2a946a29ae09\" target=\"_blank\" rel=\"noopener\">Fshini cookie-t n\u00eb Microsoft Edge &#8211; Ndihma e Microsoft<\/a><\/p>\n<p>N\u00ebse p\u00ebrdorni ndonj\u00eb shfletues tjet\u00ebr interneti, ju lutemi vizitoni dokumentet zyrtare t\u00eb mb\u00ebshtetjes s\u00eb shfletuesit tuaj.<\/p>\n\n    <div class=\"xs_social_share_widget xs_share_url after_content \t\tmain_content  wslu-style-1 wslu-share-box-shaped wslu-fill-colored wslu-none wslu-share-horizontal wslu-theme-font-no wslu-main_content\">\n\n\t\t\n        <ul>\n\t\t\t        <\/ul>\n    <\/div> \n","protected":false},"excerpt":{"rendered":"<p>Data e hyrjes n\u00eb fuqi: 15 maj 2024 &nbsp; \u00c7far\u00eb jan\u00eb kukit\u00eb? Kjo Politik\u00eb p\u00ebr Cookie-t shpjegon se \u00e7far\u00eb jan\u00eb cookies dhe si i p\u00ebrdorim ato, llojet e cookies q\u00eb p\u00ebrdorim, d.m.th., informacionin q\u00eb mbledhim duke p\u00ebrdorur cookies dhe si p\u00ebrdoret ky informacion, si dhe si t\u00eb menaxhohen cil\u00ebsimet e cookies. Kukit\u00eb jan\u00eb skedar\u00eb t\u00eb [&hellip;]<\/p>\n","protected":false},"author":1,"featured_media":0,"parent":0,"menu_order":0,"comment_status":"closed","ping_status":"closed","template":"","meta":{"_angie_page":false,"postBodyCss":"","postBodyMargin":[],"postBodyPadding":[],"postBodyBackground":{"backgroundType":"classic","gradient":""},"enableOnePageScrollInPage":false,"onePageScrollCss":"","onePageScrollSpeed":1000,"onePageScrollAnimation":"easeInOutQuad","onePageScrollShowDotNavigation":true,"onePageScrollNavigation":"scaleUp","onePageScrollNavigationPosition":"right","onePageScrollNavigationHorizontal":[],"onePageScrollNavigationVertical":[],"onePageScrollNavigationSpacing":[],"onePageScrollNavigationColor":"#00ff0d","onePageScrollNavigationColorHover":"#00ff0d","onePageScrollNavigationColorActive":"#00ff0d","onePageScrollNavigationIcon":[],"onePageScrollNavigationWidth":[],"onePageScrollNavigationWidthHover":[],"onePageScrollNavigationWidthActive":[],"onePageScrollNavigationHeight":[],"onePageScrollNavigationHeightHover":[],"onePageScrollNavigationHeightActive":[],"onePageScrollNavigationBorder":[],"onePageScrollNavigationBorderHover":[],"onePageScrollNavigationBorderActive":[],"onePageScrollNavigationBorderRadius":[],"onePageScrollNavigationBorderRadiusHover":[],"onePageScrollNavigationBorderRadiusActive":[],"onePageScrollNavigationTooltipTypography":[],"onePageScrollNavigationTooltipColor":"#ffffff","onePageScrollNavigationTooltipColorHover":"","onePageScrollNavigationTooltipBgColor":"#00ff0d","onePageScrollNavigationTooltipBgColorHover":"","onePageScrollNavigationTooltipPadding":[],"onePageScrollNavigationTooltipPaddingHover":[],"onePageScrollNavigationTooltipBorderRadius":[],"onePageScrollNavigationTooltipBorderRadiusHover":[],"pageSettingsCustomCss":"","footnotes":""},"class_list":["post-13060","page","type-page","status-publish","hentry"],"_links":{"self":[{"href":"https:\/\/bulenox.codes\/sq\/wp-json\/wp\/v2\/pages\/13060","targetHints":{"allow":["GET"]}}],"collection":[{"href":"https:\/\/bulenox.codes\/sq\/wp-json\/wp\/v2\/pages"}],"about":[{"href":"https:\/\/bulenox.codes\/sq\/wp-json\/wp\/v2\/types\/page"}],"author":[{"embeddable":true,"href":"https:\/\/bulenox.codes\/sq\/wp-json\/wp\/v2\/users\/1"}],"replies":[{"embeddable":true,"href":"https:\/\/bulenox.codes\/sq\/wp-json\/wp\/v2\/comments?post=13060"}],"version-history":[{"count":0,"href":"https:\/\/bulenox.codes\/sq\/wp-json\/wp\/v2\/pages\/13060\/revisions"}],"wp:attachment":[{"href":"https:\/\/bulenox.codes\/sq\/wp-json\/wp\/v2\/media?parent=13060"}],"curies":[{"name":"wp","href":"https:\/\/api.w.org\/{rel}","templated":true}]}}