{"id":13056,"date":"2025-01-18T09:33:19","date_gmt":"2025-01-18T14:33:19","guid":{"rendered":"https:\/\/bulenox.codes\/kodet-e-kuponave-te-bulenox\/"},"modified":"2026-02-06T12:29:23","modified_gmt":"2026-02-06T17:29:23","slug":"kodet-e-kuponave-te-bulenox","status":"publish","type":"page","link":"https:\/\/bulenox.codes\/sq\/kodet-e-kuponave-te-bulenox\/","title":{"rendered":"Kodet e Kuponave t\u00eb Bulenox"},"content":{"rendered":"\t\t<div data-elementor-type=\"wp-page\" data-elementor-id=\"13056\" class=\"elementor elementor-13056 elementor-8024\" data-elementor-post-type=\"page\">\n\t\t\t\t<div class=\"elementor-element elementor-element-fbd4079 e-flex e-con-boxed e-con e-parent\" data-id=\"fbd4079\" data-element_type=\"container\" data-e-type=\"container\">\n\t\t\t\t\t<div class=\"e-con-inner\">\n\t\t\t\t<div class=\"elementor-element elementor-element-a1f90f2 elementor-widget elementor-widget-heading\" data-id=\"a1f90f2\" data-element_type=\"widget\" data-e-type=\"widget\" data-settings=\"{&quot;ekit_we_effect_on&quot;:&quot;none&quot;}\" data-widget_type=\"heading.default\">\n\t\t\t\t\t<h2 class=\"elementor-heading-title elementor-size-default\">Kupon\/Kode Bulenox<\/h2>\t\t\t\t<\/div>\n\t\t\t\t\t<\/div>\n\t\t\t\t<\/div>\n\t\t<div class=\"elementor-element elementor-element-620d5e21 e-flex e-con-boxed e-con e-parent\" data-id=\"620d5e21\" data-element_type=\"container\" data-e-type=\"container\">\n\t\t\t\t\t<div class=\"e-con-inner\">\n\t\t\t\t<div class=\"elementor-element elementor-element-af7e406 elementor-widget elementor-widget-text-editor\" data-id=\"af7e406\" data-element_type=\"widget\" data-e-type=\"widget\" data-settings=\"{&quot;ekit_we_effect_on&quot;:&quot;none&quot;}\" data-widget_type=\"text-editor.default\">\n\t\t\t\t\t\t\t\t\t<p>N\u00ebse blini te <a href=\"http:\/\/bulenox.us\" target=\"_blank\" rel=\"noopener\">Bulenox<\/a> dhe po k\u00ebrkoni zbritje t\u00eb shk\u00eblqyera, ia vlen t\u00eb kontrolloni rregullisht p\u00ebr kodet m\u00eb t\u00eb fundit t\u00eb kuponave. Me k\u00ebto kupon\u00eb, mund t\u00eb siguroni zbritje t\u00ebrheq\u00ebse n\u00eb ark\u00eb dhe t\u00eb porosisni produktet tuaja t\u00eb preferuara me nj\u00eb \u00e7mim m\u00eb t\u00eb ul\u00ebt.<\/p>\n<p><strong>Pse t\u00eb p\u00ebrdorni kodet e kuponave <a href=\"http:\/\/bulenox.us\" target=\"_blank\" rel=\"noopener\">Bulenox<\/a> ?<\/strong><\/p>\n<p>Pavar\u00ebsisht n\u00ebse po porosisni p\u00ebr her\u00eb t\u00eb par\u00eb apo jeni nj\u00eb klient besnik &#8211; nj\u00eb kod kuponi <a href=\"http:\/\/bulenox.us\" target=\"_blank\" rel=\"noopener\">Bulenox<\/a> ju ofron shum\u00eb p\u00ebrpar\u00ebsi:<\/p>\n<ul>\n<li>Kursime t\u00eb menj\u00ebhershme: Kurseni direkt n\u00eb blerjen tuaj pa kushte t\u00eb nd\u00ebrlikuara.<\/li>\n<li>Oferta ekskluzive: Disa kupon\u00eb jan\u00eb t\u00eb disponuesh\u00ebm vet\u00ebm p\u00ebr nj\u00eb koh\u00eb t\u00eb kufizuar ose p\u00ebr produkte t\u00eb caktuara.<\/li>\n<li>E leht\u00eb p\u00ebr t\u2019u shfryt\u00ebzuar: Vendosni kodin n\u00eb shport\u00eb dhe p\u00ebrfitoni nga zbritja.<\/li>\n<\/ul>\t\t\t\t\t\t\t\t<\/div>\n\t\t\t\t<div class=\"elementor-element elementor-element-dbf428f elementor-widget elementor-widget-heading\" data-id=\"dbf428f\" data-element_type=\"widget\" data-e-type=\"widget\" data-settings=\"{&quot;ekit_we_effect_on&quot;:&quot;none&quot;}\" data-widget_type=\"heading.default\">\n\t\t\t\t\t<h2 class=\"elementor-heading-title elementor-size-default\">Kodet kryesore aktuale t\u00eb kuponave Bulenox:<\/h2>\t\t\t\t<\/div>\n\t\t\t\t<div class=\"elementor-element elementor-element-6df48b3 elementor-widget elementor-widget-text-editor\" data-id=\"6df48b3\" data-element_type=\"widget\" data-e-type=\"widget\" data-settings=\"{&quot;ekit_we_effect_on&quot;:&quot;none&quot;}\" data-widget_type=\"text-editor.default\">\n\t\t\t\t\t\t\t\t\t<p style=\"text-align: center;\"><\/p>\n<p style=\"text-align: center;\"><\/p>\n<p style=\"text-align: center;\"><span style=\"color: #3c434a; font-family: -apple-system, BlinkMacSystemFont, 'Segoe UI', Roboto, Oxygen-Sans, Ubuntu, Cantarell, 'Helvetica Neue', sans-serif; font-size: 14px; text-align: start;\">\n<div class=\"wpcd-coupon-two wpcd-coupon-id-17696\" >\n    <div class=\"wpcd-col-two-1-4\">\n        <figure>\n            <img decoding=\"async\" class=\"wpcd-coupon-two-img\" src=\"https:\/\/bulenox.codes\/wp-content\/uploads\/2026\/01\/LIFETIME89.jpg\" alt=\"Kodi \/ Kuponi i Bulenox 89% OPCIONI I P\u00cbRJET\u00cbS\" title=\"\">        <\/figure>\n        <div class=\"wpcd-coupon-two-discount-text\">\n\t\t\tOPCIONI 1 89% ZBRITJE        <\/div>\n    <\/div>\n    <div class=\"wpcd-col-two-3-4\">\n        <div class=\"wpcd-coupon-two-header\">\n            <div>\n            \t\t\t\t\t<h2 class=\"wpcd-coupon-title\">\n\t\t\t\t\t\t<a href=\"http:\/\/www.bulenox.us\" target=\"http:\/\/_self\" rel=\"nofollow noopener\">Kodi \/ Kuponi i Bulenox 89% OPCIONI I P\u00cbRJET\u00cbS<\/a>\n                \t<\/h2>\n\t\t\t\t            <\/div>\n        <\/div>\n        <div class=\"wpcd-coupon-two-info\">\n            <div class=\"wpcd-coupon-two-title\">\n                                                            <span class=\"wpcd-coupon-two-countdown-text\">\n                            Expires on:                         <\/span>\n                        <span class=\"wpcd-coupon-two-countdown test\"\n                            data-countdown_coupon=\"04\/21\/2026 23:59\"\n                            id=\"clock_17696\"><\/span>\n                                                <\/div>\n            <div class=\"wpcd-coupon-two-coupon\">\n\t\t\t\t\n\n    <div class=\"coupon-code-wpcd coupon-detail wpcd-coupon-id-17696 wpcd-coupon-button-type\">\n        <a data-type=\"code\" data-coupon-id=\"17696\"\n           href=\"?wpcd_coupon=17696\" class=\"coupon-button coupon-code-wpcd masterTooltip\"\n           id=\"coupon-button-17696\" title=\"Click Here to Show Code\" data-position=\"top center\" data-inverted=\"\" data-aff-url=\"http:\/\/www.bulenox.us\"\n           onClick=\"return wpcd_openCouponAffLink(this,  '17696', 'wpcd_category' )\" target=\"_blank\">\n            <span class=\"code-text-wpcd\" rel=\"nofollow\">OFF89<\/span>\n            <span class=\"get-code-wpcd\">\n        Show Code        <\/span>\n\n        <\/a>\n    <\/div>\n\n    <!-- Coupon Popup -->\n    <section id=\"wpcd_coupon_popup_17696\" class=\"wpcd_coupon_popup_wr\" style=\"display:none\">\n        <div class=\"wpcd_coupon_popup_layer\"><\/div>\n        <div class=\"wpcd_coupon_popup_inner\">\n            <div class=\"wpcd_coupon_popup_top_head\">\n                <p class=\"wpcd_coupon_popup_title\">\n\t\t\t\t\tKodi \/ Kuponi i Bulenox 89% OPCIONI I P\u00cbRJET\u00cbS                <\/p>\n                <span class=\"wpcd_coupon_popup_close\">&times;<\/span>\n            <\/div>\n            <div class=\"wpcd_coupon_popup_copy_main\">\n                <div class=\"wpcd_coupon_popup_copy_text\">\n                    <p>Click on &#8216;Copy&#8217; to Copy the Coupon Code.<\/p>\n                <\/div>\n                <div class=\"wpcd_coupon_popup_copy_code_wr\">\n                    <span class=\"wpcd_coupon_popup_copy_code_span\">OFF89<\/span>\n                    <span class=\"wpcd_coupon_top_copy_span wpcd_coupon_top_copy_span_17696\"\n                          data-clipboard-text=\"OFF89\">Copy<\/span>\n                    <span id=\"coupon_code_17696\"\n                          style=\"display:none;\">OFF89<\/span>\n                <\/div>\n\t\t\t\t                <script type=\"text\/javascript\">\n                    window.addEventListener('DOMContentLoaded', function() {\n                        var clip = new ClipboardJS('.wpcd_coupon_top_copy_span_17696');\n                        clip.on(\"success\", function () {\n\n                            document.querySelector('.wpcd_coupon_top_copy_span_17696').innerText = 'Copied';\n                            setTimeout(function () {\n                                document.querySelector('.wpcd_coupon_top_copy_span_17696').innerText = 'Copy';\n                            }, 500);\n                        });\n                    });\n                <\/script>\n\t                                <a target=\"_self\" rel=\"nofollow noopener\" class=\"wpcd_popup-go-link\" href=\"http:\/\/www.bulenox.us\">\n\t\t\t            Go to Offer                    <\/a>\n\t                        <\/div>\n        <\/div>\n    <\/section>\n\n\n            <\/div>\n            <div id=\"clear\"><\/div>\n        <\/div>\n        <div id=\"clear\"><\/div>\n        <div class=\"wpcd-coupon-description\">\n            <span class=\"wpcd-full-description\"><p>Bulenox ju ofron nj\u00eb kod zbritjeje prej 89% P\u00cbR JET\u00cbN p\u00ebr Sfidat e m\u00ebposhtme:<\/p>\r\n<ul>\r\n<li>(OPCIONI 1) $25,000 \/ Deri n\u00eb 3 llogari kontratash<\/li>\r\n<li>(OPCIONI 1) $50,000 \/ Deri n\u00eb 7 llogari kontratash<\/li>\r\n<li>(OPCIONI 1) $100,000 \/ Deri n\u00eb 12 llogari kontratash<\/li>\r\n<li>(OPCIONI 1) $150,000 \/ Deri n\u00eb 15 llogari kontratash<\/li>\r\n<li>(OPCIONI 1) $250,000 \/ Deri n\u00eb 25 llogari kontratash<\/li>\r\n<\/ul><\/span>\n            <span class=\"wpcd-short-description\"><\/span>\n                            <a href=\"#\" class=\"wpcd-more-description\">More<\/a>\n                <a href=\"#\" class=\"wpcd-less-description\">Less<\/a>\n                    <\/div>\n    <\/div>\n    <script type=\"text\/javascript\">\n\t\twindow.addEventListener('DOMContentLoaded', function() {\n\t\t\tvar clip = new ClipboardJS('.wpcd-btn-17696');\n\t\t});\n    <\/script>\n    <div class=\"clearfix\"><\/div>\n    <\/div>\n\n<\/span><\/p>\n<p style=\"text-align: center;\"><\/p>\n<p style=\"text-align: center;\"><\/p>\n<p style=\"text-align: center;\"><\/p>\n<p style=\"text-align: center;\"><\/p>\n<p style=\"text-align: center;\">\n<div class=\"wpcd-coupon-two wpcd-coupon-id-13102\" >\n    <div class=\"wpcd-col-two-1-4\">\n        <figure>\n            <img decoding=\"async\" class=\"wpcd-coupon-two-img\" src=\"https:\/\/bulenox.codes\/wp-content\/uploads\/2025\/01\/LIFETIME45.png\" alt=\"Kod \/ Kupon Bulenox 45% P\u00cbR JET\u00cb\" title=\"\">        <\/figure>\n        <div class=\"wpcd-coupon-two-discount-text\">\n\t\t\t45% ZBRITJE OPCIONI 1 \/ 2        <\/div>\n    <\/div>\n    <div class=\"wpcd-col-two-3-4\">\n        <div class=\"wpcd-coupon-two-header\">\n            <div>\n            \t\t\t\t\t<h2 class=\"wpcd-coupon-title\">\n\t\t\t\t\t\t<a href=\"http:\/\/www.bulenox.us\" target=\"http:\/\/_self\" rel=\"nofollow noopener\">Kod \/ Kupon Bulenox 45% P\u00cbR JET\u00cb<\/a>\n                \t<\/h2>\n\t\t\t\t            <\/div>\n        <\/div>\n        <div class=\"wpcd-coupon-two-info\">\n            <div class=\"wpcd-coupon-two-title\">\n                                                            <span class=\"wpcd-coupon-two-countdown-text\">\n                            Expires on:                         <\/span>\n                        <span class=\"wpcd-coupon-two-countdown test\"\n                            data-countdown_coupon=\"04\/30\/2026 23:59\"\n                            id=\"clock_13102\"><\/span>\n                                                <\/div>\n            <div class=\"wpcd-coupon-two-coupon\">\n\t\t\t\t\n\n    <div class=\"coupon-code-wpcd coupon-detail wpcd-coupon-id-13102 wpcd-coupon-button-type\">\n        <a data-type=\"code\" data-coupon-id=\"13102\"\n           href=\"?wpcd_coupon=13102\" class=\"coupon-button coupon-code-wpcd masterTooltip\"\n           id=\"coupon-button-13102\" title=\"Click Here to Show Code\" data-position=\"top center\" data-inverted=\"\" data-aff-url=\"http:\/\/www.bulenox.us\"\n           onClick=\"return wpcd_openCouponAffLink(this,  '13102', 'wpcd_category' )\" target=\"_blank\">\n            <span class=\"code-text-wpcd\" rel=\"nofollow\">OFF45<\/span>\n            <span class=\"get-code-wpcd\">\n        Show Code        <\/span>\n\n        <\/a>\n    <\/div>\n\n    <!-- Coupon Popup -->\n    <section id=\"wpcd_coupon_popup_13102\" class=\"wpcd_coupon_popup_wr\" style=\"display:none\">\n        <div class=\"wpcd_coupon_popup_layer\"><\/div>\n        <div class=\"wpcd_coupon_popup_inner\">\n            <div class=\"wpcd_coupon_popup_top_head\">\n                <p class=\"wpcd_coupon_popup_title\">\n\t\t\t\t\tKod \/ Kupon Bulenox 45% P\u00cbR JET\u00cb                <\/p>\n                <span class=\"wpcd_coupon_popup_close\">&times;<\/span>\n            <\/div>\n            <div class=\"wpcd_coupon_popup_copy_main\">\n                <div class=\"wpcd_coupon_popup_copy_text\">\n                    <p>Click on &#8216;Copy&#8217; to Copy the Coupon Code.<\/p>\n                <\/div>\n                <div class=\"wpcd_coupon_popup_copy_code_wr\">\n                    <span class=\"wpcd_coupon_popup_copy_code_span\">OFF45<\/span>\n                    <span class=\"wpcd_coupon_top_copy_span wpcd_coupon_top_copy_span_13102\"\n                          data-clipboard-text=\"OFF45\">Copy<\/span>\n                    <span id=\"coupon_code_13102\"\n                          style=\"display:none;\">OFF45<\/span>\n                <\/div>\n\t\t\t\t                <script type=\"text\/javascript\">\n                    window.addEventListener('DOMContentLoaded', function() {\n                        var clip = new ClipboardJS('.wpcd_coupon_top_copy_span_13102');\n                        clip.on(\"success\", function () {\n\n                            document.querySelector('.wpcd_coupon_top_copy_span_13102').innerText = 'Copied';\n                            setTimeout(function () {\n                                document.querySelector('.wpcd_coupon_top_copy_span_13102').innerText = 'Copy';\n                            }, 500);\n                        });\n                    });\n                <\/script>\n\t                                <a target=\"_self\" rel=\"nofollow noopener\" class=\"wpcd_popup-go-link\" href=\"http:\/\/www.bulenox.us\">\n\t\t\t            Go to Offer                    <\/a>\n\t                        <\/div>\n        <\/div>\n    <\/section>\n\n\n            <\/div>\n            <div id=\"clear\"><\/div>\n        <\/div>\n        <div id=\"clear\"><\/div>\n        <div class=\"wpcd-coupon-description\">\n            <span class=\"wpcd-full-description\"><p>Bulenox ju ofron nj\u00eb kod zbritjeje prej 45% P\u00cbR JET\u00cb p\u00ebr Sfidat e m\u00ebposhtme:<\/p>\r\n<ul>\r\n<li>(OPCIONI 1) $25,000 \/ Deri n\u00eb 3 llogari kontratash<\/li>\r\n<li>(OPCIONI 1) $50,000 \/ Deri n\u00eb 7 llogari kontratash<\/li>\r\n<li>(OPCIONI 1) $100,000 \/ Deri n\u00eb 12 llogari kontratash<\/li>\r\n<li>(OPCIONI 1) $150,000 \/ Deri n\u00eb 15 llogari kontratash<\/li>\r\n<li>(OPCIONI 1) $250. 000 \/ Deri n\u00eb 25 llogari kontratash<\/li>\r\n<li>(OPCIONI 2) EOD\/Shkall\u00ebzim\/DLL $25,000 \/ Deri n\u00eb 3 llogari kontratash<\/li>\r\n<li>(OPCIONI 2) EOD\/Shkall\u00ebzim\/DLL $50,000 \/ Deri n\u00eb 7 llogari kontratash<\/li>\r\n<li>(OPCIONI 2) EOD\/Shkall\u00ebzim\/DLL $100,000 \/ Deri n\u00eb 12 llogari kontratash<\/li>\r\n<li>(OPCIONI 2) EOD\/Shkall\u00ebzim $150,000 \/ Deri n\u00eb 15 llogari kontratash<\/li>\r\n<li>(OPCIONI 2) EOD\/Shkall\u00ebzim $250,000 \/ Deri n\u00eb 25 llogari kontratash<\/li>\r\n<\/ul><\/span>\n            <span class=\"wpcd-short-description\"><\/span>\n                            <a href=\"#\" class=\"wpcd-more-description\">More<\/a>\n                <a href=\"#\" class=\"wpcd-less-description\">Less<\/a>\n                    <\/div>\n    <\/div>\n    <script type=\"text\/javascript\">\n\t\twindow.addEventListener('DOMContentLoaded', function() {\n\t\t\tvar clip = new ClipboardJS('.wpcd-btn-13102');\n\t\t});\n    <\/script>\n    <div class=\"clearfix\"><\/div>\n    <\/div>\n\n<\/p>\n<p style=\"text-align: center;\"><\/p>\n<p style=\"text-align: center;\"><\/p>\n<p style=\"text-align: center;\"><\/p>\t\t\t\t\t\t\t\t<\/div>\n\t\t\t\t\t<\/div>\n\t\t\t\t<\/div>\n\t\t<div class=\"elementor-element elementor-element-e046a4e e-grid e-con-boxed e-con e-parent\" data-id=\"e046a4e\" data-element_type=\"container\" data-e-type=\"container\" data-settings=\"{&quot;background_background&quot;:&quot;classic&quot;}\">\n\t\t\t\t\t<div class=\"e-con-inner\">\n\t\t\t\t<div class=\"elementor-element elementor-element-b94a630 elementor-widget elementor-widget-heading\" data-id=\"b94a630\" data-element_type=\"widget\" data-e-type=\"widget\" data-settings=\"{&quot;ekit_we_effect_on&quot;:&quot;none&quot;}\" data-widget_type=\"heading.default\">\n\t\t\t\t\t<h2 class=\"elementor-heading-title elementor-size-default\">Mos humbisni m\u00eb kurr\u00eb kuponat Bulenox!\nRegjistrohuni p\u00ebr buletinin ton\u00eb falas sot!<\/h2>\t\t\t\t<\/div>\n\t\t\t\t<div class=\"elementor-element elementor-element-bde6899 elementor-widget elementor-widget-text-editor\" data-id=\"bde6899\" data-element_type=\"widget\" data-e-type=\"widget\" data-settings=\"{&quot;ekit_we_effect_on&quot;:&quot;none&quot;}\" data-widget_type=\"text-editor.default\">\n\t\t\t\t\t\t\t\t\t<div class=\"tnp tnp-subscription-minimal  \"><form action=\"https:\/\/bulenox.codes\/wp-admin\/admin-ajax.php?action=tnp&amp;na=s\" method=\"post\" style=\"text-align: center\"><input type=\"hidden\" name=\"nr\" value=\"minimal\">\n<input type=\"hidden\" name=\"nlang\" value=\"sq\">\n<input class=\"tnp-email\" type=\"email\" required name=\"ne\" value=\"\" placeholder=\"Email\"><input class=\"tnp-submit\" type=\"submit\" value=\"Regjistrohu\" style=\"\">\n<div class=\"tnp-field tnp-privacy-field\"><label><input type=\"checkbox\" name=\"ny\" required class=\"tnp-privacy\"> <a target=\"_blank\" href=\"https:\/\/bulenox.codes\/privacy-policy\/\">Un\u00eb pranoj politik\u00ebn e privat\u00ebsis\u00eb<\/a><\/label><\/div><\/form><\/div>\n\t\t\t\t\t\t\t\t<\/div>\n\t\t\t\t\t<\/div>\n\t\t\t\t<\/div>\n\t\t<div class=\"elementor-element elementor-element-d30de9e e-flex e-con-boxed e-con e-parent\" data-id=\"d30de9e\" data-element_type=\"container\" data-e-type=\"container\">\n\t\t\t\t\t<div class=\"e-con-inner\">\n\t\t\t\t<div class=\"elementor-element elementor-element-3ccf68db elementor-widget elementor-widget-text-editor\" data-id=\"3ccf68db\" data-element_type=\"widget\" data-e-type=\"widget\" data-settings=\"{&quot;ekit_we_effect_on&quot;:&quot;none&quot;}\" data-widget_type=\"text-editor.default\">\n\t\t\t\t\t\t\t\t\t<p style=\"text-align: center;\"><strong>K\u00ebshill\u00eb:<\/strong> Regjistrohuni p\u00ebr buletinin informativ n\u00eb m\u00ebnyr\u00eb q\u00eb t\u00eb mos humbisni kupona dhe oferta speciale n\u00eb t\u00eb ardhmen n\u00eb <a href=\"http:\/\/bulenox.us\" target=\"_blank\" rel=\"noreferrer noopener\">Bulenox<\/a> .<\/p>\t\t\t\t\t\t\t\t<\/div>\n\t\t\t\t\t<\/div>\n\t\t\t\t<\/div>\n\t\t\t\t<\/div>\n\t\t\n    <div class=\"xs_social_share_widget xs_share_url after_content \t\tmain_content  wslu-style-1 wslu-share-box-shaped wslu-fill-colored wslu-none wslu-share-horizontal wslu-theme-font-no wslu-main_content\">\n\n\t\t\n        <ul>\n\t\t\t        <\/ul>\n    <\/div> \n","protected":false},"excerpt":{"rendered":"<p>Kupon\/Kode Bulenox N\u00ebse blini te Bulenox dhe po k\u00ebrkoni zbritje t\u00eb shk\u00eblqyera, ia vlen t\u00eb kontrolloni rregullisht p\u00ebr kodet m\u00eb t\u00eb fundit t\u00eb kuponave. Me k\u00ebto kupon\u00eb, mund t\u00eb siguroni zbritje t\u00ebrheq\u00ebse n\u00eb ark\u00eb dhe t\u00eb porosisni produktet tuaja t\u00eb preferuara me nj\u00eb \u00e7mim m\u00eb t\u00eb ul\u00ebt. Pse t\u00eb p\u00ebrdorni kodet e kuponave Bulenox ? [&hellip;]<\/p>\n","protected":false},"author":1,"featured_media":0,"parent":0,"menu_order":0,"comment_status":"closed","ping_status":"closed","template":"","meta":{"_angie_page":false,"postBodyCss":"","postBodyMargin":[],"postBodyPadding":[],"postBodyBackground":{"backgroundType":"classic","gradient":""},"enableOnePageScrollInPage":false,"onePageScrollCss":"","onePageScrollSpeed":1000,"onePageScrollAnimation":"easeInOutQuad","onePageScrollShowDotNavigation":true,"onePageScrollNavigation":"scaleUp","onePageScrollNavigationPosition":"right","onePageScrollNavigationHorizontal":[],"onePageScrollNavigationVertical":[],"onePageScrollNavigationSpacing":[],"onePageScrollNavigationColor":"#00ff0d","onePageScrollNavigationColorHover":"#00ff0d","onePageScrollNavigationColorActive":"#00ff0d","onePageScrollNavigationIcon":[],"onePageScrollNavigationWidth":[],"onePageScrollNavigationWidthHover":[],"onePageScrollNavigationWidthActive":[],"onePageScrollNavigationHeight":[],"onePageScrollNavigationHeightHover":[],"onePageScrollNavigationHeightActive":[],"onePageScrollNavigationBorder":[],"onePageScrollNavigationBorderHover":[],"onePageScrollNavigationBorderActive":[],"onePageScrollNavigationBorderRadius":[],"onePageScrollNavigationBorderRadiusHover":[],"onePageScrollNavigationBorderRadiusActive":[],"onePageScrollNavigationTooltipTypography":[],"onePageScrollNavigationTooltipColor":"#ffffff","onePageScrollNavigationTooltipColorHover":"","onePageScrollNavigationTooltipBgColor":"#00ff0d","onePageScrollNavigationTooltipBgColorHover":"","onePageScrollNavigationTooltipPadding":[],"onePageScrollNavigationTooltipPaddingHover":[],"onePageScrollNavigationTooltipBorderRadius":[],"onePageScrollNavigationTooltipBorderRadiusHover":[],"pageSettingsCustomCss":"","footnotes":""},"class_list":["post-13056","page","type-page","status-publish","hentry"],"_links":{"self":[{"href":"https:\/\/bulenox.codes\/sq\/wp-json\/wp\/v2\/pages\/13056","targetHints":{"allow":["GET"]}}],"collection":[{"href":"https:\/\/bulenox.codes\/sq\/wp-json\/wp\/v2\/pages"}],"about":[{"href":"https:\/\/bulenox.codes\/sq\/wp-json\/wp\/v2\/types\/page"}],"author":[{"embeddable":true,"href":"https:\/\/bulenox.codes\/sq\/wp-json\/wp\/v2\/users\/1"}],"replies":[{"embeddable":true,"href":"https:\/\/bulenox.codes\/sq\/wp-json\/wp\/v2\/comments?post=13056"}],"version-history":[{"count":0,"href":"https:\/\/bulenox.codes\/sq\/wp-json\/wp\/v2\/pages\/13056\/revisions"}],"wp:attachment":[{"href":"https:\/\/bulenox.codes\/sq\/wp-json\/wp\/v2\/media?parent=13056"}],"curies":[{"name":"wp","href":"https:\/\/api.w.org\/{rel}","templated":true}]}}