{"id":13457,"date":"2025-01-15T12:33:57","date_gmt":"2025-01-15T17:33:57","guid":{"rendered":"https:\/\/bulenox.codes\/quantvps\/"},"modified":"2025-10-11T14:04:55","modified_gmt":"2025-10-11T18:04:55","slug":"quantvps","status":"publish","type":"page","link":"https:\/\/bulenox.codes\/ro\/quantvps\/","title":{"rendered":"QuantVPS"},"content":{"rendered":"&#13;\n<h2 class=\"wp-block-heading has-primary-color has-text-color has-link-color has-x-large-font-size wp-elements-fe006036757eca11771577fdf1414522\">&#8222;QuantVPS: Solu\u021bia final\u0103 cu laten\u021b\u0103 redus\u0103 pentru traderii profesioni\u0219ti&#8221;<\/h2>&#13;\n\r\n<div class=\"wp-block-columns is-layout-flex wp-container-core-columns-is-layout-28f84493 wp-block-columns-is-layout-flex\">\r\n<div class=\"wp-block-column is-layout-flow wp-block-column-is-layout-flow\">\r\n<div class=\"wp-block-media-text is-stacked-on-mobile is-vertically-aligned-top\">\r\n<figure class=\"wp-block-media-text__media\"><a href=\"http:\/\/quantvps.de\" target=\"_blank\" rel=\"noreferrer noopener\"><img fetchpriority=\"high\" decoding=\"async\" width=\"800\" height=\"401\" class=\"wp-image-6590 size-full\" src=\"https:\/\/bulenox.codes\/wp-content\/uploads\/2025\/01\/1705432402592.jpeg\" alt=\"\" title=\"\" srcset=\"https:\/\/bulenox.codes\/wp-content\/uploads\/2025\/01\/1705432402592.jpeg 800w, https:\/\/bulenox.codes\/wp-content\/uploads\/2025\/01\/1705432402592-300x150.jpeg 300w, https:\/\/bulenox.codes\/wp-content\/uploads\/2025\/01\/1705432402592-768x385.jpeg 768w\" sizes=\"(max-width: 800px) 100vw, 800px\" \/><\/a><\/figure>\r\n<div class=\"wp-block-media-text__content\">&#13;\n<p class=\"has-medium-font-size\"><a href=\"http:\/\/quantvps.de\/\" target=\"_blank\" rel=\"noreferrer noopener\">QuantVPS<\/a> este alegerea ideal\u0103 pentru comercian\u021bii \u0219i profesioni\u0219tii financiari care se bazeaz\u0103 pe servere rapide, fiabile \u0219i cu laten\u021b\u0103 redus\u0103. \u00cen lumea rapid\u0103 a tranzac\u021biilor, \u00een care milisecundele pot determina profitul sau pierderea, <a href=\"http:\/\/quantvps.de\/\" target=\"_blank\" rel=\"noreferrer noopener\">QuantVPS<\/a> ofer\u0103 o infrastructur\u0103 robust\u0103, adaptat\u0103 pentru a satisface nevoile exigente ale industriei. <\/p>&#13;\n\r\n\r\n&#13;\n<p class=\"has-medium-font-size\">Una dintre caracteristicile deosebite ale <a href=\"http:\/\/quantvps.de\/\" target=\"_blank\" rel=\"noreferrer noopener\">QuantVPS<\/a>este laten\u021ba sa ultra-redusa. Cu centre de date de ultim\u0103 genera\u021bie situate strategic \u00een apropierea pie\u021belor financiare majore, <g id=\"gid_1\">QuantVPS<\/g> ofer\u0103 conexiuni ultra-rapide la burse \u0219i platforme de tranzac\u021bionare. Acest lucru asigur\u0103 executarea instantanee a ordinelor &#8211; un avantaj esen\u021bial pentru traderii zilnici, traderii algo \u0219i oricine utilizeaz\u0103 strategii de tranzac\u021bionare automate.  <\/p>&#13;\n\r\n\r\n&#13;\n<p class=\"has-medium-font-size\">Solu\u021biile VPS ale <a href=\"http:\/\/quantvps.de\/\" target=\"_blank\" rel=\"noreferrer noopener\">QuantVPS<\/a>sunt concepute pentru stabilitate \u0219i performan\u021b\u0103 maxim\u0103, chiar \u0219i \u00een perioadele de volatilitate ridicat\u0103 a pie\u021bei. Datorit\u0103 unit\u0103\u021bilor SSD de \u00eenalt\u0103 performan\u021b\u0103 \u0219i a resurselor dedicate, utilizatorii beneficiaz\u0103 de viteze rapide constante \u0219i de opera\u021biuni fiabile, f\u0103r\u0103 \u00eentreruperi sau \u00eent\u00e2rzieri. <\/p>&#13;\n\r\n\r\n&#13;\n<p class=\"has-medium-font-size\">Un alt avantaj cheie este disponibilitatea 24\/7 a serverelor, accesibile de pe orice dispozitiv &#8211; fie c\u0103 este vorba de un PC, o tablet\u0103 sau un smartphone. Traderii \u00ee\u0219i pot monitoriza \u0219i ajusta strategiile \u00een orice moment, beneficiind \u00een acela\u0219i timp de acces root complet \u0219i de un mediu sigur \u0219i izolat. Aceast\u0103 combina\u021bie de flexibilitate \u0219i control face din <a href=\"http:\/\/quantvps.de\/\" target=\"_blank\" rel=\"noreferrer noopener\">QuantVPS<\/a> o solu\u021bie de top pentru utilizatorii exigen\u021bi.  <\/p>&#13;\n\r\n\r\n&#13;\n<p class=\"has-medium-font-size\"><a href=\"http:\/\/quantvps.de\/\" target=\"_blank\" rel=\"noreferrer noopener\">QuantVPS<\/a> ofer\u0103, de asemenea, scalabilitate, permi\u021b\u00e2nd ajust\u0103ri f\u0103r\u0103 probleme ale capacit\u0103\u021bilor serverului \u00een func\u021bie de volumele de tranzac\u021bionare. \u00cen plus, echipa lor excelent\u0103 de asisten\u021b\u0103 pentru clien\u021bi este \u00eentotdeauna disponibil\u0103 pentru a ajuta cu \u00eentreb\u0103ri tehnice sau configura\u021bii personalizate. <\/p>&#13;\n\r\n\r\n&#13;\n<p class=\"has-medium-font-size\">Pentru comercian\u021bii care acord\u0103 prioritate vitezei, securit\u0103\u021bii \u0219i fiabilit\u0103\u021bii, <a href=\"http:\/\/quantvps.de\/\" target=\"_blank\" rel=\"noreferrer noopener\">QuantVPS<\/a> este platforma perfect\u0103 pentru a executa strategiile de tranzac\u021bionare eficient \u0219i cu succes.<\/p>&#13;\n\r\n\r\n<\/div>\r\n<\/div>\r\n<\/div>\r\n<\/div>\r\n\n    <div class=\"xs_social_share_widget xs_share_url after_content \t\tmain_content  wslu-style-1 wslu-share-box-shaped wslu-fill-colored wslu-none wslu-share-horizontal wslu-theme-font-no wslu-main_content\">\n\n\t\t\n        <ul>\n\t\t\t        <\/ul>\n    <\/div> \n","protected":false},"excerpt":{"rendered":"<p>&#13; &#8222;QuantVPS: Solu\u021bia final\u0103 cu laten\u021b\u0103 redus\u0103 pentru traderii profesioni\u0219ti&#8221; &#13; &#13; QuantVPS este alegerea ideal\u0103 pentru comercian\u021bii \u0219i profesioni\u0219tii financiari care se bazeaz\u0103 pe servere rapide, fiabile \u0219i cu laten\u021b\u0103 redus\u0103. \u00cen lumea rapid\u0103 a tranzac\u021biilor, \u00een care milisecundele pot determina profitul sau pierderea, QuantVPS ofer\u0103 o infrastructur\u0103 robust\u0103, adaptat\u0103 pentru a satisface nevoile [&hellip;]<\/p>\n","protected":false},"author":1,"featured_media":0,"parent":0,"menu_order":0,"comment_status":"closed","ping_status":"closed","template":"","meta":{"_angie_page":false,"postBodyCss":"","postBodyMargin":[],"postBodyPadding":[],"postBodyBackground":{"backgroundType":"classic","gradient":""},"enableOnePageScrollInPage":false,"onePageScrollCss":"","onePageScrollSpeed":1000,"onePageScrollAnimation":"easeInOutQuad","onePageScrollShowDotNavigation":true,"onePageScrollNavigation":"scaleUp","onePageScrollNavigationPosition":"right","onePageScrollNavigationHorizontal":[],"onePageScrollNavigationVertical":[],"onePageScrollNavigationSpacing":[],"onePageScrollNavigationColor":"#00ff0d","onePageScrollNavigationColorHover":"#00ff0d","onePageScrollNavigationColorActive":"#00ff0d","onePageScrollNavigationIcon":[],"onePageScrollNavigationWidth":[],"onePageScrollNavigationWidthHover":[],"onePageScrollNavigationWidthActive":[],"onePageScrollNavigationHeight":[],"onePageScrollNavigationHeightHover":[],"onePageScrollNavigationHeightActive":[],"onePageScrollNavigationBorder":[],"onePageScrollNavigationBorderHover":[],"onePageScrollNavigationBorderActive":[],"onePageScrollNavigationBorderRadius":[],"onePageScrollNavigationBorderRadiusHover":[],"onePageScrollNavigationBorderRadiusActive":[],"onePageScrollNavigationTooltipTypography":[],"onePageScrollNavigationTooltipColor":"#ffffff","onePageScrollNavigationTooltipColorHover":"","onePageScrollNavigationTooltipBgColor":"#00ff0d","onePageScrollNavigationTooltipBgColorHover":"","onePageScrollNavigationTooltipPadding":[],"onePageScrollNavigationTooltipPaddingHover":[],"onePageScrollNavigationTooltipBorderRadius":[],"onePageScrollNavigationTooltipBorderRadiusHover":[],"pageSettingsCustomCss":"","footnotes":""},"class_list":["post-13457","page","type-page","status-publish","hentry"],"_links":{"self":[{"href":"https:\/\/bulenox.codes\/ro\/wp-json\/wp\/v2\/pages\/13457","targetHints":{"allow":["GET"]}}],"collection":[{"href":"https:\/\/bulenox.codes\/ro\/wp-json\/wp\/v2\/pages"}],"about":[{"href":"https:\/\/bulenox.codes\/ro\/wp-json\/wp\/v2\/types\/page"}],"author":[{"embeddable":true,"href":"https:\/\/bulenox.codes\/ro\/wp-json\/wp\/v2\/users\/1"}],"replies":[{"embeddable":true,"href":"https:\/\/bulenox.codes\/ro\/wp-json\/wp\/v2\/comments?post=13457"}],"version-history":[{"count":0,"href":"https:\/\/bulenox.codes\/ro\/wp-json\/wp\/v2\/pages\/13457\/revisions"}],"wp:attachment":[{"href":"https:\/\/bulenox.codes\/ro\/wp-json\/wp\/v2\/media?parent=13457"}],"curies":[{"name":"wp","href":"https:\/\/api.w.org\/{rel}","templated":true}]}}