{"id":7030,"date":"2025-01-15T12:33:57","date_gmt":"2025-01-15T18:33:57","guid":{"rendered":"https:\/\/bulenox.codes\/quantvps\/"},"modified":"2025-01-22T10:17:20","modified_gmt":"2025-01-22T16:17:20","slug":"quantvps","status":"publish","type":"page","link":"https:\/\/bulenox.codes\/pt-pt\/quantvps\/","title":{"rendered":"QuantVPS"},"content":{"rendered":"\r\n<h2 class=\"wp-block-heading has-primary-color has-text-color has-link-color has-x-large-font-size wp-elements-2c8a1102699b253c33bdfa052bb02b4a\">&#8220;QuantVPS: A melhor solu\u00e7\u00e3o de baixa lat\u00eancia para comerciantes profissionais&#8221;<\/h2>\r\n\r\n\r\n\r\n<div class=\"wp-block-columns is-layout-flex wp-container-core-columns-is-layout-28f84493 wp-block-columns-is-layout-flex\">\r\n<div class=\"wp-block-column is-layout-flow wp-block-column-is-layout-flow\">\r\n<div class=\"wp-block-media-text is-stacked-on-mobile is-vertically-aligned-top\">\r\n<figure class=\"wp-block-media-text__media\"><a href=\"http:\/\/quantvps.de\" target=\"_blank\" rel=\"noreferrer noopener\"><img decoding=\"async\" width=\"800\" height=\"401\" class=\"wp-image-6590 size-full\" src=\"https:\/\/bulenox.codes\/wp-content\/uploads\/2025\/01\/1705432402592.jpeg\" alt=\"\" title=\"\" srcset=\"https:\/\/bulenox.codes\/wp-content\/uploads\/2025\/01\/1705432402592.jpeg 800w, https:\/\/bulenox.codes\/wp-content\/uploads\/2025\/01\/1705432402592-300x150.jpeg 300w, https:\/\/bulenox.codes\/wp-content\/uploads\/2025\/01\/1705432402592-768x385.jpeg 768w\" sizes=\"(max-width: 800px) 100vw, 800px\" \/><\/a><\/figure>\r\n<div class=\"wp-block-media-text__content\">\r\n<p class=\"has-medium-font-size\"><a href=\"http:\/\/quantvps.de\/\" target=\"_blank\" rel=\"noreferrer noopener\">O QuantVPS<\/a> \u00e9 a escolha ideal para comerciantes e profissionais financeiros que dependem de servidores r\u00e1pidos, fi\u00e1veis e de baixa lat\u00eancia. No mundo acelerado do com\u00e9rcio, onde milissegundos podem determinar lucros ou perdas, <a href=\"http:\/\/quantvps.de\/\" target=\"_blank\" rel=\"noreferrer noopener\">o QuantVPS<\/a> fornece uma infraestrutura robusta adaptada para atender \u00e0s necessidades exigentes do setor.<\/p>\r\n\r\n\r\n\r\n<p class=\"has-medium-font-size\">Uma das carater\u00edsticas de destaque do <a href=\"http:\/\/quantvps.de\/\" target=\"_blank\" rel=\"noreferrer noopener\">QuantVPS<\/a>\u00e9 a sua lat\u00eancia ultra-baixa. Com centros de dados de \u00faltima gera\u00e7\u00e3o estrategicamente localizados perto dos principais mercados financeiros, <a href=\"http:\/\/quantvps.de\/\" target=\"_blank\" rel=\"noreferrer noopener\">o QuantVPS<\/a> fornece liga\u00e7\u00f5es extremamente r\u00e1pidas a bolsas e plataformas de negocia\u00e7\u00e3o. Isso garante a execu\u00e7\u00e3o instant\u00e2nea de ordens &#8211; uma vantagem cr\u00edtica para day traders, algo traders e qualquer pessoa que utilize estrat\u00e9gias de negocia\u00e7\u00e3o automatizadas.<\/p>\r\n\r\n\r\n\r\n<p class=\"has-medium-font-size\">As solu\u00e7\u00f5es VPS da <a href=\"http:\/\/quantvps.de\/\" target=\"_blank\" rel=\"noreferrer noopener\">QuantVPS<\/a>foram concebidas para garantir a m\u00e1xima estabilidade e desempenho, mesmo durante per\u00edodos de elevada volatilidade do mercado. Com unidades SSD de alto desempenho e recursos dedicados, os utilizadores beneficiam de velocidades consistentemente r\u00e1pidas e opera\u00e7\u00f5es fi\u00e1veis sem interrup\u00e7\u00f5es ou atrasos.<\/p>\r\n\r\n\r\n\r\n<p class=\"has-medium-font-size\">Outra vantagem importante \u00e9 a disponibilidade dos servidores 24 horas por dia, 7 dias por semana, acess\u00edvel a partir de qualquer dispositivo &#8211; seja um PC, tablet ou smartphone. Os comerciantes podem monitorizar e ajustar as suas estrat\u00e9gias a qualquer momento, enquanto desfrutam de acesso root total e de um ambiente seguro e isolado. Esta combina\u00e7\u00e3o de flexibilidade e controlo faz do <a href=\"http:\/\/quantvps.de\/\" target=\"_blank\" rel=\"noreferrer noopener\">QuantVPS<\/a> uma solu\u00e7\u00e3o de topo para utilizadores exigentes.<\/p>\r\n\r\n\r\n\r\n<p class=\"has-medium-font-size\"><a href=\"http:\/\/quantvps.de\/\" target=\"_blank\" rel=\"noreferrer noopener\">O QuantVPS<\/a> tamb\u00e9m oferece escalabilidade, permitindo ajustes cont\u00ednuos nas capacidades do servidor com base nos volumes de negocia\u00e7\u00e3o. Al\u00e9m disso, a sua excelente equipa de apoio ao cliente est\u00e1 sempre dispon\u00edvel para ajudar com quest\u00f5es t\u00e9cnicas ou configura\u00e7\u00f5es personalizadas.<\/p>\r\n\r\n\r\n\r\n<p class=\"has-medium-font-size\">Para os comerciantes que d\u00e3o prioridade \u00e0 velocidade, seguran\u00e7a e fiabilidade, <a href=\"http:\/\/quantvps.de\/\" target=\"_blank\" rel=\"noreferrer noopener\">o QuantVPS<\/a> \u00e9 a plataforma perfeita para executar estrat\u00e9gias de negocia\u00e7\u00e3o de forma eficiente e com sucesso.<\/p>\r\n\r\n\r\n<\/div>\r\n<\/div>\r\n<\/div>\r\n<\/div>\r\n\n    <div class=\"xs_social_share_widget xs_share_url after_content \t\tmain_content  wslu-style-1 wslu-share-box-shaped wslu-fill-colored wslu-none wslu-share-horizontal wslu-theme-font-no wslu-main_content\">\n\n\t\t\n        <ul>\n\t\t\t        <\/ul>\n    <\/div> \n","protected":false},"excerpt":{"rendered":"<p>&#8220;QuantVPS: A melhor solu\u00e7\u00e3o de baixa lat\u00eancia para comerciantes profissionais&#8221; O QuantVPS \u00e9 a escolha ideal para comerciantes e profissionais financeiros que dependem de servidores r\u00e1pidos, fi\u00e1veis e de baixa lat\u00eancia. No mundo acelerado do com\u00e9rcio, onde milissegundos podem determinar lucros ou perdas, o QuantVPS fornece uma infraestrutura robusta adaptada para atender \u00e0s necessidades exigentes [&hellip;]<\/p>\n","protected":false},"author":1,"featured_media":0,"parent":0,"menu_order":0,"comment_status":"closed","ping_status":"closed","template":"","meta":{"_angie_page":false,"postBodyCss":"","postBodyMargin":[],"postBodyPadding":[],"postBodyBackground":{"backgroundType":"classic","gradient":""},"enableOnePageScrollInPage":false,"onePageScrollCss":"","onePageScrollSpeed":1000,"onePageScrollAnimation":"easeInOutQuad","onePageScrollShowDotNavigation":true,"onePageScrollNavigation":"scaleUp","onePageScrollNavigationPosition":"right","onePageScrollNavigationHorizontal":[],"onePageScrollNavigationVertical":[],"onePageScrollNavigationSpacing":[],"onePageScrollNavigationColor":"#00ff0d","onePageScrollNavigationColorHover":"#00ff0d","onePageScrollNavigationColorActive":"#00ff0d","onePageScrollNavigationIcon":[],"onePageScrollNavigationWidth":[],"onePageScrollNavigationWidthHover":[],"onePageScrollNavigationWidthActive":[],"onePageScrollNavigationHeight":[],"onePageScrollNavigationHeightHover":[],"onePageScrollNavigationHeightActive":[],"onePageScrollNavigationBorder":[],"onePageScrollNavigationBorderHover":[],"onePageScrollNavigationBorderActive":[],"onePageScrollNavigationBorderRadius":[],"onePageScrollNavigationBorderRadiusHover":[],"onePageScrollNavigationBorderRadiusActive":[],"onePageScrollNavigationTooltipTypography":[],"onePageScrollNavigationTooltipColor":"#ffffff","onePageScrollNavigationTooltipColorHover":"","onePageScrollNavigationTooltipBgColor":"#00ff0d","onePageScrollNavigationTooltipBgColorHover":"","onePageScrollNavigationTooltipPadding":[],"onePageScrollNavigationTooltipPaddingHover":[],"onePageScrollNavigationTooltipBorderRadius":[],"onePageScrollNavigationTooltipBorderRadiusHover":[],"pageSettingsCustomCss":"","footnotes":""},"class_list":["post-7030","page","type-page","status-publish","hentry"],"_links":{"self":[{"href":"https:\/\/bulenox.codes\/pt-pt\/wp-json\/wp\/v2\/pages\/7030","targetHints":{"allow":["GET"]}}],"collection":[{"href":"https:\/\/bulenox.codes\/pt-pt\/wp-json\/wp\/v2\/pages"}],"about":[{"href":"https:\/\/bulenox.codes\/pt-pt\/wp-json\/wp\/v2\/types\/page"}],"author":[{"embeddable":true,"href":"https:\/\/bulenox.codes\/pt-pt\/wp-json\/wp\/v2\/users\/1"}],"replies":[{"embeddable":true,"href":"https:\/\/bulenox.codes\/pt-pt\/wp-json\/wp\/v2\/comments?post=7030"}],"version-history":[{"count":0,"href":"https:\/\/bulenox.codes\/pt-pt\/wp-json\/wp\/v2\/pages\/7030\/revisions"}],"wp:attachment":[{"href":"https:\/\/bulenox.codes\/pt-pt\/wp-json\/wp\/v2\/media?parent=7030"}],"curies":[{"name":"wp","href":"https:\/\/api.w.org\/{rel}","templated":true}]}}