{"id":7050,"date":"2025-01-15T12:33:57","date_gmt":"2025-01-15T18:33:57","guid":{"rendered":"https:\/\/bulenox.codes\/quantvps\/"},"modified":"2025-01-22T10:16:57","modified_gmt":"2025-01-22T16:16:57","slug":"quantvps","status":"publish","type":"page","link":"https:\/\/bulenox.codes\/pt-br\/quantvps\/","title":{"rendered":"QuantVPS"},"content":{"rendered":"\r\n<h2 class=\"wp-block-heading has-primary-color has-text-color has-link-color has-x-large-font-size wp-elements-b3e89fb8d662e4c3f35e4ac14fd562a6\">&#8220;QuantVPS: a melhor solu\u00e7\u00e3o de baixa lat\u00eancia para traders profissionais&#8221;<\/h2>\r\n\r\n\r\n\r\n<div class=\"wp-block-columns is-layout-flex wp-container-core-columns-is-layout-28f84493 wp-block-columns-is-layout-flex\">\r\n<div class=\"wp-block-column is-layout-flow wp-block-column-is-layout-flow\">\r\n<div class=\"wp-block-media-text is-stacked-on-mobile is-vertically-aligned-top\">\r\n<figure class=\"wp-block-media-text__media\"><a href=\"http:\/\/quantvps.de\" target=\"_blank\" rel=\"noreferrer noopener\"><img fetchpriority=\"high\" decoding=\"async\" width=\"800\" height=\"401\" class=\"wp-image-6590 size-full\" src=\"https:\/\/bulenox.codes\/wp-content\/uploads\/2025\/01\/1705432402592.jpeg\" alt=\"\" title=\"\" srcset=\"https:\/\/bulenox.codes\/wp-content\/uploads\/2025\/01\/1705432402592.jpeg 800w, https:\/\/bulenox.codes\/wp-content\/uploads\/2025\/01\/1705432402592-300x150.jpeg 300w, https:\/\/bulenox.codes\/wp-content\/uploads\/2025\/01\/1705432402592-768x385.jpeg 768w\" sizes=\"(max-width: 800px) 100vw, 800px\" \/><\/a><\/figure>\r\n<div class=\"wp-block-media-text__content\">\r\n<p class=\"has-medium-font-size\"><a href=\"http:\/\/quantvps.de\/\" target=\"_blank\" rel=\"noreferrer noopener\">O QuantVPS<\/a> \u00e9 a escolha ideal para traders e profissionais financeiros que dependem de servidores r\u00e1pidos, confi\u00e1veis e de baixa lat\u00eancia. No mundo acelerado das negocia\u00e7\u00f5es, em que milissegundos podem determinar lucros ou perdas, <a href=\"http:\/\/quantvps.de\/\" target=\"_blank\" rel=\"noreferrer noopener\">o QuantVPS<\/a> oferece uma infraestrutura robusta, adaptada para atender \u00e0s necessidades exigentes do setor.<\/p>\r\n\r\n\r\n\r\n<p class=\"has-medium-font-size\">Um dos recursos de destaque do <a href=\"http:\/\/quantvps.de\/\" target=\"_blank\" rel=\"noreferrer noopener\">QuantVPS<\/a>\u00e9 sua lat\u00eancia ultrabaixa. Com data centers de \u00faltima gera\u00e7\u00e3o estrategicamente localizados perto dos principais mercados financeiros, <a href=\"http:\/\/quantvps.de\/\" target=\"_blank\" rel=\"noreferrer noopener\">o QuantVPS<\/a> oferece conex\u00f5es extremamente r\u00e1pidas com bolsas e plataformas de negocia\u00e7\u00e3o. Isso garante a execu\u00e7\u00e3o instant\u00e2nea de ordens &#8211; uma vantagem essencial para day traders, algo traders e qualquer pessoa que utilize estrat\u00e9gias de negocia\u00e7\u00e3o automatizadas.<\/p>\r\n\r\n\r\n\r\n<p class=\"has-medium-font-size\">As solu\u00e7\u00f5es de VPS da <a href=\"http:\/\/quantvps.de\/\" target=\"_blank\" rel=\"noreferrer noopener\">QuantVPS<\/a>s\u00e3o projetadas para oferecer o m\u00e1ximo de estabilidade e desempenho, mesmo durante per\u00edodos de alta volatilidade do mercado. Com unidades SSD de alto desempenho e recursos dedicados, os usu\u00e1rios se beneficiam de velocidades consistentemente r\u00e1pidas e opera\u00e7\u00f5es confi\u00e1veis, sem interrup\u00e7\u00f5es ou atrasos.<\/p>\r\n\r\n\r\n\r\n<p class=\"has-medium-font-size\">Outra vantagem importante \u00e9 a disponibilidade de servidores 24 horas por dia, 7 dias por semana, acess\u00edveis de qualquer dispositivo, seja ele um PC, tablet ou smartphone. Os traders podem monitorar e ajustar suas estrat\u00e9gias a qualquer momento, enquanto desfrutam de acesso total \u00e0 raiz e de um ambiente seguro e isolado. Essa combina\u00e7\u00e3o de flexibilidade e controle faz do <a href=\"http:\/\/quantvps.de\/\" target=\"_blank\" rel=\"noreferrer noopener\">QuantVPS<\/a> uma solu\u00e7\u00e3o de primeira linha para usu\u00e1rios exigentes.<\/p>\r\n\r\n\r\n\r\n<p class=\"has-medium-font-size\"><a href=\"http:\/\/quantvps.de\/\" target=\"_blank\" rel=\"noreferrer noopener\">O QuantVPS<\/a> tamb\u00e9m oferece escalabilidade, permitindo ajustes cont\u00ednuos nas capacidades do servidor com base nos volumes de negocia\u00e7\u00e3o. Al\u00e9m disso, sua excelente equipe de suporte ao cliente est\u00e1 sempre dispon\u00edvel para ajudar com d\u00favidas t\u00e9cnicas ou configura\u00e7\u00f5es personalizadas.<\/p>\r\n\r\n\r\n\r\n<p class=\"has-medium-font-size\">Para os operadores que priorizam velocidade, seguran\u00e7a e confiabilidade, <a href=\"http:\/\/quantvps.de\/\" target=\"_blank\" rel=\"noreferrer noopener\">o QuantVPS<\/a> \u00e9 a plataforma perfeita para voc\u00ea executar estrat\u00e9gias de negocia\u00e7\u00e3o com efici\u00eancia e sucesso.<\/p>\r\n\r\n\r\n<\/div>\r\n<\/div>\r\n<\/div>\r\n<\/div>\r\n\n    <div class=\"xs_social_share_widget xs_share_url after_content \t\tmain_content  wslu-style-1 wslu-share-box-shaped wslu-fill-colored wslu-none wslu-share-horizontal wslu-theme-font-no wslu-main_content\">\n\n\t\t\n        <ul>\n\t\t\t        <\/ul>\n    <\/div> \n","protected":false},"excerpt":{"rendered":"<p>&#8220;QuantVPS: a melhor solu\u00e7\u00e3o de baixa lat\u00eancia para traders profissionais&#8221; O QuantVPS \u00e9 a escolha ideal para traders e profissionais financeiros que dependem de servidores r\u00e1pidos, confi\u00e1veis e de baixa lat\u00eancia. No mundo acelerado das negocia\u00e7\u00f5es, em que milissegundos podem determinar lucros ou perdas, o QuantVPS oferece uma infraestrutura robusta, adaptada para atender \u00e0s necessidades [&hellip;]<\/p>\n","protected":false},"author":1,"featured_media":0,"parent":0,"menu_order":0,"comment_status":"closed","ping_status":"closed","template":"","meta":{"_angie_page":false,"postBodyCss":"","postBodyMargin":[],"postBodyPadding":[],"postBodyBackground":{"backgroundType":"classic","gradient":""},"enableOnePageScrollInPage":false,"onePageScrollCss":"","onePageScrollSpeed":1000,"onePageScrollAnimation":"easeInOutQuad","onePageScrollShowDotNavigation":true,"onePageScrollNavigation":"scaleUp","onePageScrollNavigationPosition":"right","onePageScrollNavigationHorizontal":[],"onePageScrollNavigationVertical":[],"onePageScrollNavigationSpacing":[],"onePageScrollNavigationColor":"#00ff0d","onePageScrollNavigationColorHover":"#00ff0d","onePageScrollNavigationColorActive":"#00ff0d","onePageScrollNavigationIcon":[],"onePageScrollNavigationWidth":[],"onePageScrollNavigationWidthHover":[],"onePageScrollNavigationWidthActive":[],"onePageScrollNavigationHeight":[],"onePageScrollNavigationHeightHover":[],"onePageScrollNavigationHeightActive":[],"onePageScrollNavigationBorder":[],"onePageScrollNavigationBorderHover":[],"onePageScrollNavigationBorderActive":[],"onePageScrollNavigationBorderRadius":[],"onePageScrollNavigationBorderRadiusHover":[],"onePageScrollNavigationBorderRadiusActive":[],"onePageScrollNavigationTooltipTypography":[],"onePageScrollNavigationTooltipColor":"#ffffff","onePageScrollNavigationTooltipColorHover":"","onePageScrollNavigationTooltipBgColor":"#00ff0d","onePageScrollNavigationTooltipBgColorHover":"","onePageScrollNavigationTooltipPadding":[],"onePageScrollNavigationTooltipPaddingHover":[],"onePageScrollNavigationTooltipBorderRadius":[],"onePageScrollNavigationTooltipBorderRadiusHover":[],"pageSettingsCustomCss":"","footnotes":""},"class_list":["post-7050","page","type-page","status-publish","hentry"],"_links":{"self":[{"href":"https:\/\/bulenox.codes\/pt-br\/wp-json\/wp\/v2\/pages\/7050","targetHints":{"allow":["GET"]}}],"collection":[{"href":"https:\/\/bulenox.codes\/pt-br\/wp-json\/wp\/v2\/pages"}],"about":[{"href":"https:\/\/bulenox.codes\/pt-br\/wp-json\/wp\/v2\/types\/page"}],"author":[{"embeddable":true,"href":"https:\/\/bulenox.codes\/pt-br\/wp-json\/wp\/v2\/users\/1"}],"replies":[{"embeddable":true,"href":"https:\/\/bulenox.codes\/pt-br\/wp-json\/wp\/v2\/comments?post=7050"}],"version-history":[{"count":0,"href":"https:\/\/bulenox.codes\/pt-br\/wp-json\/wp\/v2\/pages\/7050\/revisions"}],"wp:attachment":[{"href":"https:\/\/bulenox.codes\/pt-br\/wp-json\/wp\/v2\/media?parent=7050"}],"curies":[{"name":"wp","href":"https:\/\/api.w.org\/{rel}","templated":true}]}}