{"id":667,"date":"2025-01-02T02:41:28","date_gmt":"2025-01-02T08:41:28","guid":{"rendered":"https:\/\/bulenox.codes\/politica-de-cookies\/"},"modified":"2025-01-22T06:47:44","modified_gmt":"2025-01-22T12:47:44","slug":"politica-de-cookies","status":"publish","type":"page","link":"https:\/\/bulenox.codes\/pt-br\/politica-de-cookies\/","title":{"rendered":"Pol\u00edtica de cookies"},"content":{"rendered":"<p>Data de vig\u00eancia: 15 de maio de 2024<\/p>\n<p>&nbsp;<\/p>\n<h4>O que s\u00e3o cookies?<\/h4>\n<p>Esta Pol\u00edtica de Cookies explica o que s\u00e3o cookies e como os usamos, os tipos de cookies que usamos, ou seja, as informa\u00e7\u00f5es que coletamos usando cookies e como essas informa\u00e7\u00f5es s\u00e3o usadas, e como voc\u00ea pode gerenciar as configura\u00e7\u00f5es de cookies. Cookies s\u00e3o pequenos arquivos de texto usados para armazenar pequenas informa\u00e7\u00f5es. Esses cookies nos ajudam a fazer com que o site funcione corretamente, a torn\u00e1-lo mais seguro, a proporcionar uma melhor experi\u00eancia ao usu\u00e1rio e a entender o desempenho do site e a analisar o que funciona e onde precisa ser melhorado.<\/p>\n<p>&nbsp;<\/p>\n<h4>Como usamos cookies?<\/h4>\n<p>Como a maioria dos servi\u00e7os on-line, nosso site usa cookies pr\u00f3prios e de terceiros para diversas finalidades. Os cookies prim\u00e1rios s\u00e3o necess\u00e1rios principalmente para que o site funcione da maneira correta e n\u00e3o coletam nenhum dos seus dados pessoais identific\u00e1veis. Os cookies de terceiros usados em nosso site servem principalmente para entender como o site funciona, como voc\u00ea interage com ele, para manter nossos servi\u00e7os seguros, para fornecer an\u00fancios relevantes para voc\u00ea e, de modo geral, para proporcionar a voc\u00ea uma experi\u00eancia de usu\u00e1rio melhor e mais aprimorada e ajudar a acelerar suas futuras intera\u00e7\u00f5es com nosso site.<\/p>\n<p>[wcc_category_list]<\/p>\n<p>&nbsp;<\/p>\n<h4>Gerenciar prefer\u00eancias de cookies<\/h4>\n<p>Voc\u00ea pode alterar suas prefer\u00eancias de cookies a qualquer momento, clicando no bot\u00e3o [wcc_preference_button] bot\u00e3o. Isso permitir\u00e1 que voc\u00ea visite novamente o banner de consentimento de cookies e altere suas prefer\u00eancias ou retire seu consentimento imediatamente. Al\u00e9m disso, diferentes navegadores oferecem diferentes m\u00e9todos para bloquear e excluir cookies usados por sites. Voc\u00ea pode alterar as configura\u00e7\u00f5es do seu navegador para bloquear\/excluir os cookies. Abaixo voc\u00ea encontra os links para os documentos de suporte sobre como gerenciar e excluir cookies dos principais navegadores da Web. Chrome: https:\/\/support.google.com\/accounts\/answer\/32050 <a href=\"https:\/\/support.google.com\/accounts\/answer\/32050\" target=\"_blank\" rel=\"noopener\"> Safari:<\/a> <a href=\"https:\/\/support.apple.com\/en-in\/guide\/safari\/sfri11471\/mac\" target=\"_blank\" rel=\"noopener\">https:\/\/support.apple.com\/en-in\/guide\/safari\/sfri11471\/mac<\/a> Firefox: <a href=\"https:\/\/support.mozilla.org\/en-US\/kb\/clear-cookies-and-site-data-firefox?redirectslug=delete-cookies-remove-info-websites-stored&amp;redirectlocale=en-US\" target=\"_blank\" rel=\"noopener\">https:\/\/support.mozilla.org\/en-US\/kb\/clear-cookies-and-site-data-firefox?redirectslug=delete-cookies-remove-info-websites-stored&amp;redirectlocale=en-US<\/a> Microsoft Edge: <a href=\"https:\/\/support.microsoft.com\/en-us\/microsoft-edge\/delete-cookies-in-microsoft-edge-63947406-40ac-c3b8-57b9-2a946a29ae09\" target=\"_blank\" rel=\"noopener\"> Excluir cookies no Microsoft Edge &#8211; Suporte da Microsoft<\/a> Se voc\u00ea estiver usando qualquer outro navegador da Web, visite os documentos oficiais de suporte do seu navegador.<\/p>\n\n    <div class=\"xs_social_share_widget xs_share_url after_content \t\tmain_content  wslu-style-1 wslu-share-box-shaped wslu-fill-colored wslu-none wslu-share-horizontal wslu-theme-font-no wslu-main_content\">\n\n\t\t\n        <ul>\n\t\t\t        <\/ul>\n    <\/div> \n","protected":false},"excerpt":{"rendered":"<p>Data de vig\u00eancia: 15 de maio de 2024 &nbsp; O que s\u00e3o cookies? Esta Pol\u00edtica de Cookies explica o que s\u00e3o cookies e como os usamos, os tipos de cookies que usamos, ou seja, as informa\u00e7\u00f5es que coletamos usando cookies e como essas informa\u00e7\u00f5es s\u00e3o usadas, e como voc\u00ea pode gerenciar as configura\u00e7\u00f5es de cookies. [&hellip;]<\/p>\n","protected":false},"author":1,"featured_media":0,"parent":0,"menu_order":0,"comment_status":"closed","ping_status":"closed","template":"","meta":{"_angie_page":false,"postBodyCss":"","postBodyMargin":[],"postBodyPadding":[],"postBodyBackground":{"backgroundType":"classic","gradient":""},"enableOnePageScrollInPage":false,"onePageScrollCss":"","onePageScrollSpeed":1000,"onePageScrollAnimation":"easeInOutQuad","onePageScrollShowDotNavigation":true,"onePageScrollNavigation":"scaleUp","onePageScrollNavigationPosition":"right","onePageScrollNavigationHorizontal":[],"onePageScrollNavigationVertical":[],"onePageScrollNavigationSpacing":[],"onePageScrollNavigationColor":"#00ff0d","onePageScrollNavigationColorHover":"#00ff0d","onePageScrollNavigationColorActive":"#00ff0d","onePageScrollNavigationIcon":[],"onePageScrollNavigationWidth":[],"onePageScrollNavigationWidthHover":[],"onePageScrollNavigationWidthActive":[],"onePageScrollNavigationHeight":[],"onePageScrollNavigationHeightHover":[],"onePageScrollNavigationHeightActive":[],"onePageScrollNavigationBorder":[],"onePageScrollNavigationBorderHover":[],"onePageScrollNavigationBorderActive":[],"onePageScrollNavigationBorderRadius":[],"onePageScrollNavigationBorderRadiusHover":[],"onePageScrollNavigationBorderRadiusActive":[],"onePageScrollNavigationTooltipTypography":[],"onePageScrollNavigationTooltipColor":"#ffffff","onePageScrollNavigationTooltipColorHover":"","onePageScrollNavigationTooltipBgColor":"#00ff0d","onePageScrollNavigationTooltipBgColorHover":"","onePageScrollNavigationTooltipPadding":[],"onePageScrollNavigationTooltipPaddingHover":[],"onePageScrollNavigationTooltipBorderRadius":[],"onePageScrollNavigationTooltipBorderRadiusHover":[],"pageSettingsCustomCss":"","footnotes":""},"class_list":["post-667","page","type-page","status-publish","hentry"],"_links":{"self":[{"href":"https:\/\/bulenox.codes\/pt-br\/wp-json\/wp\/v2\/pages\/667","targetHints":{"allow":["GET"]}}],"collection":[{"href":"https:\/\/bulenox.codes\/pt-br\/wp-json\/wp\/v2\/pages"}],"about":[{"href":"https:\/\/bulenox.codes\/pt-br\/wp-json\/wp\/v2\/types\/page"}],"author":[{"embeddable":true,"href":"https:\/\/bulenox.codes\/pt-br\/wp-json\/wp\/v2\/users\/1"}],"replies":[{"embeddable":true,"href":"https:\/\/bulenox.codes\/pt-br\/wp-json\/wp\/v2\/comments?post=667"}],"version-history":[{"count":0,"href":"https:\/\/bulenox.codes\/pt-br\/wp-json\/wp\/v2\/pages\/667\/revisions"}],"wp:attachment":[{"href":"https:\/\/bulenox.codes\/pt-br\/wp-json\/wp\/v2\/media?parent=667"}],"curies":[{"name":"wp","href":"https:\/\/api.w.org\/{rel}","templated":true}]}}