{"id":7070,"date":"2025-01-15T12:33:57","date_gmt":"2025-01-15T18:33:57","guid":{"rendered":"https:\/\/bulenox.codes\/quantvps\/"},"modified":"2025-01-22T10:15:50","modified_gmt":"2025-01-22T16:15:50","slug":"quantvps","status":"publish","type":"page","link":"https:\/\/bulenox.codes\/it\/quantvps\/","title":{"rendered":"QuantVPS"},"content":{"rendered":"\r\n<h2 class=\"wp-block-heading has-primary-color has-text-color has-link-color has-x-large-font-size wp-elements-259efc503fb4795e1a37a806fc91a2b8\">&#8220;QuantVPS: la soluzione definitiva a bassa latenza per i trader professionisti&#8221;<\/h2>\r\n\r\n\r\n\r\n<div class=\"wp-block-columns is-layout-flex wp-container-core-columns-is-layout-28f84493 wp-block-columns-is-layout-flex\">\r\n<div class=\"wp-block-column is-layout-flow wp-block-column-is-layout-flow\">\r\n<div class=\"wp-block-media-text is-stacked-on-mobile is-vertically-aligned-top\">\r\n<figure class=\"wp-block-media-text__media\"><a href=\"http:\/\/quantvps.de\" target=\"_blank\" rel=\"noreferrer noopener\"><img fetchpriority=\"high\" decoding=\"async\" width=\"800\" height=\"401\" class=\"wp-image-6590 size-full\" src=\"https:\/\/bulenox.codes\/wp-content\/uploads\/2025\/01\/1705432402592.jpeg\" alt=\"\" title=\"\" srcset=\"https:\/\/bulenox.codes\/wp-content\/uploads\/2025\/01\/1705432402592.jpeg 800w, https:\/\/bulenox.codes\/wp-content\/uploads\/2025\/01\/1705432402592-300x150.jpeg 300w, https:\/\/bulenox.codes\/wp-content\/uploads\/2025\/01\/1705432402592-768x385.jpeg 768w\" sizes=\"(max-width: 800px) 100vw, 800px\" \/><\/a><\/figure>\r\n<div class=\"wp-block-media-text__content\">\r\n<p class=\"has-medium-font-size\"><a href=\"http:\/\/quantvps.de\/\" target=\"_blank\" rel=\"noreferrer noopener\">QuantVPS<\/a> \u00e8 la scelta ideale per i trader e i professionisti della finanza che hanno bisogno di server veloci, affidabili e a bassa latenza. Nel frenetico mondo del trading, dove i millisecondi possono determinare profitti o perdite, <a href=\"http:\/\/quantvps.de\/\" target=\"_blank\" rel=\"noreferrer noopener\">QuantVPS<\/a> offre un&#8217;infrastruttura robusta e adatta a soddisfare le esigenze del settore.<\/p>\r\n\r\n\r\n\r\n<p class=\"has-medium-font-size\">Una delle caratteristiche principali di <a href=\"http:\/\/quantvps.de\/\" target=\"_blank\" rel=\"noreferrer noopener\">QuantVPS<\/a>\u00e8 la sua bassissima latenza. Grazie a centri dati all&#8217;avanguardia situati strategicamente vicino ai principali mercati finanziari, <a href=\"http:\/\/quantvps.de\/\" target=\"_blank\" rel=\"noreferrer noopener\">QuantVPS<\/a> offre connessioni fulminee alle borse e alle piattaforme di trading. Questo garantisce un&#8217;esecuzione istantanea degli ordini, un vantaggio fondamentale per i day trader, gli algo trader e tutti coloro che utilizzano strategie di trading automatizzate.<\/p>\r\n\r\n\r\n\r\n<p class=\"has-medium-font-size\">Le soluzioni VPS di <a href=\"http:\/\/quantvps.de\/\" target=\"_blank\" rel=\"noreferrer noopener\">QuantVPS<\/a>sono progettate per garantire la massima stabilit\u00e0 e le migliori prestazioni, anche durante i periodi di alta volatilit\u00e0 del mercato. Grazie alle unit\u00e0 SSD ad alte prestazioni e alle risorse dedicate, gli utenti beneficiano di velocit\u00e0 sempre elevate e di operazioni affidabili senza interruzioni o ritardi.<\/p>\r\n\r\n\r\n\r\n<p class=\"has-medium-font-size\">Un altro vantaggio fondamentale \u00e8 la disponibilit\u00e0 dei server 24 ore su 24, 7 giorni su 7, accessibili da qualsiasi dispositivo, sia esso un PC, un tablet o uno smartphone. I trader possono monitorare e regolare le loro strategie in qualsiasi momento, godendo di un accesso root completo e di un ambiente sicuro e isolato. Questa combinazione di flessibilit\u00e0 e controllo rende <a href=\"http:\/\/quantvps.de\/\" target=\"_blank\" rel=\"noreferrer noopener\">QuantVPS<\/a> una soluzione di alto livello per gli utenti pi\u00f9 esigenti.<\/p>\r\n\r\n\r\n\r\n<p class=\"has-medium-font-size\"><a href=\"http:\/\/quantvps.de\/\" target=\"_blank\" rel=\"noreferrer noopener\">QuantVPS<\/a> offre anche scalabilit\u00e0, consentendo di regolare senza problemi le capacit\u00e0 dei server in base ai volumi di trading. Inoltre, l&#8217;eccellente team di assistenza clienti \u00e8 sempre disponibile per fornire assistenza in caso di domande tecniche o configurazioni personalizzate.<\/p>\r\n\r\n\r\n\r\n<p class=\"has-medium-font-size\">Per i trader che danno priorit\u00e0 alla velocit\u00e0, alla sicurezza e all&#8217;affidabilit\u00e0, <a href=\"http:\/\/quantvps.de\/\" target=\"_blank\" rel=\"noreferrer noopener\">QuantVPS<\/a> \u00e8 la piattaforma perfetta per eseguire le strategie di trading in modo efficiente e con successo.<\/p>\r\n\r\n\r\n<\/div>\r\n<\/div>\r\n<\/div>\r\n<\/div>\r\n\n    <div class=\"xs_social_share_widget xs_share_url after_content \t\tmain_content  wslu-style-1 wslu-share-box-shaped wslu-fill-colored wslu-none wslu-share-horizontal wslu-theme-font-no wslu-main_content\">\n\n\t\t\n        <ul>\n\t\t\t        <\/ul>\n    <\/div> \n","protected":false},"excerpt":{"rendered":"<p>&#8220;QuantVPS: la soluzione definitiva a bassa latenza per i trader professionisti&#8221; QuantVPS \u00e8 la scelta ideale per i trader e i professionisti della finanza che hanno bisogno di server veloci, affidabili e a bassa latenza. Nel frenetico mondo del trading, dove i millisecondi possono determinare profitti o perdite, QuantVPS offre un&#8217;infrastruttura robusta e adatta a [&hellip;]<\/p>\n","protected":false},"author":1,"featured_media":0,"parent":0,"menu_order":0,"comment_status":"closed","ping_status":"closed","template":"","meta":{"_angie_page":false,"postBodyCss":"","postBodyMargin":[],"postBodyPadding":[],"postBodyBackground":{"backgroundType":"classic","gradient":""},"enableOnePageScrollInPage":false,"onePageScrollCss":"","onePageScrollSpeed":1000,"onePageScrollAnimation":"easeInOutQuad","onePageScrollShowDotNavigation":true,"onePageScrollNavigation":"scaleUp","onePageScrollNavigationPosition":"right","onePageScrollNavigationHorizontal":[],"onePageScrollNavigationVertical":[],"onePageScrollNavigationSpacing":[],"onePageScrollNavigationColor":"#00ff0d","onePageScrollNavigationColorHover":"#00ff0d","onePageScrollNavigationColorActive":"#00ff0d","onePageScrollNavigationIcon":[],"onePageScrollNavigationWidth":[],"onePageScrollNavigationWidthHover":[],"onePageScrollNavigationWidthActive":[],"onePageScrollNavigationHeight":[],"onePageScrollNavigationHeightHover":[],"onePageScrollNavigationHeightActive":[],"onePageScrollNavigationBorder":[],"onePageScrollNavigationBorderHover":[],"onePageScrollNavigationBorderActive":[],"onePageScrollNavigationBorderRadius":[],"onePageScrollNavigationBorderRadiusHover":[],"onePageScrollNavigationBorderRadiusActive":[],"onePageScrollNavigationTooltipTypography":[],"onePageScrollNavigationTooltipColor":"#ffffff","onePageScrollNavigationTooltipColorHover":"","onePageScrollNavigationTooltipBgColor":"#00ff0d","onePageScrollNavigationTooltipBgColorHover":"","onePageScrollNavigationTooltipPadding":[],"onePageScrollNavigationTooltipPaddingHover":[],"onePageScrollNavigationTooltipBorderRadius":[],"onePageScrollNavigationTooltipBorderRadiusHover":[],"pageSettingsCustomCss":"","footnotes":""},"class_list":["post-7070","page","type-page","status-publish","hentry"],"_links":{"self":[{"href":"https:\/\/bulenox.codes\/it\/wp-json\/wp\/v2\/pages\/7070","targetHints":{"allow":["GET"]}}],"collection":[{"href":"https:\/\/bulenox.codes\/it\/wp-json\/wp\/v2\/pages"}],"about":[{"href":"https:\/\/bulenox.codes\/it\/wp-json\/wp\/v2\/types\/page"}],"author":[{"embeddable":true,"href":"https:\/\/bulenox.codes\/it\/wp-json\/wp\/v2\/users\/1"}],"replies":[{"embeddable":true,"href":"https:\/\/bulenox.codes\/it\/wp-json\/wp\/v2\/comments?post=7070"}],"version-history":[{"count":0,"href":"https:\/\/bulenox.codes\/it\/wp-json\/wp\/v2\/pages\/7070\/revisions"}],"wp:attachment":[{"href":"https:\/\/bulenox.codes\/it\/wp-json\/wp\/v2\/media?parent=7070"}],"curies":[{"name":"wp","href":"https:\/\/api.w.org\/{rel}","templated":true}]}}