{"id":13546,"date":"2025-01-02T02:41:28","date_gmt":"2025-01-02T07:41:28","guid":{"rendered":"https:\/\/bulenox.codes\/pravila-o-kolacicima\/"},"modified":"2025-01-02T02:41:28","modified_gmt":"2025-01-02T07:41:28","slug":"pravila-o-kolacicima","status":"publish","type":"page","link":"https:\/\/bulenox.codes\/hr\/pravila-o-kolacicima\/","title":{"rendered":"Pravila o kola\u010di\u0107ima"},"content":{"rendered":"<p>Datum stupanja na snagu: 15. svibnja 2024.<\/p>\n<p>&nbsp;<\/p>\n<h4>\u0160to su kola\u010di\u0107i?<\/h4>\n<p>Ova Pravila o kola\u010di\u0107ima obja\u0161njavaju \u0161to su kola\u010di\u0107i i kako ih koristimo, vrste kola\u010di\u0107a koje koristimo, tj. informacije koje prikupljamo pomo\u0107u kola\u010di\u0107a i kako se te informacije koriste te kako upravljati postavkama kola\u010di\u0107a.<\/p>\n<p>Kola\u010di\u0107i su male tekstualne datoteke koje se koriste za pohranu malih dijelova informacija. Pohranjuju se na va\u0161 ure\u0111aj kada se web stranica u\u010ditava u va\u0161em pregledniku. Ovi kola\u010di\u0107i nam poma\u017eu da web stranica ispravno funkcionira, da je u\u010dinimo sigurnijom, da pru\u017eimo bolje korisni\u010dko iskustvo i da razumijemo kako web stranica funkcionira te da analiziramo \u0161to funkcionira i gdje je potrebno pobolj\u0161anje. <\/p>\n<p>&nbsp;<\/p>\n<h4>Kako koristimo kola\u010di\u0107e?<\/h4>\n<p>Kao i ve\u0107ina online usluga, na\u0161a web stranica koristi kola\u010di\u0107e prve i tre\u0107e strane u nekoliko svrha. Kola\u010di\u0107i prve strane uglavnom su potrebni za ispravno funkcioniranje web stranice i ne prikupljaju nikakve va\u0161e osobne podatke. <\/p>\n<p>Kola\u010di\u0107i tre\u0107ih strana koji se koriste na na\u0161oj web stranici uglavnom slu\u017ee za razumijevanje na\u010dina rada web stranice, na\u010dina na koji komunicirate s na\u0161om web stranicom, odr\u017eavanje sigurnosti na\u0161ih usluga, pru\u017eanje oglasa koji su relevantni za vas i sveukupno za pru\u017eanje boljeg i pobolj\u0161anog korisni\u010dkog iskustva te ubrzavanje va\u0161ih budu\u0107ih interakcija s na\u0161om web stranicom.<\/p>\n<p>[wcc_category_list]<\/p>\n<p>&nbsp;<\/p>\n<h4>Upravljanje postavkama kola\u010di\u0107a<\/h4>\n<p>Postavke kola\u010di\u0107a mo\u017eete promijeniti u bilo kojem trenutku klikom na  [wcc_preference_button]  gumb. To \u0107e vam omogu\u0107iti da ponovno posjetite banner za pristanak na kola\u010di\u0107e i promijenite svoje postavke ili odmah povu\u010dete svoj pristanak. Osim toga, razli\u010diti preglednici nude razli\u010dite metode za blokiranje i brisanje kola\u010di\u0107a koje koriste web-stranice. Mo\u017eete promijeniti postavke svog preglednika da biste blokirali\/izbrisali kola\u010di\u0107e. U nastavku su navedene poveznice na dokumente za podr\u0161ku o tome kako upravljati i brisati kola\u010di\u0107e iz glavnih web-preglednika.    <\/p>\n<p>Chrome: <a href=\"https:\/\/support.google.com\/accounts\/answer\/32050\" target=\"_blank\" rel=\"noopener\">https:\/\/support.google.com\/accounts\/answer\/32050<\/a><\/p>\n<p>Safari: <a href=\"https:\/\/support.apple.com\/en-in\/guide\/safari\/sfri11471\/mac\" target=\"_blank\" rel=\"noopener\">https:\/\/support.apple.com\/en-in\/guide\/safari\/sfri11471\/mac<\/a><\/p>\n<p>Firefox: <a href=\"https:\/\/support.mozilla.org\/en-US\/kb\/clear-cookies-and-site-data-firefox?redirectslug=delete-cookies-remove-info-websites-stored&amp;redirectlocale=en-US\" target=\"_blank\" rel=\"noopener\">https:\/\/support.mozilla.org\/en-US\/kb\/clear-cookies-and-site-data-firefox?redirectslug=delete-cookies-remove-info-websites-stored&amp;redirectlocale=en-US<\/a><\/p>\n<p>Microsoft Edge: <a href=\"https:\/\/support.microsoft.com\/en-us\/microsoft-edge\/delete-cookies-in-microsoft-edge-63947406-40ac-c3b8-57b9-2a946a29ae09\" target=\"_blank\" rel=\"noopener\">Brisanje kola\u010di\u0107a u Microsoft Edgeu &#8211; Microsoftova podr\u0161ka<\/a><\/p>\n<p>Ako koristite bilo koji drugi web preglednik, posjetite slu\u017ebenu dokumentaciju za podr\u0161ku va\u0161eg preglednika.<\/p>\n\n    <div class=\"xs_social_share_widget xs_share_url after_content \t\tmain_content  wslu-style-1 wslu-share-box-shaped wslu-fill-colored wslu-none wslu-share-horizontal wslu-theme-font-no wslu-main_content\">\n\n\t\t\n        <ul>\n\t\t\t        <\/ul>\n    <\/div> \n","protected":false},"excerpt":{"rendered":"<p>Datum stupanja na snagu: 15. svibnja 2024. &nbsp; \u0160to su kola\u010di\u0107i? Ova Pravila o kola\u010di\u0107ima obja\u0161njavaju \u0161to su kola\u010di\u0107i i kako ih koristimo, vrste kola\u010di\u0107a koje koristimo, tj. informacije koje prikupljamo pomo\u0107u kola\u010di\u0107a i kako se te informacije koriste te kako upravljati postavkama kola\u010di\u0107a. Kola\u010di\u0107i su male tekstualne datoteke koje se koriste za pohranu malih [&hellip;]<\/p>\n","protected":false},"author":1,"featured_media":0,"parent":0,"menu_order":0,"comment_status":"closed","ping_status":"closed","template":"","meta":{"_angie_page":false,"postBodyCss":"","postBodyMargin":[],"postBodyPadding":[],"postBodyBackground":{"backgroundType":"classic","gradient":""},"enableOnePageScrollInPage":false,"onePageScrollCss":"","onePageScrollSpeed":1000,"onePageScrollAnimation":"easeInOutQuad","onePageScrollShowDotNavigation":true,"onePageScrollNavigation":"scaleUp","onePageScrollNavigationPosition":"right","onePageScrollNavigationHorizontal":[],"onePageScrollNavigationVertical":[],"onePageScrollNavigationSpacing":[],"onePageScrollNavigationColor":"#00ff0d","onePageScrollNavigationColorHover":"#00ff0d","onePageScrollNavigationColorActive":"#00ff0d","onePageScrollNavigationIcon":[],"onePageScrollNavigationWidth":[],"onePageScrollNavigationWidthHover":[],"onePageScrollNavigationWidthActive":[],"onePageScrollNavigationHeight":[],"onePageScrollNavigationHeightHover":[],"onePageScrollNavigationHeightActive":[],"onePageScrollNavigationBorder":[],"onePageScrollNavigationBorderHover":[],"onePageScrollNavigationBorderActive":[],"onePageScrollNavigationBorderRadius":[],"onePageScrollNavigationBorderRadiusHover":[],"onePageScrollNavigationBorderRadiusActive":[],"onePageScrollNavigationTooltipTypography":[],"onePageScrollNavigationTooltipColor":"#ffffff","onePageScrollNavigationTooltipColorHover":"","onePageScrollNavigationTooltipBgColor":"#00ff0d","onePageScrollNavigationTooltipBgColorHover":"","onePageScrollNavigationTooltipPadding":[],"onePageScrollNavigationTooltipPaddingHover":[],"onePageScrollNavigationTooltipBorderRadius":[],"onePageScrollNavigationTooltipBorderRadiusHover":[],"pageSettingsCustomCss":"","footnotes":""},"class_list":["post-13546","page","type-page","status-publish","hentry"],"_links":{"self":[{"href":"https:\/\/bulenox.codes\/hr\/wp-json\/wp\/v2\/pages\/13546","targetHints":{"allow":["GET"]}}],"collection":[{"href":"https:\/\/bulenox.codes\/hr\/wp-json\/wp\/v2\/pages"}],"about":[{"href":"https:\/\/bulenox.codes\/hr\/wp-json\/wp\/v2\/types\/page"}],"author":[{"embeddable":true,"href":"https:\/\/bulenox.codes\/hr\/wp-json\/wp\/v2\/users\/1"}],"replies":[{"embeddable":true,"href":"https:\/\/bulenox.codes\/hr\/wp-json\/wp\/v2\/comments?post=13546"}],"version-history":[{"count":0,"href":"https:\/\/bulenox.codes\/hr\/wp-json\/wp\/v2\/pages\/13546\/revisions"}],"wp:attachment":[{"href":"https:\/\/bulenox.codes\/hr\/wp-json\/wp\/v2\/media?parent=13546"}],"curies":[{"name":"wp","href":"https:\/\/api.w.org\/{rel}","templated":true}]}}