{"id":13544,"date":"2025-01-18T09:33:19","date_gmt":"2025-01-18T14:33:19","guid":{"rendered":"https:\/\/bulenox.codes\/bulenox-kuponi\/"},"modified":"2026-02-06T12:29:18","modified_gmt":"2026-02-06T17:29:18","slug":"bulenox-kuponi","status":"publish","type":"page","link":"https:\/\/bulenox.codes\/hr\/bulenox-kuponi\/","title":{"rendered":"Bulenox kuponi"},"content":{"rendered":"\t\t<div data-elementor-type=\"wp-page\" data-elementor-id=\"13544\" class=\"elementor elementor-13544 elementor-8024\" data-elementor-post-type=\"page\">\n\t\t\t\t<div class=\"elementor-element elementor-element-fbd4079 e-flex e-con-boxed e-con e-parent\" data-id=\"fbd4079\" data-element_type=\"container\" data-e-type=\"container\">\n\t\t\t\t\t<div class=\"e-con-inner\">\n\t\t\t\t<div class=\"elementor-element elementor-element-a1f90f2 elementor-widget elementor-widget-heading\" data-id=\"a1f90f2\" data-element_type=\"widget\" data-e-type=\"widget\" data-settings=\"{&quot;ekit_we_effect_on&quot;:&quot;none&quot;}\" data-widget_type=\"heading.default\">\n\t\t\t\t\t<h2 class=\"elementor-heading-title elementor-size-default\">Bulenox kupon\/kodovi<\/h2>\t\t\t\t<\/div>\n\t\t\t\t\t<\/div>\n\t\t\t\t<\/div>\n\t\t<div class=\"elementor-element elementor-element-620d5e21 e-flex e-con-boxed e-con e-parent\" data-id=\"620d5e21\" data-element_type=\"container\" data-e-type=\"container\">\n\t\t\t\t\t<div class=\"e-con-inner\">\n\t\t\t\t<div class=\"elementor-element elementor-element-af7e406 elementor-widget elementor-widget-text-editor\" data-id=\"af7e406\" data-element_type=\"widget\" data-e-type=\"widget\" data-settings=\"{&quot;ekit_we_effect_on&quot;:&quot;none&quot;}\" data-widget_type=\"text-editor.default\">\n\t\t\t\t\t\t\t\t\t<p>Ako kupujete u <a href=\"http:\/\/bulenox.us\" target=\"_blank\" rel=\"noopener\">Bulenoxu<\/a> i tra\u017eite odli\u010dne popuste, vrijedi redovito provjeravati najnovije kodove kupona. S ovim bonovima mo\u017eete osigurati atraktivne popuste prilikom pla\u0107anja i naru\u010diti svoje omiljene proizvode po ni\u017eoj cijeni.<\/p>\n<p><strong>Za\u0161to koristiti <a href=\"http:\/\/bulenox.us\" target=\"_blank\" rel=\"noopener\">Bulenox<\/a> kupone?<\/strong><\/p>\n<p>Bez obzira naru\u010dujete li prvi put ili ste vjerni kupac &#8211; <a href=\"http:\/\/bulenox.us\" target=\"_blank\" rel=\"noopener\">Bulenox<\/a> kupon kod nudi vam mnoge prednosti:<\/p>\n<ul>\n<li>Trenutne u\u0161tede: U\u0161tedite izravno na kupnji bez kompliciranih uvjeta.<\/li>\n<li>Ekskluzivne ponude: Neki vau\u010deri dostupni su samo ograni\u010deno vrijeme ili za odre\u0111ene proizvode.<\/li>\n<li>Jednostavno za kori\u0161tenje: Unesite kod u ko\u0161aricu i iskoristite popust.<\/li>\n<\/ul>\t\t\t\t\t\t\t\t<\/div>\n\t\t\t\t<div class=\"elementor-element elementor-element-dbf428f elementor-widget elementor-widget-heading\" data-id=\"dbf428f\" data-element_type=\"widget\" data-e-type=\"widget\" data-settings=\"{&quot;ekit_we_effect_on&quot;:&quot;none&quot;}\" data-widget_type=\"heading.default\">\n\t\t\t\t\t<h2 class=\"elementor-heading-title elementor-size-default\">Trenutni najbolji Bulenox kuponi:<\/h2>\t\t\t\t<\/div>\n\t\t\t\t<div class=\"elementor-element elementor-element-6df48b3 elementor-widget elementor-widget-text-editor\" data-id=\"6df48b3\" data-element_type=\"widget\" data-e-type=\"widget\" data-settings=\"{&quot;ekit_we_effect_on&quot;:&quot;none&quot;}\" data-widget_type=\"text-editor.default\">\n\t\t\t\t\t\t\t\t\t<p style=\"text-align: center;\"><\/p>\n<p style=\"text-align: center;\"><\/p>\n<p style=\"text-align: center;\"><span style=\"color: #3c434a; font-family: -apple-system, BlinkMacSystemFont, 'Segoe UI', Roboto, Oxygen-Sans, Ubuntu, Cantarell, 'Helvetica Neue', sans-serif; font-size: 14px; text-align: start;\">\n<div class=\"wpcd-coupon-two wpcd-coupon-id-17704\" >\n    <div class=\"wpcd-col-two-1-4\">\n        <figure>\n            <img decoding=\"async\" class=\"wpcd-coupon-two-img\" src=\"https:\/\/bulenox.codes\/wp-content\/uploads\/2026\/01\/LIFETIME89.jpg\" alt=\"Bulenox 89% DO\u017dIVOTNI POPUST OPCIJA 1 KOD \/ KUPON\" title=\"\">        <\/figure>\n        <div class=\"wpcd-coupon-two-discount-text\">\n\t\t\t89% POPUSTA OPCIJA 1        <\/div>\n    <\/div>\n    <div class=\"wpcd-col-two-3-4\">\n        <div class=\"wpcd-coupon-two-header\">\n            <div>\n            \t\t\t\t\t<h2 class=\"wpcd-coupon-title\">\n\t\t\t\t\t\t<a href=\"http:\/\/www.bulenox.us\" target=\"http:\/\/_self\" rel=\"nofollow noopener\">Bulenox 89% DO\u017dIVOTNI POPUST OPCIJA 1 KOD \/ KUPON<\/a>\n                \t<\/h2>\n\t\t\t\t            <\/div>\n        <\/div>\n        <div class=\"wpcd-coupon-two-info\">\n            <div class=\"wpcd-coupon-two-title\">\n                                                            <span class=\"wpcd-coupon-two-countdown-text\">\n                            Expires on:                         <\/span>\n                        <span class=\"wpcd-coupon-two-countdown test\"\n                            data-countdown_coupon=\"04\/21\/2026 23:59\"\n                            id=\"clock_17704\"><\/span>\n                                                <\/div>\n            <div class=\"wpcd-coupon-two-coupon\">\n\t\t\t\t\n\n    <div class=\"coupon-code-wpcd coupon-detail wpcd-coupon-id-17704 wpcd-coupon-button-type\">\n        <a data-type=\"code\" data-coupon-id=\"17704\"\n           href=\"?wpcd_coupon=17704\" class=\"coupon-button coupon-code-wpcd masterTooltip\"\n           id=\"coupon-button-17704\" title=\"Click Here to Show Code\" data-position=\"top center\" data-inverted=\"\" data-aff-url=\"http:\/\/www.bulenox.us\"\n           onClick=\"return wpcd_openCouponAffLink(this,  '17704', 'wpcd_category' )\" target=\"_blank\">\n            <span class=\"code-text-wpcd\" rel=\"nofollow\">OFF89<\/span>\n            <span class=\"get-code-wpcd\">\n        Show Code        <\/span>\n\n        <\/a>\n    <\/div>\n\n    <!-- Coupon Popup -->\n    <section id=\"wpcd_coupon_popup_17704\" class=\"wpcd_coupon_popup_wr\" style=\"display:none\">\n        <div class=\"wpcd_coupon_popup_layer\"><\/div>\n        <div class=\"wpcd_coupon_popup_inner\">\n            <div class=\"wpcd_coupon_popup_top_head\">\n                <p class=\"wpcd_coupon_popup_title\">\n\t\t\t\t\tBulenox 89% DO\u017dIVOTNI POPUST OPCIJA 1 KOD \/ KUPON                <\/p>\n                <span class=\"wpcd_coupon_popup_close\">&times;<\/span>\n            <\/div>\n            <div class=\"wpcd_coupon_popup_copy_main\">\n                <div class=\"wpcd_coupon_popup_copy_text\">\n                    <p>Click on &#8216;Copy&#8217; to Copy the Coupon Code.<\/p>\n                <\/div>\n                <div class=\"wpcd_coupon_popup_copy_code_wr\">\n                    <span class=\"wpcd_coupon_popup_copy_code_span\">OFF89<\/span>\n                    <span class=\"wpcd_coupon_top_copy_span wpcd_coupon_top_copy_span_17704\"\n                          data-clipboard-text=\"OFF89\">Copy<\/span>\n                    <span id=\"coupon_code_17704\"\n                          style=\"display:none;\">OFF89<\/span>\n                <\/div>\n\t\t\t\t                <script type=\"text\/javascript\">\n                    window.addEventListener('DOMContentLoaded', function() {\n                        var clip = new ClipboardJS('.wpcd_coupon_top_copy_span_17704');\n                        clip.on(\"success\", function () {\n\n                            document.querySelector('.wpcd_coupon_top_copy_span_17704').innerText = 'Copied';\n                            setTimeout(function () {\n                                document.querySelector('.wpcd_coupon_top_copy_span_17704').innerText = 'Copy';\n                            }, 500);\n                        });\n                    });\n                <\/script>\n\t                                <a target=\"_self\" rel=\"nofollow noopener\" class=\"wpcd_popup-go-link\" href=\"http:\/\/www.bulenox.us\">\n\t\t\t            Go to Offer                    <\/a>\n\t                        <\/div>\n        <\/div>\n    <\/section>\n\n\n            <\/div>\n            <div id=\"clear\"><\/div>\n        <\/div>\n        <div id=\"clear\"><\/div>\n        <div class=\"wpcd-coupon-description\">\n            <span class=\"wpcd-full-description\"><p>Bulenox vam nudi 89% DO\u017dIVOTNI kod za popust na sljede\u0107e izazove:<\/p>\r\n<ul>\r\n<li>(OPCIJA 1) 25.000 USD \/ Ra\u010dun do 3 ugovora<\/li>\r\n<li>(OPCIJA 1) 50.000 USD \/ Ra\u010dun do 7 ugovora<\/li>\r\n<li>(OPCIJA 1) 100.000 USD \/ Ra\u010dun do 12 ugovora<\/li>\r\n<li>(OPCIJA 1) 150.000 USD \/ Ra\u010dun do 15 ugovora<\/li>\r\n<li>(OPCIJA 1) 250.000 USD \/ Ra\u010dun do 25 ugovora<\/li>\r\n<\/ul><\/span>\n            <span class=\"wpcd-short-description\"><\/span>\n                            <a href=\"#\" class=\"wpcd-more-description\">More<\/a>\n                <a href=\"#\" class=\"wpcd-less-description\">Less<\/a>\n                    <\/div>\n    <\/div>\n    <script type=\"text\/javascript\">\n\t\twindow.addEventListener('DOMContentLoaded', function() {\n\t\t\tvar clip = new ClipboardJS('.wpcd-btn-17704');\n\t\t});\n    <\/script>\n    <div class=\"clearfix\"><\/div>\n    <\/div>\n\n<\/span><\/p>\n<p style=\"text-align: center;\"><\/p>\n<p style=\"text-align: center;\"><\/p>\n<p style=\"text-align: center;\"><\/p>\n<p style=\"text-align: center;\"><\/p>\n<p style=\"text-align: center;\">\n<div class=\"wpcd-coupon-two wpcd-coupon-id-13614\" >\n    <div class=\"wpcd-col-two-1-4\">\n        <figure>\n            <img decoding=\"async\" class=\"wpcd-coupon-two-img\" src=\"https:\/\/bulenox.codes\/wp-content\/uploads\/2025\/01\/LIFETIME45.png\" alt=\"Bulenox 45% DO\u017dIVOTNI kod \/ kupon\" title=\"\">        <\/figure>\n        <div class=\"wpcd-coupon-two-discount-text\">\n\t\t\t45% POPUSTA OPCIJA 1 \/ 2        <\/div>\n    <\/div>\n    <div class=\"wpcd-col-two-3-4\">\n        <div class=\"wpcd-coupon-two-header\">\n            <div>\n            \t\t\t\t\t<h2 class=\"wpcd-coupon-title\">\n\t\t\t\t\t\t<a href=\"http:\/\/www.bulenox.us\" target=\"http:\/\/_self\" rel=\"nofollow noopener\">Bulenox 45% DO\u017dIVOTNI kod \/ kupon<\/a>\n                \t<\/h2>\n\t\t\t\t            <\/div>\n        <\/div>\n        <div class=\"wpcd-coupon-two-info\">\n            <div class=\"wpcd-coupon-two-title\">\n                                                            <span class=\"wpcd-coupon-two-countdown-text\">\n                            Expires on:                         <\/span>\n                        <span class=\"wpcd-coupon-two-countdown test\"\n                            data-countdown_coupon=\"04\/30\/2026 23:59\"\n                            id=\"clock_13614\"><\/span>\n                                                <\/div>\n            <div class=\"wpcd-coupon-two-coupon\">\n\t\t\t\t\n\n    <div class=\"coupon-code-wpcd coupon-detail wpcd-coupon-id-13614 wpcd-coupon-button-type\">\n        <a data-type=\"code\" data-coupon-id=\"13614\"\n           href=\"?wpcd_coupon=13614\" class=\"coupon-button coupon-code-wpcd masterTooltip\"\n           id=\"coupon-button-13614\" title=\"Click Here to Show Code\" data-position=\"top center\" data-inverted=\"\" data-aff-url=\"http:\/\/www.bulenox.us\"\n           onClick=\"return wpcd_openCouponAffLink(this,  '13614', 'wpcd_category' )\" target=\"_blank\">\n            <span class=\"code-text-wpcd\" rel=\"nofollow\">OFF45<\/span>\n            <span class=\"get-code-wpcd\">\n        Show Code        <\/span>\n\n        <\/a>\n    <\/div>\n\n    <!-- Coupon Popup -->\n    <section id=\"wpcd_coupon_popup_13614\" class=\"wpcd_coupon_popup_wr\" style=\"display:none\">\n        <div class=\"wpcd_coupon_popup_layer\"><\/div>\n        <div class=\"wpcd_coupon_popup_inner\">\n            <div class=\"wpcd_coupon_popup_top_head\">\n                <p class=\"wpcd_coupon_popup_title\">\n\t\t\t\t\tBulenox 45% DO\u017dIVOTNI kod \/ kupon                <\/p>\n                <span class=\"wpcd_coupon_popup_close\">&times;<\/span>\n            <\/div>\n            <div class=\"wpcd_coupon_popup_copy_main\">\n                <div class=\"wpcd_coupon_popup_copy_text\">\n                    <p>Click on &#8216;Copy&#8217; to Copy the Coupon Code.<\/p>\n                <\/div>\n                <div class=\"wpcd_coupon_popup_copy_code_wr\">\n                    <span class=\"wpcd_coupon_popup_copy_code_span\">OFF45<\/span>\n                    <span class=\"wpcd_coupon_top_copy_span wpcd_coupon_top_copy_span_13614\"\n                          data-clipboard-text=\"OFF45\">Copy<\/span>\n                    <span id=\"coupon_code_13614\"\n                          style=\"display:none;\">OFF45<\/span>\n                <\/div>\n\t\t\t\t                <script type=\"text\/javascript\">\n                    window.addEventListener('DOMContentLoaded', function() {\n                        var clip = new ClipboardJS('.wpcd_coupon_top_copy_span_13614');\n                        clip.on(\"success\", function () {\n\n                            document.querySelector('.wpcd_coupon_top_copy_span_13614').innerText = 'Copied';\n                            setTimeout(function () {\n                                document.querySelector('.wpcd_coupon_top_copy_span_13614').innerText = 'Copy';\n                            }, 500);\n                        });\n                    });\n                <\/script>\n\t                                <a target=\"_self\" rel=\"nofollow noopener\" class=\"wpcd_popup-go-link\" href=\"http:\/\/www.bulenox.us\">\n\t\t\t            Go to Offer                    <\/a>\n\t                        <\/div>\n        <\/div>\n    <\/section>\n\n\n            <\/div>\n            <div id=\"clear\"><\/div>\n        <\/div>\n        <div id=\"clear\"><\/div>\n        <div class=\"wpcd-coupon-description\">\n            <span class=\"wpcd-full-description\"><p>Bulenox vam nudi 45% DO\u017dIVOTNI kod za popust na sljede\u0107e izazove:<\/p>\r\n<ul>\r\n<li>(OPCIJA 1) 25.000 USD \/ Ra\u010dun do 3 ugovora<\/li>\r\n<li>(OPCIJA 1) 50.000 USD \/ Ra\u010dun do 7 ugovora<\/li>\r\n<li>(OPCIJA 1) 100.000 USD \/ Ra\u010dun do 12 ugovora<\/li>\r\n<li>(OPCIJA 1) 150.000 USD \/ Ra\u010dun do 15 ugovora<\/li>\r\n<li>(OPCIJA 1) 250 USD. 000 \/ Ra\u010dun do 25 ugovora<\/li>\r\n<li>(OPCIJA 2) EOD\/Skaliranje\/DLL 25.000 USD \/ Ra\u010dun do 3 ugovora<\/li>\r\n<li>(OPCIJA 2) EOD\/Skaliranje\/DLL 50.000 USD \/ Ra\u010dun do 7 ugovora<\/li>\r\n<li>(OPCIJA 2) EOD\/Skaliranje\/DLL 100.000 USD \/ Ra\u010dun do 12 ugovora<\/li>\r\n<li>(OPCIJA 2) EOD\/Skaliranje 150.000 USD \/ Ra\u010dun do 15 ugovora<\/li>\r\n<li>(OPCIJA 2) EOD\/Skaliranje 250.000 USD \/ Ra\u010dun do 25 ugovora<\/li>\r\n<\/ul><\/span>\n            <span class=\"wpcd-short-description\"><\/span>\n                            <a href=\"#\" class=\"wpcd-more-description\">More<\/a>\n                <a href=\"#\" class=\"wpcd-less-description\">Less<\/a>\n                    <\/div>\n    <\/div>\n    <script type=\"text\/javascript\">\n\t\twindow.addEventListener('DOMContentLoaded', function() {\n\t\t\tvar clip = new ClipboardJS('.wpcd-btn-13614');\n\t\t});\n    <\/script>\n    <div class=\"clearfix\"><\/div>\n    <\/div>\n\n<\/p>\n<p style=\"text-align: center;\"><\/p>\n<p style=\"text-align: center;\"><\/p>\n<p style=\"text-align: center;\"><\/p>\t\t\t\t\t\t\t\t<\/div>\n\t\t\t\t\t<\/div>\n\t\t\t\t<\/div>\n\t\t<div class=\"elementor-element elementor-element-e046a4e e-grid e-con-boxed e-con e-parent\" data-id=\"e046a4e\" data-element_type=\"container\" data-e-type=\"container\" data-settings=\"{&quot;background_background&quot;:&quot;classic&quot;}\">\n\t\t\t\t\t<div class=\"e-con-inner\">\n\t\t\t\t<div class=\"elementor-element elementor-element-b94a630 elementor-widget elementor-widget-heading\" data-id=\"b94a630\" data-element_type=\"widget\" data-e-type=\"widget\" data-settings=\"{&quot;ekit_we_effect_on&quot;:&quot;none&quot;}\" data-widget_type=\"heading.default\">\n\t\t\t\t\t<h2 class=\"elementor-heading-title elementor-size-default\">Nikad vi\u0161e ne propustite Bulenox kupone!\nPrijavite se za na\u0161 besplatni newsletter ve\u0107 danas!<\/h2>\t\t\t\t<\/div>\n\t\t\t\t<div class=\"elementor-element elementor-element-bde6899 elementor-widget elementor-widget-text-editor\" data-id=\"bde6899\" data-element_type=\"widget\" data-e-type=\"widget\" data-settings=\"{&quot;ekit_we_effect_on&quot;:&quot;none&quot;}\" data-widget_type=\"text-editor.default\">\n\t\t\t\t\t\t\t\t\t<div class=\"tnp tnp-subscription-minimal  \"><form action=\"https:\/\/bulenox.codes\/wp-admin\/admin-ajax.php?action=tnp&amp;na=s\" method=\"post\" style=\"text-align: center\"><input type=\"hidden\" name=\"nr\" value=\"minimal\">\n<input type=\"hidden\" name=\"nlang\" value=\"hr\">\n<input class=\"tnp-email\" type=\"email\" required name=\"ne\" value=\"\" placeholder=\"E-po\u0161ta\"><input class=\"tnp-submit\" type=\"submit\" value=\"Pretplatite se\" style=\"\">\n<div class=\"tnp-field tnp-privacy-field\"><label><input type=\"checkbox\" name=\"ny\" required class=\"tnp-privacy\"> <a target=\"_blank\" href=\"https:\/\/bulenox.codes\/privacy-policy\/\">Pretplati sePrihva\u0107am pravila o privatnosti<\/a><\/label><\/div><\/form><\/div>\n\t\t\t\t\t\t\t\t<\/div>\n\t\t\t\t\t<\/div>\n\t\t\t\t<\/div>\n\t\t<div class=\"elementor-element elementor-element-d30de9e e-flex e-con-boxed e-con e-parent\" data-id=\"d30de9e\" data-element_type=\"container\" data-e-type=\"container\">\n\t\t\t\t\t<div class=\"e-con-inner\">\n\t\t\t\t<div class=\"elementor-element elementor-element-3ccf68db elementor-widget elementor-widget-text-editor\" data-id=\"3ccf68db\" data-element_type=\"widget\" data-e-type=\"widget\" data-settings=\"{&quot;ekit_we_effect_on&quot;:&quot;none&quot;}\" data-widget_type=\"text-editor.default\">\n\t\t\t\t\t\t\t\t\t<p style=\"text-align: center;\"><strong>Savjet:<\/strong> Prijavite se na newsletter kako ne biste propustili budu\u0107e kupone i posebne ponude na <a href=\"http:\/\/bulenox.us\" target=\"_blank\" rel=\"noreferrer noopener\">Bulenoxu<\/a> .<\/p>\t\t\t\t\t\t\t\t<\/div>\n\t\t\t\t\t<\/div>\n\t\t\t\t<\/div>\n\t\t\t\t<\/div>\n\t\t\n    <div class=\"xs_social_share_widget xs_share_url after_content \t\tmain_content  wslu-style-1 wslu-share-box-shaped wslu-fill-colored wslu-none wslu-share-horizontal wslu-theme-font-no wslu-main_content\">\n\n\t\t\n        <ul>\n\t\t\t        <\/ul>\n    <\/div> \n","protected":false},"excerpt":{"rendered":"<p>Bulenox kupon\/kodovi Ako kupujete u Bulenoxu i tra\u017eite odli\u010dne popuste, vrijedi redovito provjeravati najnovije kodove kupona. S ovim bonovima mo\u017eete osigurati atraktivne popuste prilikom pla\u0107anja i naru\u010diti svoje omiljene proizvode po ni\u017eoj cijeni. Za\u0161to koristiti Bulenox kupone? Bez obzira naru\u010dujete li prvi put ili ste vjerni kupac &#8211; Bulenox kupon kod nudi vam mnoge prednosti: [&hellip;]<\/p>\n","protected":false},"author":1,"featured_media":0,"parent":0,"menu_order":0,"comment_status":"closed","ping_status":"closed","template":"","meta":{"_angie_page":false,"postBodyCss":"","postBodyMargin":[],"postBodyPadding":[],"postBodyBackground":{"backgroundType":"classic","gradient":""},"enableOnePageScrollInPage":false,"onePageScrollCss":"","onePageScrollSpeed":1000,"onePageScrollAnimation":"easeInOutQuad","onePageScrollShowDotNavigation":true,"onePageScrollNavigation":"scaleUp","onePageScrollNavigationPosition":"right","onePageScrollNavigationHorizontal":[],"onePageScrollNavigationVertical":[],"onePageScrollNavigationSpacing":[],"onePageScrollNavigationColor":"#00ff0d","onePageScrollNavigationColorHover":"#00ff0d","onePageScrollNavigationColorActive":"#00ff0d","onePageScrollNavigationIcon":[],"onePageScrollNavigationWidth":[],"onePageScrollNavigationWidthHover":[],"onePageScrollNavigationWidthActive":[],"onePageScrollNavigationHeight":[],"onePageScrollNavigationHeightHover":[],"onePageScrollNavigationHeightActive":[],"onePageScrollNavigationBorder":[],"onePageScrollNavigationBorderHover":[],"onePageScrollNavigationBorderActive":[],"onePageScrollNavigationBorderRadius":[],"onePageScrollNavigationBorderRadiusHover":[],"onePageScrollNavigationBorderRadiusActive":[],"onePageScrollNavigationTooltipTypography":[],"onePageScrollNavigationTooltipColor":"#ffffff","onePageScrollNavigationTooltipColorHover":"","onePageScrollNavigationTooltipBgColor":"#00ff0d","onePageScrollNavigationTooltipBgColorHover":"","onePageScrollNavigationTooltipPadding":[],"onePageScrollNavigationTooltipPaddingHover":[],"onePageScrollNavigationTooltipBorderRadius":[],"onePageScrollNavigationTooltipBorderRadiusHover":[],"pageSettingsCustomCss":"","footnotes":""},"class_list":["post-13544","page","type-page","status-publish","hentry"],"_links":{"self":[{"href":"https:\/\/bulenox.codes\/hr\/wp-json\/wp\/v2\/pages\/13544","targetHints":{"allow":["GET"]}}],"collection":[{"href":"https:\/\/bulenox.codes\/hr\/wp-json\/wp\/v2\/pages"}],"about":[{"href":"https:\/\/bulenox.codes\/hr\/wp-json\/wp\/v2\/types\/page"}],"author":[{"embeddable":true,"href":"https:\/\/bulenox.codes\/hr\/wp-json\/wp\/v2\/users\/1"}],"replies":[{"embeddable":true,"href":"https:\/\/bulenox.codes\/hr\/wp-json\/wp\/v2\/comments?post=13544"}],"version-history":[{"count":0,"href":"https:\/\/bulenox.codes\/hr\/wp-json\/wp\/v2\/pages\/13544\/revisions"}],"wp:attachment":[{"href":"https:\/\/bulenox.codes\/hr\/wp-json\/wp\/v2\/media?parent=13544"}],"curies":[{"name":"wp","href":"https:\/\/api.w.org\/{rel}","templated":true}]}}