{"id":13541,"date":"2025-01-15T12:33:57","date_gmt":"2025-01-15T17:33:57","guid":{"rendered":"https:\/\/bulenox.codes\/quantvps\/"},"modified":"2025-10-12T05:29:21","modified_gmt":"2025-10-12T09:29:21","slug":"quantvps","status":"publish","type":"page","link":"https:\/\/bulenox.codes\/hr\/quantvps\/","title":{"rendered":"QuantVPS"},"content":{"rendered":"&#13;\n<h2 class=\"wp-block-heading has-primary-color has-text-color has-link-color has-x-large-font-size wp-elements-936114e19b8f97f8263ee01337616994\">&#8220;QuantVPS: Vrhunsko rje\u0161enje s niskom latencijom za profesionalne trgovce&#8221;<\/h2>&#13;\n\r\n<div class=\"wp-block-columns is-layout-flex wp-container-core-columns-is-layout-28f84493 wp-block-columns-is-layout-flex\">\r\n<div class=\"wp-block-column is-layout-flow wp-block-column-is-layout-flow\">\r\n<div class=\"wp-block-media-text is-stacked-on-mobile is-vertically-aligned-top\">\r\n<figure class=\"wp-block-media-text__media\"><a href=\"http:\/\/quantvps.de\" target=\"_blank\" rel=\"noreferrer noopener\"><img fetchpriority=\"high\" decoding=\"async\" width=\"800\" height=\"401\" class=\"wp-image-6590 size-full\" src=\"https:\/\/bulenox.codes\/wp-content\/uploads\/2025\/01\/1705432402592.jpeg\" alt=\"\" title=\"\" srcset=\"https:\/\/bulenox.codes\/wp-content\/uploads\/2025\/01\/1705432402592.jpeg 800w, https:\/\/bulenox.codes\/wp-content\/uploads\/2025\/01\/1705432402592-300x150.jpeg 300w, https:\/\/bulenox.codes\/wp-content\/uploads\/2025\/01\/1705432402592-768x385.jpeg 768w\" sizes=\"(max-width: 800px) 100vw, 800px\" \/><\/a><\/figure>\r\n<div class=\"wp-block-media-text__content\">&#13;\n<p class=\"has-medium-font-size\"><a href=\"http:\/\/quantvps.de\/\" target=\"_blank\" rel=\"noreferrer noopener\">QuantVPS<\/a> je idealan izbor za trgovce i financijske stru\u010dnjake koji se oslanjaju na brze, pouzdane i servere s niskom latencijom. U brzom svijetu trgovanja, gdje milisekunde mogu odrediti dobit ili gubitak, <a href=\"http:\/\/quantvps.de\/\" target=\"_blank\" rel=\"noreferrer noopener\">QuantVPS<\/a> pru\u017ea robusnu infrastrukturu prilago\u0111enu zahtjevnim potrebama industrije. <\/p>&#13;\n\r\n\r\n&#13;\n<p class=\"has-medium-font-size\">Jedna od istaknutih zna\u010dajki <a href=\"http:\/\/quantvps.de\/\" target=\"_blank\" rel=\"noreferrer noopener\">QuantVPS<\/a> -a je njegova ultra niska latencija. S najsuvremenijim podatkovnim centrima strate\u0161ki smje\u0161tenim u blizini glavnih financijskih tr\u017ei\u0161ta, <a href=\"http:\/\/quantvps.de\/\" target=\"_blank\" rel=\"noreferrer noopener\">QuantVPS<\/a> pru\u017ea munjevito brze veze s burzama i platformama za trgovanje. To osigurava trenutno izvr\u0161enje naloga \u2013 klju\u010dna prednost za dnevne trgovce, algoritamske trgovce i sve koji koriste automatizirane strategije trgovanja.  <\/p>&#13;\n\r\n\r\n&#13;\n<p class=\"has-medium-font-size\"><a href=\"http:\/\/quantvps.de\/\" target=\"_blank\" rel=\"noreferrer noopener\">QuantVPS<\/a> -ova VPS rje\u0161enja dizajnirana su za maksimalnu stabilnost i performanse, \u010dak i tijekom razdoblja visoke tr\u017ei\u0161ne volatilnosti. Pokretani visokou\u010dinkovitim SSD diskovima i namjenskim resursima, korisnici imaju koristi od dosljedno velikih brzina i pouzdanog rada bez prekida ili ka\u0161njenja. <\/p>&#13;\n\r\n\r\n&#13;\n<p class=\"has-medium-font-size\">Jo\u0161 jedna klju\u010dna prednost je dostupnost servera 24\/7, dostupnih s bilo kojeg ure\u0111aja &#8211; bilo da se radi o ra\u010dunalu, tabletu ili pametnom telefonu. Trgovci mogu pratiti i prilago\u0111avati svoje strategije u bilo kojem trenutku, a istovremeno u\u017eivaju u potpunom root pristupu i sigurnom, izoliranom okru\u017eenju. Ova kombinacija fleksibilnosti i kontrole \u010dini <a href=\"http:\/\/quantvps.de\/\" target=\"_blank\" rel=\"noreferrer noopener\">QuantVPS<\/a> vrhunskim rje\u0161enjem za zahtjevne korisnike.  <\/p>&#13;\n\r\n\r\n&#13;\n<p class=\"has-medium-font-size\"><a href=\"http:\/\/quantvps.de\/\" target=\"_blank\" rel=\"noreferrer noopener\">QuantVPS<\/a> tako\u0111er nudi skalabilnost, omogu\u0107uju\u0107i besprijekorno prilago\u0111avanje kapaciteta servera na temelju obujma trgovanja. Osim toga, njihov izvrstan tim za korisni\u010dku podr\u0161ku uvijek je dostupan za pomo\u0107 s tehni\u010dkim upitima ili prilago\u0111enim konfiguracijama. <\/p>&#13;\n\r\n\r\n&#13;\n<p class=\"has-medium-font-size\">Za trgovce koji daju prioritet brzini, sigurnosti i pouzdanosti, <a href=\"http:\/\/quantvps.de\/\" target=\"_blank\" rel=\"noreferrer noopener\">QuantVPS<\/a> je savr\u0161ena platforma za u\u010dinkovito i uspje\u0161no izvr\u0161avanje strategija trgovanja.<\/p>&#13;\n\r\n\r\n<\/div>\r\n<\/div>\r\n<\/div>\r\n<\/div>\r\n\n    <div class=\"xs_social_share_widget xs_share_url after_content \t\tmain_content  wslu-style-1 wslu-share-box-shaped wslu-fill-colored wslu-none wslu-share-horizontal wslu-theme-font-no wslu-main_content\">\n\n\t\t\n        <ul>\n\t\t\t        <\/ul>\n    <\/div> \n","protected":false},"excerpt":{"rendered":"<p>&#13; &#8220;QuantVPS: Vrhunsko rje\u0161enje s niskom latencijom za profesionalne trgovce&#8221; &#13; &#13; QuantVPS je idealan izbor za trgovce i financijske stru\u010dnjake koji se oslanjaju na brze, pouzdane i servere s niskom latencijom. U brzom svijetu trgovanja, gdje milisekunde mogu odrediti dobit ili gubitak, QuantVPS pru\u017ea robusnu infrastrukturu prilago\u0111enu zahtjevnim potrebama industrije. &#13; &#13; Jedna od [&hellip;]<\/p>\n","protected":false},"author":1,"featured_media":0,"parent":0,"menu_order":0,"comment_status":"closed","ping_status":"closed","template":"","meta":{"_angie_page":false,"postBodyCss":"","postBodyMargin":[],"postBodyPadding":[],"postBodyBackground":{"backgroundType":"classic","gradient":""},"enableOnePageScrollInPage":false,"onePageScrollCss":"","onePageScrollSpeed":1000,"onePageScrollAnimation":"easeInOutQuad","onePageScrollShowDotNavigation":true,"onePageScrollNavigation":"scaleUp","onePageScrollNavigationPosition":"right","onePageScrollNavigationHorizontal":[],"onePageScrollNavigationVertical":[],"onePageScrollNavigationSpacing":[],"onePageScrollNavigationColor":"#00ff0d","onePageScrollNavigationColorHover":"#00ff0d","onePageScrollNavigationColorActive":"#00ff0d","onePageScrollNavigationIcon":[],"onePageScrollNavigationWidth":[],"onePageScrollNavigationWidthHover":[],"onePageScrollNavigationWidthActive":[],"onePageScrollNavigationHeight":[],"onePageScrollNavigationHeightHover":[],"onePageScrollNavigationHeightActive":[],"onePageScrollNavigationBorder":[],"onePageScrollNavigationBorderHover":[],"onePageScrollNavigationBorderActive":[],"onePageScrollNavigationBorderRadius":[],"onePageScrollNavigationBorderRadiusHover":[],"onePageScrollNavigationBorderRadiusActive":[],"onePageScrollNavigationTooltipTypography":[],"onePageScrollNavigationTooltipColor":"#ffffff","onePageScrollNavigationTooltipColorHover":"","onePageScrollNavigationTooltipBgColor":"#00ff0d","onePageScrollNavigationTooltipBgColorHover":"","onePageScrollNavigationTooltipPadding":[],"onePageScrollNavigationTooltipPaddingHover":[],"onePageScrollNavigationTooltipBorderRadius":[],"onePageScrollNavigationTooltipBorderRadiusHover":[],"pageSettingsCustomCss":"","footnotes":""},"class_list":["post-13541","page","type-page","status-publish","hentry"],"_links":{"self":[{"href":"https:\/\/bulenox.codes\/hr\/wp-json\/wp\/v2\/pages\/13541","targetHints":{"allow":["GET"]}}],"collection":[{"href":"https:\/\/bulenox.codes\/hr\/wp-json\/wp\/v2\/pages"}],"about":[{"href":"https:\/\/bulenox.codes\/hr\/wp-json\/wp\/v2\/types\/page"}],"author":[{"embeddable":true,"href":"https:\/\/bulenox.codes\/hr\/wp-json\/wp\/v2\/users\/1"}],"replies":[{"embeddable":true,"href":"https:\/\/bulenox.codes\/hr\/wp-json\/wp\/v2\/comments?post=13541"}],"version-history":[{"count":0,"href":"https:\/\/bulenox.codes\/hr\/wp-json\/wp\/v2\/pages\/13541\/revisions"}],"wp:attachment":[{"href":"https:\/\/bulenox.codes\/hr\/wp-json\/wp\/v2\/media?parent=13541"}],"curies":[{"name":"wp","href":"https:\/\/api.w.org\/{rel}","templated":true}]}}