{"id":8311,"date":"2025-01-18T09:33:19","date_gmt":"2025-01-18T14:33:19","guid":{"rendered":"https:\/\/bulenox.codes\/bulenox-kuponkikoodit\/"},"modified":"2026-02-06T12:29:19","modified_gmt":"2026-02-06T17:29:19","slug":"bulenox-kuponkikoodit","status":"publish","type":"page","link":"https:\/\/bulenox.codes\/fi\/bulenox-kuponkikoodit\/","title":{"rendered":"Bulenox kuponkikoodit"},"content":{"rendered":"\t\t<div data-elementor-type=\"wp-page\" data-elementor-id=\"8311\" class=\"elementor elementor-8311 elementor-8024\" data-elementor-post-type=\"page\">\n\t\t\t\t<div class=\"elementor-element elementor-element-fbd4079 e-flex e-con-boxed e-con e-parent\" data-id=\"fbd4079\" data-element_type=\"container\" data-e-type=\"container\">\n\t\t\t\t\t<div class=\"e-con-inner\">\n\t\t\t\t<div class=\"elementor-element elementor-element-a1f90f2 elementor-widget elementor-widget-heading\" data-id=\"a1f90f2\" data-element_type=\"widget\" data-e-type=\"widget\" data-settings=\"{&quot;ekit_we_effect_on&quot;:&quot;none&quot;}\" data-widget_type=\"heading.default\">\n\t\t\t\t\t<h2 class=\"elementor-heading-title elementor-size-default\">Bulenox kuponki \/ koodit<\/h2>\t\t\t\t<\/div>\n\t\t\t\t\t<\/div>\n\t\t\t\t<\/div>\n\t\t<div class=\"elementor-element elementor-element-620d5e21 e-flex e-con-boxed e-con e-parent\" data-id=\"620d5e21\" data-element_type=\"container\" data-e-type=\"container\">\n\t\t\t\t\t<div class=\"e-con-inner\">\n\t\t\t\t<div class=\"elementor-element elementor-element-af7e406 elementor-widget elementor-widget-text-editor\" data-id=\"af7e406\" data-element_type=\"widget\" data-e-type=\"widget\" data-settings=\"{&quot;ekit_we_effect_on&quot;:&quot;none&quot;}\" data-widget_type=\"text-editor.default\">\n\t\t\t\t\t\t\t\t\t<p>Jos teet ostoksia <a href=\"http:\/\/bulenox.us\" target=\"_blank\" rel=\"noopener\">Bulenoxilla<\/a> ja etsit suuria alennuksia, kannattaa tarkistaa s\u00e4\u00e4nn\u00f6llisesti uusimmat kuponkikoodit. N\u00e4ill\u00e4 tositteilla voit varmistaa houkuttelevat alennukset kassalla ja tilata suosikkituotteitasi halvemmalla.<\/p>\n<p><strong>Miksi k\u00e4ytt\u00e4\u00e4 <a href=\"http:\/\/bulenox.us\" target=\"_blank\" rel=\"noopener\">Bulenox<\/a> kuponkikoodeja?<\/strong><\/p>\n<p>Olitpa tilaamassa ensimm\u00e4ist\u00e4 kertaa tai olet uskollinen asiakas &#8211; <a href=\"http:\/\/bulenox.us\" target=\"_blank\" rel=\"noopener\">Bulenox-kuponkikoodi<\/a> tarjoaa sinulle monia etuja:<\/p>\n<ul>\n<li>V\u00e4litt\u00f6m\u00e4t s\u00e4\u00e4st\u00f6t: S\u00e4\u00e4st\u00e4 suoraan ostoksestasi ilman monimutkaisia ehtoja.<\/li>\n<li>Eksklusiivisia tarjouksia: Joitakin kuponkeja on saatavilla vain rajoitetun ajan tai tietyille tuotteille.<\/li>\n<li>Helppo lunastaa: Kirjoita koodi ostoskoriin ja nauti alennuksesta.<\/li>\n<\/ul>\t\t\t\t\t\t\t\t<\/div>\n\t\t\t\t<div class=\"elementor-element elementor-element-dbf428f elementor-widget elementor-widget-heading\" data-id=\"dbf428f\" data-element_type=\"widget\" data-e-type=\"widget\" data-settings=\"{&quot;ekit_we_effect_on&quot;:&quot;none&quot;}\" data-widget_type=\"heading.default\">\n\t\t\t\t\t<h2 class=\"elementor-heading-title elementor-size-default\">Nykyinen top Bulenox kuponkikoodit:<\/h2>\t\t\t\t<\/div>\n\t\t\t\t<div class=\"elementor-element elementor-element-6df48b3 elementor-widget elementor-widget-text-editor\" data-id=\"6df48b3\" data-element_type=\"widget\" data-e-type=\"widget\" data-settings=\"{&quot;ekit_we_effect_on&quot;:&quot;none&quot;}\" data-widget_type=\"text-editor.default\">\n\t\t\t\t\t\t\t\t\t<p style=\"text-align: center;\"><\/p>\n<p style=\"text-align: center;\"><\/p>\n<p style=\"text-align: center;\"><span style=\"color: #3c434a; font-family: -apple-system, BlinkMacSystemFont, 'Segoe UI', Roboto, Oxygen-Sans, Ubuntu, Cantarell, 'Helvetica Neue', sans-serif; font-size: 14px; text-align: start;\">\n<div class=\"wpcd-coupon-two wpcd-coupon-id-17712\" >\n    <div class=\"wpcd-col-two-1-4\">\n        <figure>\n            <img decoding=\"async\" class=\"wpcd-coupon-two-img\" src=\"https:\/\/bulenox.codes\/wp-content\/uploads\/2026\/01\/LIFETIME89.jpg\" alt=\"Bulenox 89 %:N ELINIK\u00c4INEN VAIHTOEHTO 1 -koodi\/kuponki\" title=\"\">        <\/figure>\n        <div class=\"wpcd-coupon-two-discount-text\">\n\t\t\t89 % ALENNUS VAIHTOEHDOSTA 1        <\/div>\n    <\/div>\n    <div class=\"wpcd-col-two-3-4\">\n        <div class=\"wpcd-coupon-two-header\">\n            <div>\n            \t\t\t\t\t<h2 class=\"wpcd-coupon-title\">\n\t\t\t\t\t\t<a href=\"http:\/\/www.bulenox.us\" target=\"http:\/\/_self\" rel=\"nofollow noopener\">Bulenox 89 %:N ELINIK\u00c4INEN VAIHTOEHTO 1 -koodi\/kuponki<\/a>\n                \t<\/h2>\n\t\t\t\t            <\/div>\n        <\/div>\n        <div class=\"wpcd-coupon-two-info\">\n            <div class=\"wpcd-coupon-two-title\">\n                                                            <span class=\"wpcd-coupon-two-countdown-text\">\n                            Vanhentuu:                          <\/span>\n                        <span class=\"wpcd-coupon-two-countdown test\"\n                            data-countdown_coupon=\"04\/09\/2026 23:59\"\n                            id=\"clock_17712\"><\/span>\n                                                <\/div>\n            <div class=\"wpcd-coupon-two-coupon\">\n\t\t\t\t\n\n    <div class=\"coupon-code-wpcd coupon-detail wpcd-coupon-id-17712 wpcd-coupon-button-type\">\n        <a data-type=\"code\" data-coupon-id=\"17712\"\n           href=\"?wpcd_coupon=17712\" class=\"coupon-button coupon-code-wpcd masterTooltip\"\n           id=\"coupon-button-17712\" title=\"Klikkaa t\u00e4st\u00e4 n\u00e4ytt\u00e4\u00e4ksesi koodin\" data-position=\"top center\" data-inverted=\"\" data-aff-url=\"http:\/\/www.bulenox.us\"\n           onClick=\"return wpcd_openCouponAffLink(this,  '17712', 'wpcd_category' )\" target=\"_blank\">\n            <span class=\"code-text-wpcd\" rel=\"nofollow\">OFF89<\/span>\n            <span class=\"get-code-wpcd\">\n        N\u00e4yt\u00e4 koodi        <\/span>\n\n        <\/a>\n    <\/div>\n\n    <!-- Coupon Popup -->\n    <section id=\"wpcd_coupon_popup_17712\" class=\"wpcd_coupon_popup_wr\" style=\"display:none\">\n        <div class=\"wpcd_coupon_popup_layer\"><\/div>\n        <div class=\"wpcd_coupon_popup_inner\">\n            <div class=\"wpcd_coupon_popup_top_head\">\n                <p class=\"wpcd_coupon_popup_title\">\n\t\t\t\t\tBulenox 89 %:N ELINIK\u00c4INEN VAIHTOEHTO 1 -koodi\/kuponki                <\/p>\n                <span class=\"wpcd_coupon_popup_close\">&times;<\/span>\n            <\/div>\n            <div class=\"wpcd_coupon_popup_copy_main\">\n                <div class=\"wpcd_coupon_popup_copy_text\">\n                    <p>Klikkaa &#8217;Kopioi&#8217; kopioidaksesi kuponkikoodin.<\/p>\n                <\/div>\n                <div class=\"wpcd_coupon_popup_copy_code_wr\">\n                    <span class=\"wpcd_coupon_popup_copy_code_span\">OFF89<\/span>\n                    <span class=\"wpcd_coupon_top_copy_span wpcd_coupon_top_copy_span_17712\"\n                          data-clipboard-text=\"OFF89\">Kopioi<\/span>\n                    <span id=\"coupon_code_17712\"\n                          style=\"display:none;\">OFF89<\/span>\n                <\/div>\n\t\t\t\t                <script type=\"text\/javascript\">\n                    window.addEventListener('DOMContentLoaded', function() {\n                        var clip = new ClipboardJS('.wpcd_coupon_top_copy_span_17712');\n                        clip.on(\"success\", function () {\n\n                            document.querySelector('.wpcd_coupon_top_copy_span_17712').innerText = 'Kopioitu';\n                            setTimeout(function () {\n                                document.querySelector('.wpcd_coupon_top_copy_span_17712').innerText = 'Kopioi';\n                            }, 500);\n                        });\n                    });\n                <\/script>\n\t                                <a target=\"_self\" rel=\"nofollow noopener\" class=\"wpcd_popup-go-link\" href=\"http:\/\/www.bulenox.us\">\n\t\t\t            Siirry tarjoukseen                    <\/a>\n\t                        <\/div>\n        <\/div>\n    <\/section>\n\n\n            <\/div>\n            <div id=\"clear\"><\/div>\n        <\/div>\n        <div id=\"clear\"><\/div>\n        <div class=\"wpcd-coupon-description\">\n            <span class=\"wpcd-full-description\"><p>Bulenox tarjoaa sinulle 89 %:n ELINIK\u00c4ISEN alennuskoodin seuraaviin haasteisiin:<\/p>\r\n<ul>\r\n<li>(VAIHTOEHTO 1) 25 000 $ \/ Jopa 3 sopimuksen tili<\/li>\r\n<li>(VAIHTOEHTO 1) 50 000 $ \/ Jopa 7 sopimuksen tili<\/li>\r\n<li>(VAIHTOEHTO 1) 100 000 $ \/ Jopa 12 sopimuksen tili<\/li>\r\n<li>(VAIHTOEHTO 1) 150 000 $ \/ Jopa 15 sopimuksen tili<\/li>\r\n<li>(VAIHTOEHTO 1) 250 000 $ \/ Jopa 25 sopimuksen tili<\/li>\r\n<\/ul><\/span>\n            <span class=\"wpcd-short-description\"><\/span>\n                            <a href=\"#\" class=\"wpcd-more-description\">Lis\u00e4\u00e4<\/a>\n                <a href=\"#\" class=\"wpcd-less-description\">V\u00e4hemm\u00e4n<\/a>\n                    <\/div>\n    <\/div>\n    <script type=\"text\/javascript\">\n\t\twindow.addEventListener('DOMContentLoaded', function() {\n\t\t\tvar clip = new ClipboardJS('.wpcd-btn-17712');\n\t\t});\n    <\/script>\n    <div class=\"clearfix\"><\/div>\n    <\/div>\n\n<\/span><\/p>\n<p style=\"text-align: center;\"><\/p>\n<p style=\"text-align: center;\"><\/p>\n<p style=\"text-align: center;\"><\/p>\n<p style=\"text-align: center;\"><\/p>\n<p style=\"text-align: center;\">\n<div class=\"wpcd-coupon-two wpcd-coupon-id-9208\" >\n    <div class=\"wpcd-col-two-1-4\">\n        <figure>\n            <img decoding=\"async\" class=\"wpcd-coupon-two-img\" src=\"https:\/\/bulenox.codes\/wp-content\/uploads\/2025\/01\/LIFETIME45.png\" alt=\"Bulenox 45% elinik\u00e4inen koodi \/ kuponki\" title=\"\">        <\/figure>\n        <div class=\"wpcd-coupon-two-discount-text\">\n\t\t\t45% ALENNUS VAIHTOEHDOSTA 1 \/ 2        <\/div>\n    <\/div>\n    <div class=\"wpcd-col-two-3-4\">\n        <div class=\"wpcd-coupon-two-header\">\n            <div>\n            \t\t\t\t\t<h2 class=\"wpcd-coupon-title\">\n\t\t\t\t\t\t<a href=\"http:\/\/www.bulenox.us\" target=\"http:\/\/_self\" rel=\"nofollow noopener\">Bulenox 45% elinik\u00e4inen koodi \/ kuponki<\/a>\n                \t<\/h2>\n\t\t\t\t            <\/div>\n        <\/div>\n        <div class=\"wpcd-coupon-two-info\">\n            <div class=\"wpcd-coupon-two-title\">\n                                                            <span class=\"wpcd-coupon-two-countdown-text\">\n                            Vanhentuu:                          <\/span>\n                        <span class=\"wpcd-coupon-two-countdown test\"\n                            data-countdown_coupon=\"04\/30\/2026 23:59\"\n                            id=\"clock_9208\"><\/span>\n                                                <\/div>\n            <div class=\"wpcd-coupon-two-coupon\">\n\t\t\t\t\n\n    <div class=\"coupon-code-wpcd coupon-detail wpcd-coupon-id-9208 wpcd-coupon-button-type\">\n        <a data-type=\"code\" data-coupon-id=\"9208\"\n           href=\"?wpcd_coupon=9208\" class=\"coupon-button coupon-code-wpcd masterTooltip\"\n           id=\"coupon-button-9208\" title=\"Klikkaa t\u00e4st\u00e4 n\u00e4ytt\u00e4\u00e4ksesi koodin\" data-position=\"top center\" data-inverted=\"\" data-aff-url=\"http:\/\/www.bulenox.us\"\n           onClick=\"return wpcd_openCouponAffLink(this,  '9208', 'wpcd_category' )\" target=\"_blank\">\n            <span class=\"code-text-wpcd\" rel=\"nofollow\">OFF45<\/span>\n            <span class=\"get-code-wpcd\">\n        N\u00e4yt\u00e4 koodi        <\/span>\n\n        <\/a>\n    <\/div>\n\n    <!-- Coupon Popup -->\n    <section id=\"wpcd_coupon_popup_9208\" class=\"wpcd_coupon_popup_wr\" style=\"display:none\">\n        <div class=\"wpcd_coupon_popup_layer\"><\/div>\n        <div class=\"wpcd_coupon_popup_inner\">\n            <div class=\"wpcd_coupon_popup_top_head\">\n                <p class=\"wpcd_coupon_popup_title\">\n\t\t\t\t\tBulenox 45% elinik\u00e4inen koodi \/ kuponki                <\/p>\n                <span class=\"wpcd_coupon_popup_close\">&times;<\/span>\n            <\/div>\n            <div class=\"wpcd_coupon_popup_copy_main\">\n                <div class=\"wpcd_coupon_popup_copy_text\">\n                    <p>Klikkaa &#8217;Kopioi&#8217; kopioidaksesi kuponkikoodin.<\/p>\n                <\/div>\n                <div class=\"wpcd_coupon_popup_copy_code_wr\">\n                    <span class=\"wpcd_coupon_popup_copy_code_span\">OFF45<\/span>\n                    <span class=\"wpcd_coupon_top_copy_span wpcd_coupon_top_copy_span_9208\"\n                          data-clipboard-text=\"OFF45\">Kopioi<\/span>\n                    <span id=\"coupon_code_9208\"\n                          style=\"display:none;\">OFF45<\/span>\n                <\/div>\n\t\t\t\t                <script type=\"text\/javascript\">\n                    window.addEventListener('DOMContentLoaded', function() {\n                        var clip = new ClipboardJS('.wpcd_coupon_top_copy_span_9208');\n                        clip.on(\"success\", function () {\n\n                            document.querySelector('.wpcd_coupon_top_copy_span_9208').innerText = 'Kopioitu';\n                            setTimeout(function () {\n                                document.querySelector('.wpcd_coupon_top_copy_span_9208').innerText = 'Kopioi';\n                            }, 500);\n                        });\n                    });\n                <\/script>\n\t                                <a target=\"_self\" rel=\"nofollow noopener\" class=\"wpcd_popup-go-link\" href=\"http:\/\/www.bulenox.us\">\n\t\t\t            Siirry tarjoukseen                    <\/a>\n\t                        <\/div>\n        <\/div>\n    <\/section>\n\n\n            <\/div>\n            <div id=\"clear\"><\/div>\n        <\/div>\n        <div id=\"clear\"><\/div>\n        <div class=\"wpcd-coupon-description\">\n            <span class=\"wpcd-full-description\"><p>Bulenox tarjoaa sinulle 45% LIFETIME-alennuskoodin seuraavista haasteista:<\/p>\r\n<ul>\r\n<li>(VAIHTOEHTO 1) $25,000 \/ Enint\u00e4\u00e4n 3 sopimustili\u00e4<\/li>\r\n<li>(VAIHTOEHTO 1) $50,000 \/ Enint\u00e4\u00e4n 7 sopimustili\u00e4.<\/li>\r\n<li>(VAIHTOEHTO 1) 100 000 dollaria \/ Enint\u00e4\u00e4n 12 sopimustili\u00e4<\/li>\r\n<li>(VAIHTOEHTO 1) 150 000 dollaria \/ Enint\u00e4\u00e4n 15 sopimustili\u00e4.<\/li>\r\n<li>(VAIHTOEHTO 1) 250 DOLLARIA. 000 \/ Jopa 25 sopimustilille asti<\/li>\r\n<li>(VAIHTOEHTO 2) EOD\/Scaling\/DLL $25,000 \/ Enint\u00e4\u00e4n 3 sopimustili\u00e4<\/li>\r\n<li>(VAIHTOEHTO 2) EOD\/Scaling\/DLL $50,000 \/ Enint\u00e4\u00e4n 7 sopimustilille asti<\/li>\r\n<li>(VAIHTOEHTO 2) EOD\/Scaling\/DLL 100,000 $ \/ Enint\u00e4\u00e4n 12 sopimustili\u00e4.<\/li>\r\n<li>(VAIHTOEHTO 2) EOD\/Scaling $150,000 \/ Enint\u00e4\u00e4n 15 sopimustili<\/li>\r\n<li>EOD\/Scaling $250,000 \/ Enint\u00e4\u00e4n 25 sopimustili<\/li>\r\n<\/ul><\/span>\n            <span class=\"wpcd-short-description\"><\/span>\n                            <a href=\"#\" class=\"wpcd-more-description\">Lis\u00e4\u00e4<\/a>\n                <a href=\"#\" class=\"wpcd-less-description\">V\u00e4hemm\u00e4n<\/a>\n                    <\/div>\n    <\/div>\n    <script type=\"text\/javascript\">\n\t\twindow.addEventListener('DOMContentLoaded', function() {\n\t\t\tvar clip = new ClipboardJS('.wpcd-btn-9208');\n\t\t});\n    <\/script>\n    <div class=\"clearfix\"><\/div>\n    <\/div>\n\n<\/p>\n<p style=\"text-align: center;\"><\/p>\n<p style=\"text-align: center;\"><\/p>\n<p style=\"text-align: center;\"><\/p>\t\t\t\t\t\t\t\t<\/div>\n\t\t\t\t\t<\/div>\n\t\t\t\t<\/div>\n\t\t<div class=\"elementor-element elementor-element-e046a4e e-grid e-con-boxed e-con e-parent\" data-id=\"e046a4e\" data-element_type=\"container\" data-e-type=\"container\" data-settings=\"{&quot;background_background&quot;:&quot;classic&quot;}\">\n\t\t\t\t\t<div class=\"e-con-inner\">\n\t\t\t\t<div class=\"elementor-element elementor-element-b94a630 elementor-widget elementor-widget-heading\" data-id=\"b94a630\" data-element_type=\"widget\" data-e-type=\"widget\" data-settings=\"{&quot;ekit_we_effect_on&quot;:&quot;none&quot;}\" data-widget_type=\"heading.default\">\n\t\t\t\t\t<h2 class=\"elementor-heading-title elementor-size-default\">\u00c4l\u00e4 koskaan missaa Bulenox kuponkeja uudelleen!\nTilaa ilmainen uutiskirjeemme t\u00e4n\u00e4\u00e4n!<\/h2>\t\t\t\t<\/div>\n\t\t\t\t<div class=\"elementor-element elementor-element-bde6899 elementor-widget elementor-widget-text-editor\" data-id=\"bde6899\" data-element_type=\"widget\" data-e-type=\"widget\" data-settings=\"{&quot;ekit_we_effect_on&quot;:&quot;none&quot;}\" data-widget_type=\"text-editor.default\">\n\t\t\t\t\t\t\t\t\t<div class=\"tnp tnp-subscription-minimal  \"><form action=\"https:\/\/bulenox.codes\/wp-admin\/admin-ajax.php?action=tnp&amp;na=s\" method=\"post\" style=\"text-align: center\"><input type=\"hidden\" name=\"nr\" value=\"minimal\">\n<input type=\"hidden\" name=\"nlang\" value=\"fi\">\n<input class=\"tnp-email\" type=\"email\" required name=\"ne\" value=\"\" placeholder=\"s\u00e4hk\u00f6postiosoite\"><input class=\"tnp-submit\" type=\"submit\" value=\"Tilaa\" style=\"\">\n<div class=\"tnp-field tnp-privacy-field\"><label><input type=\"checkbox\" name=\"ny\" required class=\"tnp-privacy\"> <a target=\"_blank\" href=\"https:\/\/bulenox.codes\/privacy-policy\/\">Hyv\u00e4ksyn tietosuojak\u00e4yt\u00e4nn\u00f6n<\/a><\/label><\/div><\/form><\/div>\n\t\t\t\t\t\t\t\t<\/div>\n\t\t\t\t\t<\/div>\n\t\t\t\t<\/div>\n\t\t<div class=\"elementor-element elementor-element-d30de9e e-flex e-con-boxed e-con e-parent\" data-id=\"d30de9e\" data-element_type=\"container\" data-e-type=\"container\">\n\t\t\t\t\t<div class=\"e-con-inner\">\n\t\t\t\t<div class=\"elementor-element elementor-element-3ccf68db elementor-widget elementor-widget-text-editor\" data-id=\"3ccf68db\" data-element_type=\"widget\" data-e-type=\"widget\" data-settings=\"{&quot;ekit_we_effect_on&quot;:&quot;none&quot;}\" data-widget_type=\"text-editor.default\">\n\t\t\t\t\t\t\t\t\t<p style=\"text-align: center;\"><strong>Vihje:<\/strong> Tilaa uutiskirje, jotta et j\u00e4\u00e4 paitsi tulevista kupongeista ja erikoistarjouksista <a href=\"http:\/\/bulenox.us\" target=\"_blank\" rel=\"noreferrer noopener\">Bulenoxissa<\/a>.<\/p>\t\t\t\t\t\t\t\t<\/div>\n\t\t\t\t\t<\/div>\n\t\t\t\t<\/div>\n\t\t\t\t<\/div>\n\t\t\n    <div class=\"xs_social_share_widget xs_share_url after_content \t\tmain_content  wslu-style-1 wslu-share-box-shaped wslu-fill-colored wslu-none wslu-share-horizontal wslu-theme-font-no wslu-main_content\">\n\n\t\t\n        <ul>\n\t\t\t        <\/ul>\n    <\/div> \n","protected":false},"excerpt":{"rendered":"<p>Bulenox kuponki \/ koodit Jos teet ostoksia Bulenoxilla ja etsit suuria alennuksia, kannattaa tarkistaa s\u00e4\u00e4nn\u00f6llisesti uusimmat kuponkikoodit. N\u00e4ill\u00e4 tositteilla voit varmistaa houkuttelevat alennukset kassalla ja tilata suosikkituotteitasi halvemmalla. Miksi k\u00e4ytt\u00e4\u00e4 Bulenox kuponkikoodeja? Olitpa tilaamassa ensimm\u00e4ist\u00e4 kertaa tai olet uskollinen asiakas &#8211; Bulenox-kuponkikoodi tarjoaa sinulle monia etuja: V\u00e4litt\u00f6m\u00e4t s\u00e4\u00e4st\u00f6t: S\u00e4\u00e4st\u00e4 suoraan ostoksestasi ilman monimutkaisia ehtoja. Eksklusiivisia [&hellip;]<\/p>\n","protected":false},"author":1,"featured_media":0,"parent":0,"menu_order":0,"comment_status":"closed","ping_status":"closed","template":"","meta":{"_angie_page":false,"postBodyCss":"","postBodyMargin":[],"postBodyPadding":[],"postBodyBackground":{"backgroundType":"classic","gradient":""},"enableOnePageScrollInPage":false,"onePageScrollCss":"","onePageScrollSpeed":1000,"onePageScrollAnimation":"easeInOutQuad","onePageScrollShowDotNavigation":true,"onePageScrollNavigation":"scaleUp","onePageScrollNavigationPosition":"right","onePageScrollNavigationHorizontal":[],"onePageScrollNavigationVertical":[],"onePageScrollNavigationSpacing":[],"onePageScrollNavigationColor":"#00ff0d","onePageScrollNavigationColorHover":"#00ff0d","onePageScrollNavigationColorActive":"#00ff0d","onePageScrollNavigationIcon":[],"onePageScrollNavigationWidth":[],"onePageScrollNavigationWidthHover":[],"onePageScrollNavigationWidthActive":[],"onePageScrollNavigationHeight":[],"onePageScrollNavigationHeightHover":[],"onePageScrollNavigationHeightActive":[],"onePageScrollNavigationBorder":[],"onePageScrollNavigationBorderHover":[],"onePageScrollNavigationBorderActive":[],"onePageScrollNavigationBorderRadius":[],"onePageScrollNavigationBorderRadiusHover":[],"onePageScrollNavigationBorderRadiusActive":[],"onePageScrollNavigationTooltipTypography":[],"onePageScrollNavigationTooltipColor":"#ffffff","onePageScrollNavigationTooltipColorHover":"","onePageScrollNavigationTooltipBgColor":"#00ff0d","onePageScrollNavigationTooltipBgColorHover":"","onePageScrollNavigationTooltipPadding":[],"onePageScrollNavigationTooltipPaddingHover":[],"onePageScrollNavigationTooltipBorderRadius":[],"onePageScrollNavigationTooltipBorderRadiusHover":[],"pageSettingsCustomCss":"","footnotes":""},"class_list":["post-8311","page","type-page","status-publish","hentry"],"_links":{"self":[{"href":"https:\/\/bulenox.codes\/fi\/wp-json\/wp\/v2\/pages\/8311","targetHints":{"allow":["GET"]}}],"collection":[{"href":"https:\/\/bulenox.codes\/fi\/wp-json\/wp\/v2\/pages"}],"about":[{"href":"https:\/\/bulenox.codes\/fi\/wp-json\/wp\/v2\/types\/page"}],"author":[{"embeddable":true,"href":"https:\/\/bulenox.codes\/fi\/wp-json\/wp\/v2\/users\/1"}],"replies":[{"embeddable":true,"href":"https:\/\/bulenox.codes\/fi\/wp-json\/wp\/v2\/comments?post=8311"}],"version-history":[{"count":0,"href":"https:\/\/bulenox.codes\/fi\/wp-json\/wp\/v2\/pages\/8311\/revisions"}],"wp:attachment":[{"href":"https:\/\/bulenox.codes\/fi\/wp-json\/wp\/v2\/media?parent=8311"}],"curies":[{"name":"wp","href":"https:\/\/api.w.org\/{rel}","templated":true}]}}