{"id":8090,"date":"2025-01-18T09:33:19","date_gmt":"2025-01-18T14:33:19","guid":{"rendered":"https:\/\/bulenox.codes\/codigos-de-cupon-bulenox\/"},"modified":"2026-02-06T12:27:18","modified_gmt":"2026-02-06T17:27:18","slug":"codigos-de-cupon-bulenox","status":"publish","type":"page","link":"https:\/\/bulenox.codes\/es\/codigos-de-cupon-bulenox\/","title":{"rendered":"C\u00f3digos de cup\u00f3n Bulenox"},"content":{"rendered":"\t\t<div data-elementor-type=\"wp-page\" data-elementor-id=\"8090\" class=\"elementor elementor-8090 elementor-8024\" data-elementor-post-type=\"page\">\n\t\t\t\t<div class=\"elementor-element elementor-element-fbd4079 e-flex e-con-boxed e-con e-parent\" data-id=\"fbd4079\" data-element_type=\"container\" data-e-type=\"container\">\n\t\t\t\t\t<div class=\"e-con-inner\">\n\t\t\t\t<div class=\"elementor-element elementor-element-a1f90f2 elementor-widget elementor-widget-heading\" data-id=\"a1f90f2\" data-element_type=\"widget\" data-e-type=\"widget\" data-settings=\"{&quot;ekit_we_effect_on&quot;:&quot;none&quot;}\" data-widget_type=\"heading.default\">\n\t\t\t\t\t<h2 class=\"elementor-heading-title elementor-size-default\">Cup\u00f3n Bulenox \/ C\u00f3digos<\/h2>\t\t\t\t<\/div>\n\t\t\t\t\t<\/div>\n\t\t\t\t<\/div>\n\t\t<div class=\"elementor-element elementor-element-620d5e21 e-flex e-con-boxed e-con e-parent\" data-id=\"620d5e21\" data-element_type=\"container\" data-e-type=\"container\">\n\t\t\t\t\t<div class=\"e-con-inner\">\n\t\t\t\t<div class=\"elementor-element elementor-element-af7e406 elementor-widget elementor-widget-text-editor\" data-id=\"af7e406\" data-element_type=\"widget\" data-e-type=\"widget\" data-settings=\"{&quot;ekit_we_effect_on&quot;:&quot;none&quot;}\" data-widget_type=\"text-editor.default\">\n\t\t\t\t\t\t\t\t\t<p>Si compras en <a href=\"http:\/\/bulenox.us\" target=\"_blank\" rel=\"noopener\">Bulenox<\/a> y buscas grandes descuentos, merece la pena que compruebes regularmente los \u00faltimos c\u00f3digos de cup\u00f3n. Con estos vales, puedes asegurarte atractivos descuentos al pagar y pedir tus productos favoritos a un precio m\u00e1s bajo.<\/p>\n<p><strong>\u00bfPor qu\u00e9 utilizar los C\u00f3digos Promocionales <a href=\"http:\/\/bulenox.us\" target=\"_blank\" rel=\"noopener\">Bulenox<\/a>?<\/strong><\/p>\n<p>Tanto si es la primera vez que haces un pedido como si eres un cliente fiel, un c\u00f3digo de cup\u00f3n <a href=\"http:\/\/bulenox.us\" target=\"_blank\" rel=\"noopener\">Bulenox<\/a> te ofrece muchas ventajas:<\/p>\n<ul>\n<li>Ahorro instant\u00e1neo: Ahorra directamente en tu compra sin condiciones complicadas.<\/li>\n<li>Ofertas exclusivas: Algunos vales s\u00f3lo est\u00e1n disponibles durante un tiempo limitado o para determinados productos.<\/li>\n<li>F\u00e1cil de canjear: Introduce el c\u00f3digo en la cesta de la compra y disfruta del descuento.<\/li>\n<\/ul>\t\t\t\t\t\t\t\t<\/div>\n\t\t\t\t<div class=\"elementor-element elementor-element-dbf428f elementor-widget elementor-widget-heading\" data-id=\"dbf428f\" data-element_type=\"widget\" data-e-type=\"widget\" data-settings=\"{&quot;ekit_we_effect_on&quot;:&quot;none&quot;}\" data-widget_type=\"heading.default\">\n\t\t\t\t\t<h2 class=\"elementor-heading-title elementor-size-default\">C\u00f3digos promocionales actuales de Bulenox:<\/h2>\t\t\t\t<\/div>\n\t\t\t\t<div class=\"elementor-element elementor-element-6df48b3 elementor-widget elementor-widget-text-editor\" data-id=\"6df48b3\" data-element_type=\"widget\" data-e-type=\"widget\" data-settings=\"{&quot;ekit_we_effect_on&quot;:&quot;none&quot;}\" data-widget_type=\"text-editor.default\">\n\t\t\t\t\t\t\t\t\t<p style=\"text-align: center;\"><\/p>\n<p style=\"text-align: center;\"><\/p>\n<p style=\"text-align: center;\"><span style=\"color: #3c434a; font-family: -apple-system, BlinkMacSystemFont, 'Segoe UI', Roboto, Oxygen-Sans, Ubuntu, Cantarell, 'Helvetica Neue', sans-serif; font-size: 14px; text-align: start;\">\n<div class=\"wpcd-coupon-two wpcd-coupon-id-17744\" >\n    <div class=\"wpcd-col-two-1-4\">\n        <figure>\n            <img decoding=\"async\" class=\"wpcd-coupon-two-img\" src=\"https:\/\/bulenox.codes\/wp-content\/uploads\/2026\/01\/LIFETIME89.jpg\" alt=\"C\u00f3digo\/Cup\u00f3n Bulenox 89% DE DESCUENTO DE POR VIDA OPCI\u00d3N 1\" title=\"\">        <\/figure>\n        <div class=\"wpcd-coupon-two-discount-text\">\n\t\t\t89% DE DESCUENTO OPCI\u00d3N 1        <\/div>\n    <\/div>\n    <div class=\"wpcd-col-two-3-4\">\n        <div class=\"wpcd-coupon-two-header\">\n            <div>\n            \t\t\t\t\t<h2 class=\"wpcd-coupon-title\">\n\t\t\t\t\t\t<a href=\"http:\/\/www.bulenox.us\" target=\"http:\/\/_self\" rel=\"nofollow noopener\">C\u00f3digo\/Cup\u00f3n Bulenox 89% DE DESCUENTO DE POR VIDA OPCI\u00d3N 1<\/a>\n                \t<\/h2>\n\t\t\t\t            <\/div>\n        <\/div>\n        <div class=\"wpcd-coupon-two-info\">\n            <div class=\"wpcd-coupon-two-title\">\n                                                            <span class=\"wpcd-coupon-two-countdown-text\">\n                            Caduca el:                          <\/span>\n                        <span class=\"wpcd-coupon-two-countdown test\"\n                            data-countdown_coupon=\"04\/09\/2026 23:59\"\n                            id=\"clock_17744\"><\/span>\n                                                <\/div>\n            <div class=\"wpcd-coupon-two-coupon\">\n\t\t\t\t\n\n    <div class=\"coupon-code-wpcd coupon-detail wpcd-coupon-id-17744 wpcd-coupon-button-type\">\n        <a data-type=\"code\" data-coupon-id=\"17744\"\n           href=\"?wpcd_coupon=17744\" class=\"coupon-button coupon-code-wpcd masterTooltip\"\n           id=\"coupon-button-17744\" title=\"Haz clic aqu\u00ed para mostrar el c\u00f3digo\" data-position=\"top center\" data-inverted=\"\" data-aff-url=\"http:\/\/www.bulenox.us\"\n           onClick=\"return wpcd_openCouponAffLink(this,  '17744', 'wpcd_category' )\" target=\"_blank\">\n            <span class=\"code-text-wpcd\" rel=\"nofollow\">OFF89<\/span>\n            <span class=\"get-code-wpcd\">\n        Mostrar c\u00f3digo        <\/span>\n\n        <\/a>\n    <\/div>\n\n    <!-- Coupon Popup -->\n    <section id=\"wpcd_coupon_popup_17744\" class=\"wpcd_coupon_popup_wr\" style=\"display:none\">\n        <div class=\"wpcd_coupon_popup_layer\"><\/div>\n        <div class=\"wpcd_coupon_popup_inner\">\n            <div class=\"wpcd_coupon_popup_top_head\">\n                <p class=\"wpcd_coupon_popup_title\">\n\t\t\t\t\tC\u00f3digo\/Cup\u00f3n Bulenox 89% DE DESCUENTO DE POR VIDA OPCI\u00d3N 1                <\/p>\n                <span class=\"wpcd_coupon_popup_close\">&times;<\/span>\n            <\/div>\n            <div class=\"wpcd_coupon_popup_copy_main\">\n                <div class=\"wpcd_coupon_popup_copy_text\">\n                    <p>Haz clic en \u00abCopiar\u00bb para copiar el c\u00f3digo del cup\u00f3n.<\/p>\n                <\/div>\n                <div class=\"wpcd_coupon_popup_copy_code_wr\">\n                    <span class=\"wpcd_coupon_popup_copy_code_span\">OFF89<\/span>\n                    <span class=\"wpcd_coupon_top_copy_span wpcd_coupon_top_copy_span_17744\"\n                          data-clipboard-text=\"OFF89\">Copia<\/span>\n                    <span id=\"coupon_code_17744\"\n                          style=\"display:none;\">OFF89<\/span>\n                <\/div>\n\t\t\t\t                <script type=\"text\/javascript\">\n                    window.addEventListener('DOMContentLoaded', function() {\n                        var clip = new ClipboardJS('.wpcd_coupon_top_copy_span_17744');\n                        clip.on(\"success\", function () {\n\n                            document.querySelector('.wpcd_coupon_top_copy_span_17744').innerText = 'Copiado';\n                            setTimeout(function () {\n                                document.querySelector('.wpcd_coupon_top_copy_span_17744').innerText = 'Copia';\n                            }, 500);\n                        });\n                    });\n                <\/script>\n\t                                <a target=\"_self\" rel=\"nofollow noopener\" class=\"wpcd_popup-go-link\" href=\"http:\/\/www.bulenox.us\">\n\t\t\t            Ir a la oferta                    <\/a>\n\t                        <\/div>\n        <\/div>\n    <\/section>\n\n\n            <\/div>\n            <div id=\"clear\"><\/div>\n        <\/div>\n        <div id=\"clear\"><\/div>\n        <div class=\"wpcd-coupon-description\">\n            <span class=\"wpcd-full-description\"><p>Bulenox te ofrece un c\u00f3digo de descuento del 89% DE POR VIDA en los siguientes Desaf\u00edos:<\/p>\r\n<ul>\r\n<li>(OPCI\u00d3N 1) $25,000 \/ Cuenta de hasta 3 contratos<\/li>\r\n<li>(OPCI\u00d3N 1) $50,000 \/ Cuenta de hasta 7 contratos<\/li>\r\n<li>(OPCI\u00d3N 1) $100,000 \/ Cuenta de hasta 12 contratos<\/li>\r\n<li>(OPCI\u00d3N 1) $150,000 \/ Cuenta de hasta 15 contratos<\/li>\r\n<li>(OPCI\u00d3N 1) $250,000 \/ Cuenta de hasta 25 contratos<\/li>\r\n<\/ul><\/span>\n            <span class=\"wpcd-short-description\"><\/span>\n                            <a href=\"#\" class=\"wpcd-more-description\">M\u00e1s<\/a>\n                <a href=\"#\" class=\"wpcd-less-description\">Menos<\/a>\n                    <\/div>\n    <\/div>\n    <script type=\"text\/javascript\">\n\t\twindow.addEventListener('DOMContentLoaded', function() {\n\t\t\tvar clip = new ClipboardJS('.wpcd-btn-17744');\n\t\t});\n    <\/script>\n    <div class=\"clearfix\"><\/div>\n    <\/div>\n\n<\/span><\/p>\n<p style=\"text-align: center;\"><\/p>\n<p style=\"text-align: center;\"><\/p>\n<p style=\"text-align: center;\"><\/p>\n<p style=\"text-align: center;\"><\/p>\n<p style=\"text-align: center;\">\n<div class=\"wpcd-coupon-two wpcd-coupon-id-9223\" >\n    <div class=\"wpcd-col-two-1-4\">\n        <figure>\n            <img decoding=\"async\" class=\"wpcd-coupon-two-img\" src=\"https:\/\/bulenox.codes\/wp-content\/uploads\/2025\/01\/LIFETIME45.png\" alt=\"Bulenox 45% C\u00f3digo de por vida \/ Cup\u00f3n\" title=\"\">        <\/figure>\n        <div class=\"wpcd-coupon-two-discount-text\">\n\t\t\t45% DE DESCUENTO OPCI\u00d3N 1 \/ 2        <\/div>\n    <\/div>\n    <div class=\"wpcd-col-two-3-4\">\n        <div class=\"wpcd-coupon-two-header\">\n            <div>\n            \t\t\t\t\t<h2 class=\"wpcd-coupon-title\">\n\t\t\t\t\t\t<a href=\"http:\/\/www.bulenox.us\" target=\"http:\/\/_self\" rel=\"nofollow noopener\">Bulenox 45% C\u00f3digo de por vida \/ Cup\u00f3n<\/a>\n                \t<\/h2>\n\t\t\t\t            <\/div>\n        <\/div>\n        <div class=\"wpcd-coupon-two-info\">\n            <div class=\"wpcd-coupon-two-title\">\n                                                            <span class=\"wpcd-coupon-two-countdown-text\">\n                            Caduca el:                          <\/span>\n                        <span class=\"wpcd-coupon-two-countdown test\"\n                            data-countdown_coupon=\"04\/30\/2026 23:59\"\n                            id=\"clock_9223\"><\/span>\n                                                <\/div>\n            <div class=\"wpcd-coupon-two-coupon\">\n\t\t\t\t\n\n    <div class=\"coupon-code-wpcd coupon-detail wpcd-coupon-id-9223 wpcd-coupon-button-type\">\n        <a data-type=\"code\" data-coupon-id=\"9223\"\n           href=\"?wpcd_coupon=9223\" class=\"coupon-button coupon-code-wpcd masterTooltip\"\n           id=\"coupon-button-9223\" title=\"Haz clic aqu\u00ed para mostrar el c\u00f3digo\" data-position=\"top center\" data-inverted=\"\" data-aff-url=\"http:\/\/www.bulenox.us\"\n           onClick=\"return wpcd_openCouponAffLink(this,  '9223', 'wpcd_category' )\" target=\"_blank\">\n            <span class=\"code-text-wpcd\" rel=\"nofollow\">OFF45<\/span>\n            <span class=\"get-code-wpcd\">\n        Mostrar c\u00f3digo        <\/span>\n\n        <\/a>\n    <\/div>\n\n    <!-- Coupon Popup -->\n    <section id=\"wpcd_coupon_popup_9223\" class=\"wpcd_coupon_popup_wr\" style=\"display:none\">\n        <div class=\"wpcd_coupon_popup_layer\"><\/div>\n        <div class=\"wpcd_coupon_popup_inner\">\n            <div class=\"wpcd_coupon_popup_top_head\">\n                <p class=\"wpcd_coupon_popup_title\">\n\t\t\t\t\tBulenox 45% C\u00f3digo de por vida \/ Cup\u00f3n                <\/p>\n                <span class=\"wpcd_coupon_popup_close\">&times;<\/span>\n            <\/div>\n            <div class=\"wpcd_coupon_popup_copy_main\">\n                <div class=\"wpcd_coupon_popup_copy_text\">\n                    <p>Haz clic en \u00abCopiar\u00bb para copiar el c\u00f3digo del cup\u00f3n.<\/p>\n                <\/div>\n                <div class=\"wpcd_coupon_popup_copy_code_wr\">\n                    <span class=\"wpcd_coupon_popup_copy_code_span\">OFF45<\/span>\n                    <span class=\"wpcd_coupon_top_copy_span wpcd_coupon_top_copy_span_9223\"\n                          data-clipboard-text=\"OFF45\">Copia<\/span>\n                    <span id=\"coupon_code_9223\"\n                          style=\"display:none;\">OFF45<\/span>\n                <\/div>\n\t\t\t\t                <script type=\"text\/javascript\">\n                    window.addEventListener('DOMContentLoaded', function() {\n                        var clip = new ClipboardJS('.wpcd_coupon_top_copy_span_9223');\n                        clip.on(\"success\", function () {\n\n                            document.querySelector('.wpcd_coupon_top_copy_span_9223').innerText = 'Copiado';\n                            setTimeout(function () {\n                                document.querySelector('.wpcd_coupon_top_copy_span_9223').innerText = 'Copia';\n                            }, 500);\n                        });\n                    });\n                <\/script>\n\t                                <a target=\"_self\" rel=\"nofollow noopener\" class=\"wpcd_popup-go-link\" href=\"http:\/\/www.bulenox.us\">\n\t\t\t            Ir a la oferta                    <\/a>\n\t                        <\/div>\n        <\/div>\n    <\/section>\n\n\n            <\/div>\n            <div id=\"clear\"><\/div>\n        <\/div>\n        <div id=\"clear\"><\/div>\n        <div class=\"wpcd-coupon-description\">\n            <span class=\"wpcd-full-description\"><p>Bulenox te ofrece un c\u00f3digo de descuento del 45% de POR VIDA en los siguientes Retos:<\/p>\r\n<ul>\r\n<li>(OPCI\u00d3N 1) 25.000 $ \/ Hasta 3 contratos de cuenta<\/li>\r\n<li>(OPCI\u00d3N 1) 50.000 $ \/ Hasta 7 contratos de cuenta<\/li>\r\n<li>(OPCI\u00d3N 1) 100.000 $ \/ Cuenta de hasta 12 contratos<\/li>\r\n<li>(OPCI\u00d3N 1) 150.000 $ \/ Cuenta de hasta 15 contratos<\/li>\r\n<li>(OPCI\u00d3N 1) 250 000 \/ Hasta 25 contratos<\/li>\r\n<li>(OPCI\u00d3N 2) EOD\/Scaling\/DLL 25.000 $ \/ Cuenta de hasta 3 contratos<\/li>\r\n<li>(OPCI\u00d3N 2) EOD\/Scaling\/DLL 50.000 $ \/ Cuenta de hasta 7 contratos<\/li>\r\n<li>(OPCI\u00d3N 2) EOD\/Scaling\/DLL 100.000 $ \/ Cuenta de hasta 12 contratos<\/li>\r\n<li>(OPCI\u00d3N 2) EOD\/Scaling 150.000 $ \/ Cuenta de hasta 15 contratos<\/li>\r\n<li>EOD\/Escalado 250.000 $ \/ Cuenta de hasta 25 contratos<\/li>\r\n<\/ul><\/span>\n            <span class=\"wpcd-short-description\"><\/span>\n                            <a href=\"#\" class=\"wpcd-more-description\">M\u00e1s<\/a>\n                <a href=\"#\" class=\"wpcd-less-description\">Menos<\/a>\n                    <\/div>\n    <\/div>\n    <script type=\"text\/javascript\">\n\t\twindow.addEventListener('DOMContentLoaded', function() {\n\t\t\tvar clip = new ClipboardJS('.wpcd-btn-9223');\n\t\t});\n    <\/script>\n    <div class=\"clearfix\"><\/div>\n    <\/div>\n\n<\/p>\n<p style=\"text-align: center;\"><\/p>\n<p style=\"text-align: center;\"><\/p>\n<p style=\"text-align: center;\"><\/p>\t\t\t\t\t\t\t\t<\/div>\n\t\t\t\t\t<\/div>\n\t\t\t\t<\/div>\n\t\t<div class=\"elementor-element elementor-element-e046a4e e-grid e-con-boxed e-con e-parent\" data-id=\"e046a4e\" data-element_type=\"container\" data-e-type=\"container\" data-settings=\"{&quot;background_background&quot;:&quot;classic&quot;}\">\n\t\t\t\t\t<div class=\"e-con-inner\">\n\t\t\t\t<div class=\"elementor-element elementor-element-b94a630 elementor-widget elementor-widget-heading\" data-id=\"b94a630\" data-element_type=\"widget\" data-e-type=\"widget\" data-settings=\"{&quot;ekit_we_effect_on&quot;:&quot;none&quot;}\" data-widget_type=\"heading.default\">\n\t\t\t\t\t<h2 class=\"elementor-heading-title elementor-size-default\">\u00a1No vuelvas a perderte un Cup\u00f3n Bulenox!\nSuscr\u00edbete hoy a nuestro bolet\u00edn gratuito<\/h2>\t\t\t\t<\/div>\n\t\t\t\t<div class=\"elementor-element elementor-element-bde6899 elementor-widget elementor-widget-text-editor\" data-id=\"bde6899\" data-element_type=\"widget\" data-e-type=\"widget\" data-settings=\"{&quot;ekit_we_effect_on&quot;:&quot;none&quot;}\" data-widget_type=\"text-editor.default\">\n\t\t\t\t\t\t\t\t\t<div class=\"tnp tnp-subscription-minimal  \"><form action=\"https:\/\/bulenox.codes\/wp-admin\/admin-ajax.php?action=tnp&amp;na=s\" method=\"post\" style=\"text-align: center\"><input type=\"hidden\" name=\"nr\" value=\"minimal\">\n<input type=\"hidden\" name=\"nlang\" value=\"es\">\n<input class=\"tnp-email\" type=\"email\" required name=\"ne\" value=\"\" placeholder=\"Correo electr\u00f3nico\"><input class=\"tnp-submit\" type=\"submit\" value=\"Suscribirse\" style=\"\">\n<div class=\"tnp-field tnp-privacy-field\"><label><input type=\"checkbox\" name=\"ny\" required class=\"tnp-privacy\"> <a target=\"_blank\" href=\"https:\/\/bulenox.codes\/privacy-policy\/\">Acepto la pol\u00edtica de privacidad<\/a><\/label><\/div><\/form><\/div>\n\t\t\t\t\t\t\t\t<\/div>\n\t\t\t\t\t<\/div>\n\t\t\t\t<\/div>\n\t\t<div class=\"elementor-element elementor-element-d30de9e e-flex e-con-boxed e-con e-parent\" data-id=\"d30de9e\" data-element_type=\"container\" data-e-type=\"container\">\n\t\t\t\t\t<div class=\"e-con-inner\">\n\t\t\t\t<div class=\"elementor-element elementor-element-3ccf68db elementor-widget elementor-widget-text-editor\" data-id=\"3ccf68db\" data-element_type=\"widget\" data-e-type=\"widget\" data-settings=\"{&quot;ekit_we_effect_on&quot;:&quot;none&quot;}\" data-widget_type=\"text-editor.default\">\n\t\t\t\t\t\t\t\t\t<p style=\"text-align: center;\"><strong>Consejo:<\/strong> Suscr\u00edbete al bolet\u00edn de noticias para no perderte ning\u00fan cup\u00f3n ni oferta especial futuros en <a href=\"http:\/\/bulenox.us\" target=\"_blank\" rel=\"noreferrer noopener\">Bulenox<\/a>.<\/p>\t\t\t\t\t\t\t\t<\/div>\n\t\t\t\t\t<\/div>\n\t\t\t\t<\/div>\n\t\t\t\t<\/div>\n\t\t\n    <div class=\"xs_social_share_widget xs_share_url after_content \t\tmain_content  wslu-style-1 wslu-share-box-shaped wslu-fill-colored wslu-none wslu-share-horizontal wslu-theme-font-no wslu-main_content\">\n\n\t\t\n        <ul>\n\t\t\t        <\/ul>\n    <\/div> \n","protected":false},"excerpt":{"rendered":"<p>Cup\u00f3n Bulenox \/ C\u00f3digos Si compras en Bulenox y buscas grandes descuentos, merece la pena que compruebes regularmente los \u00faltimos c\u00f3digos de cup\u00f3n. Con estos vales, puedes asegurarte atractivos descuentos al pagar y pedir tus productos favoritos a un precio m\u00e1s bajo. \u00bfPor qu\u00e9 utilizar los C\u00f3digos Promocionales Bulenox? Tanto si es la primera vez [&hellip;]<\/p>\n","protected":false},"author":1,"featured_media":0,"parent":0,"menu_order":0,"comment_status":"closed","ping_status":"closed","template":"","meta":{"_angie_page":false,"postBodyCss":"","postBodyMargin":[],"postBodyPadding":[],"postBodyBackground":{"backgroundType":"classic","gradient":""},"enableOnePageScrollInPage":false,"onePageScrollCss":"","onePageScrollSpeed":1000,"onePageScrollAnimation":"easeInOutQuad","onePageScrollShowDotNavigation":true,"onePageScrollNavigation":"scaleUp","onePageScrollNavigationPosition":"right","onePageScrollNavigationHorizontal":[],"onePageScrollNavigationVertical":[],"onePageScrollNavigationSpacing":[],"onePageScrollNavigationColor":"#00ff0d","onePageScrollNavigationColorHover":"#00ff0d","onePageScrollNavigationColorActive":"#00ff0d","onePageScrollNavigationIcon":[],"onePageScrollNavigationWidth":[],"onePageScrollNavigationWidthHover":[],"onePageScrollNavigationWidthActive":[],"onePageScrollNavigationHeight":[],"onePageScrollNavigationHeightHover":[],"onePageScrollNavigationHeightActive":[],"onePageScrollNavigationBorder":[],"onePageScrollNavigationBorderHover":[],"onePageScrollNavigationBorderActive":[],"onePageScrollNavigationBorderRadius":[],"onePageScrollNavigationBorderRadiusHover":[],"onePageScrollNavigationBorderRadiusActive":[],"onePageScrollNavigationTooltipTypography":[],"onePageScrollNavigationTooltipColor":"#ffffff","onePageScrollNavigationTooltipColorHover":"","onePageScrollNavigationTooltipBgColor":"#00ff0d","onePageScrollNavigationTooltipBgColorHover":"","onePageScrollNavigationTooltipPadding":[],"onePageScrollNavigationTooltipPaddingHover":[],"onePageScrollNavigationTooltipBorderRadius":[],"onePageScrollNavigationTooltipBorderRadiusHover":[],"pageSettingsCustomCss":"","footnotes":""},"class_list":["post-8090","page","type-page","status-publish","hentry"],"_links":{"self":[{"href":"https:\/\/bulenox.codes\/es\/wp-json\/wp\/v2\/pages\/8090","targetHints":{"allow":["GET"]}}],"collection":[{"href":"https:\/\/bulenox.codes\/es\/wp-json\/wp\/v2\/pages"}],"about":[{"href":"https:\/\/bulenox.codes\/es\/wp-json\/wp\/v2\/types\/page"}],"author":[{"embeddable":true,"href":"https:\/\/bulenox.codes\/es\/wp-json\/wp\/v2\/users\/1"}],"replies":[{"embeddable":true,"href":"https:\/\/bulenox.codes\/es\/wp-json\/wp\/v2\/comments?post=8090"}],"version-history":[{"count":0,"href":"https:\/\/bulenox.codes\/es\/wp-json\/wp\/v2\/pages\/8090\/revisions"}],"wp:attachment":[{"href":"https:\/\/bulenox.codes\/es\/wp-json\/wp\/v2\/media?parent=8090"}],"curies":[{"name":"wp","href":"https:\/\/api.w.org\/{rel}","templated":true}]}}