{"id":6930,"date":"2025-01-15T12:33:57","date_gmt":"2025-01-15T18:33:57","guid":{"rendered":"https:\/\/bulenox.codes\/quantvps\/"},"modified":"2025-01-22T10:18:29","modified_gmt":"2025-01-22T16:18:29","slug":"quantvps","status":"publish","type":"page","link":"https:\/\/bulenox.codes\/es\/quantvps\/","title":{"rendered":"QuantVPS"},"content":{"rendered":"\r\n<h2 class=\"wp-block-heading has-primary-color has-text-color has-link-color has-x-large-font-size wp-elements-f3735877d1c5653f0f876e8ecccd5f83\">\u00abQuantVPS: La soluci\u00f3n definitiva de baja latencia para operadores profesionales\u00bb<\/h2>\r\n\r\n\r\n\r\n<div class=\"wp-block-columns is-layout-flex wp-container-core-columns-is-layout-28f84493 wp-block-columns-is-layout-flex\">\r\n<div class=\"wp-block-column is-layout-flow wp-block-column-is-layout-flow\">\r\n<div class=\"wp-block-media-text is-stacked-on-mobile is-vertically-aligned-top\">\r\n<figure class=\"wp-block-media-text__media\"><a href=\"http:\/\/quantvps.de\" target=\"_blank\" rel=\"noreferrer noopener\"><img decoding=\"async\" width=\"800\" height=\"401\" class=\"wp-image-6590 size-full\" src=\"https:\/\/bulenox.codes\/wp-content\/uploads\/2025\/01\/1705432402592.jpeg\" alt=\"\" title=\"\" srcset=\"https:\/\/bulenox.codes\/wp-content\/uploads\/2025\/01\/1705432402592.jpeg 800w, https:\/\/bulenox.codes\/wp-content\/uploads\/2025\/01\/1705432402592-300x150.jpeg 300w, https:\/\/bulenox.codes\/wp-content\/uploads\/2025\/01\/1705432402592-768x385.jpeg 768w\" sizes=\"(max-width: 800px) 100vw, 800px\" \/><\/a><\/figure>\r\n<div class=\"wp-block-media-text__content\">\r\n<p class=\"has-medium-font-size\"><a href=\"http:\/\/quantvps.de\/\" target=\"_blank\" rel=\"noreferrer noopener\">QuantVPS<\/a> es la opci\u00f3n ideal para operadores y profesionales financieros que dependen de servidores r\u00e1pidos, fiables y de baja latencia. En el vertiginoso mundo del trading, donde los milisegundos pueden determinar los beneficios o las p\u00e9rdidas, <a href=\"http:\/\/quantvps.de\/\" target=\"_blank\" rel=\"noreferrer noopener\">QuantVPS<\/a> proporciona una infraestructura robusta hecha a medida para satisfacer las exigentes necesidades del sector.<\/p>\r\n\r\n\r\n\r\n<p class=\"has-medium-font-size\">Una de las caracter\u00edsticas m\u00e1s destacadas de <a href=\"http:\/\/quantvps.de\/\" target=\"_blank\" rel=\"noreferrer noopener\">QuantVPS<\/a>es su latencia ultrabaja. Con centros de datos de \u00faltima generaci\u00f3n situados estrat\u00e9gicamente cerca de los principales mercados financieros, <a href=\"http:\/\/quantvps.de\/\" target=\"_blank\" rel=\"noreferrer noopener\">QuantVPS<\/a> ofrece conexiones ultrarr\u00e1pidas a las bolsas y plataformas de negociaci\u00f3n. Esto garantiza la ejecuci\u00f3n instant\u00e1nea de \u00f3rdenes, una ventaja cr\u00edtica para los operadores diarios, los operadores de algo y cualquiera que utilice estrategias de negociaci\u00f3n automatizadas.<\/p>\r\n\r\n\r\n\r\n<p class=\"has-medium-font-size\">Las soluciones VPS de <a href=\"http:\/\/quantvps.de\/\" target=\"_blank\" rel=\"noreferrer noopener\">QuantVPS<\/a>est\u00e1n dise\u00f1adas para ofrecer la m\u00e1xima estabilidad y rendimiento, incluso durante periodos de alta volatilidad del mercado. Gracias a las unidades SSD de alto rendimiento y a los recursos dedicados, los usuarios se benefician de velocidades r\u00e1pidas constantes y operaciones fiables sin interrupciones ni retrasos.<\/p>\r\n\r\n\r\n\r\n<p class=\"has-medium-font-size\">Otra ventaja clave es la disponibilidad 24\/7 de los servidores, accesibles desde cualquier dispositivo, ya sea un PC, una tableta o un smartphone. Los operadores pueden supervisar y ajustar sus estrategias en cualquier momento mientras disfrutan de acceso root completo y de un entorno seguro y aislado. Esta combinaci\u00f3n de flexibilidad y control hace de <a href=\"http:\/\/quantvps.de\/\" target=\"_blank\" rel=\"noreferrer noopener\">QuantVPS<\/a> una soluci\u00f3n de primer nivel para usuarios exigentes.<\/p>\r\n\r\n\r\n\r\n<p class=\"has-medium-font-size\"><a href=\"http:\/\/quantvps.de\/\" target=\"_blank\" rel=\"noreferrer noopener\">QuantVPS<\/a> tambi\u00e9n ofrece escalabilidad, lo que permite ajustar sin problemas las capacidades del servidor en funci\u00f3n de los vol\u00famenes de negociaci\u00f3n. Adem\u00e1s, su excelente equipo de atenci\u00f3n al cliente est\u00e1 siempre disponible para ayudar con consultas t\u00e9cnicas o configuraciones personalizadas.<\/p>\r\n\r\n\r\n\r\n<p class=\"has-medium-font-size\">Para los operadores que dan prioridad a la velocidad, la seguridad y la fiabilidad, <a href=\"http:\/\/quantvps.de\/\" target=\"_blank\" rel=\"noreferrer noopener\">QuantVPS<\/a> es la plataforma perfecta para ejecutar estrategias de trading con eficacia y \u00e9xito.<\/p>\r\n\r\n\r\n<\/div>\r\n<\/div>\r\n<\/div>\r\n<\/div>\r\n\n    <div class=\"xs_social_share_widget xs_share_url after_content \t\tmain_content  wslu-style-1 wslu-share-box-shaped wslu-fill-colored wslu-none wslu-share-horizontal wslu-theme-font-no wslu-main_content\">\n\n\t\t\n        <ul>\n\t\t\t        <\/ul>\n    <\/div> \n","protected":false},"excerpt":{"rendered":"<p>\u00abQuantVPS: La soluci\u00f3n definitiva de baja latencia para operadores profesionales\u00bb QuantVPS es la opci\u00f3n ideal para operadores y profesionales financieros que dependen de servidores r\u00e1pidos, fiables y de baja latencia. En el vertiginoso mundo del trading, donde los milisegundos pueden determinar los beneficios o las p\u00e9rdidas, QuantVPS proporciona una infraestructura robusta hecha a medida para [&hellip;]<\/p>\n","protected":false},"author":1,"featured_media":0,"parent":0,"menu_order":0,"comment_status":"closed","ping_status":"closed","template":"","meta":{"_angie_page":false,"postBodyCss":"","postBodyMargin":[],"postBodyPadding":[],"postBodyBackground":{"backgroundType":"classic","gradient":""},"enableOnePageScrollInPage":false,"onePageScrollCss":"","onePageScrollSpeed":1000,"onePageScrollAnimation":"easeInOutQuad","onePageScrollShowDotNavigation":true,"onePageScrollNavigation":"scaleUp","onePageScrollNavigationPosition":"right","onePageScrollNavigationHorizontal":[],"onePageScrollNavigationVertical":[],"onePageScrollNavigationSpacing":[],"onePageScrollNavigationColor":"#00ff0d","onePageScrollNavigationColorHover":"#00ff0d","onePageScrollNavigationColorActive":"#00ff0d","onePageScrollNavigationIcon":[],"onePageScrollNavigationWidth":[],"onePageScrollNavigationWidthHover":[],"onePageScrollNavigationWidthActive":[],"onePageScrollNavigationHeight":[],"onePageScrollNavigationHeightHover":[],"onePageScrollNavigationHeightActive":[],"onePageScrollNavigationBorder":[],"onePageScrollNavigationBorderHover":[],"onePageScrollNavigationBorderActive":[],"onePageScrollNavigationBorderRadius":[],"onePageScrollNavigationBorderRadiusHover":[],"onePageScrollNavigationBorderRadiusActive":[],"onePageScrollNavigationTooltipTypography":[],"onePageScrollNavigationTooltipColor":"#ffffff","onePageScrollNavigationTooltipColorHover":"","onePageScrollNavigationTooltipBgColor":"#00ff0d","onePageScrollNavigationTooltipBgColorHover":"","onePageScrollNavigationTooltipPadding":[],"onePageScrollNavigationTooltipPaddingHover":[],"onePageScrollNavigationTooltipBorderRadius":[],"onePageScrollNavigationTooltipBorderRadiusHover":[],"pageSettingsCustomCss":"","footnotes":""},"class_list":["post-6930","page","type-page","status-publish","hentry"],"_links":{"self":[{"href":"https:\/\/bulenox.codes\/es\/wp-json\/wp\/v2\/pages\/6930","targetHints":{"allow":["GET"]}}],"collection":[{"href":"https:\/\/bulenox.codes\/es\/wp-json\/wp\/v2\/pages"}],"about":[{"href":"https:\/\/bulenox.codes\/es\/wp-json\/wp\/v2\/types\/page"}],"author":[{"embeddable":true,"href":"https:\/\/bulenox.codes\/es\/wp-json\/wp\/v2\/users\/1"}],"replies":[{"embeddable":true,"href":"https:\/\/bulenox.codes\/es\/wp-json\/wp\/v2\/comments?post=6930"}],"version-history":[{"count":0,"href":"https:\/\/bulenox.codes\/es\/wp-json\/wp\/v2\/pages\/6930\/revisions"}],"wp:attachment":[{"href":"https:\/\/bulenox.codes\/es\/wp-json\/wp\/v2\/media?parent=6930"}],"curies":[{"name":"wp","href":"https:\/\/api.w.org\/{rel}","templated":true}]}}