{"id":11713,"date":"2025-07-29T13:33:55","date_gmt":"2025-07-29T17:33:55","guid":{"rendered":"https:\/\/bulenox.codes\/app-de-cupones-bulenox-ahorra-hasta-un-91-en-el-comercio-de-accesorios\/"},"modified":"2025-07-30T02:26:43","modified_gmt":"2025-07-30T06:26:43","slug":"app-de-cupones-bulenox-ahorra-hasta-un-91-en-el-comercio-de-accesorios","status":"publish","type":"page","link":"https:\/\/bulenox.codes\/es\/app-de-cupones-bulenox-ahorra-hasta-un-91-en-el-comercio-de-accesorios\/","title":{"rendered":"App de Cupones Bulenox &#8211; Ahorra hasta un 91% en el comercio de accesorios"},"content":{"rendered":"\n<div class=\"wp-block-columns is-layout-flex wp-container-core-columns-is-layout-28f84493 wp-block-columns-is-layout-flex\">\n<div class=\"wp-block-column is-layout-flow wp-block-column-is-layout-flow\" style=\"flex-basis:66.66%\">\n<p class=\"has-medium-font-size\"><strong>Bulenox Coupons<\/strong> <strong>App<\/strong> es la aplicaci\u00f3n imprescindible para todos los operadores que buscan ahorrar a lo grande en los desaf\u00edos de <strong>Bulenox Prop Firm<\/strong>. Con notificaciones en tiempo real, c\u00f3digos promocionales verificados y ofertas exclusivas de la aplicaci\u00f3n, nunca volver\u00e1s a pagar de m\u00e1s, tanto si acabas de empezar como si ya operas a tiempo completo. <\/p>\n\n\n\n<figure class=\"wp-block-image aligncenter size-medium is-resized\"><a href=\"https:\/\/play.google.com\/store\/apps\/details?id=com.bulenox.bulenoxeapp\" target=\"_blank\" rel=\" noreferrer noopener\"><img decoding=\"async\" width=\"300\" height=\"89\" src=\"https:\/\/bulenox.codes\/wp-content\/uploads\/2025\/07\/googleappdl-300x89.jpg\" alt=\"Google Playstore DL\" class=\"wp-image-11651\" style=\"width:261px;height:auto\" title=\"\" srcset=\"https:\/\/bulenox.codes\/wp-content\/uploads\/2025\/07\/googleappdl-300x89.jpg 300w, https:\/\/bulenox.codes\/wp-content\/uploads\/2025\/07\/googleappdl-1024x305.jpg 1024w, https:\/\/bulenox.codes\/wp-content\/uploads\/2025\/07\/googleappdl-768x229.jpg 768w, https:\/\/bulenox.codes\/wp-content\/uploads\/2025\/07\/googleappdl.jpg 1400w\" sizes=\"(max-width: 300px) 100vw, 300px\" \/><\/a><\/figure>\n<\/div>\n\n\n\n<div class=\"wp-block-column is-layout-flow wp-block-column-is-layout-flow\" style=\"flex-basis:33.33%\">\n<figure class=\"wp-block-image size-large\"><img decoding=\"async\" width=\"1024\" height=\"576\" src=\"https:\/\/bulenox.codes\/wp-content\/uploads\/2025\/07\/APPHeader-1024x576.png\" alt=\"App Cupones Bulenox\" class=\"wp-image-11609\" title=\"\" srcset=\"https:\/\/bulenox.codes\/wp-content\/uploads\/2025\/07\/APPHeader-1024x576.png 1024w, https:\/\/bulenox.codes\/wp-content\/uploads\/2025\/07\/APPHeader-300x169.png 300w, https:\/\/bulenox.codes\/wp-content\/uploads\/2025\/07\/APPHeader-768x432.png 768w, https:\/\/bulenox.codes\/wp-content\/uploads\/2025\/07\/APPHeader-1536x864.png 1536w, https:\/\/bulenox.codes\/wp-content\/uploads\/2025\/07\/APPHeader-2048x1152.png 2048w\" sizes=\"(max-width: 1024px) 100vw, 1024px\" \/><\/figure>\n<\/div>\n<\/div>\n\n<hr class=\"wp-block-separator has-alpha-channel-opacity is-style-wide\"\/>\n\n<h2 class=\"wp-block-heading\">\ud83d\ude80 \u00bfQu\u00e9 es la App de Cupones Bulenox?<\/h2>\n\n<p class=\"has-medium-font-size\">La <strong>aplicaci\u00f3n de cupones de<\/strong> <strong>Bulenox<\/strong> es una aplicaci\u00f3n m\u00f3vil gratuita dise\u00f1ada espec\u00edficamente para <strong>los operadores<\/strong> que utilizan o tienen previsto utilizar <strong>Bulenox<\/strong>. En lugar de buscar c\u00f3digos promocionales en varios sitios web y grupos de redes sociales, esta aplicaci\u00f3n te ofrece: <\/p>\n\n<ul class=\"wp-block-list\">\n<li class=\"has-medium-font-size\">\u2705 <strong>C\u00f3digos de descuento verificados y actualizados<\/strong><\/li>\n\n\n\n<li class=\"has-medium-font-size\">\u2705 O <strong>fertas exclusivas, s\u00f3lo para la app<\/strong><\/li>\n\n\n\n<li class=\"has-medium-font-size\">\u2705 <strong>Notificaciones en tiempo real sobre nuevas promociones<\/strong><\/li>\n\n\n\n<li class=\"has-medium-font-size\">\u2705 <strong>F\u00e1cil acceso al registro de retos con descuentos aplicados<\/strong><\/li>\n<\/ul>\n\n<p class=\"has-medium-font-size\">Se acabaron los enlaces caducados y los sitios web de cupones confusos: s\u00f3lo <strong>ahorro limpio, r\u00e1pido y fiable<\/strong>.<\/p>\n\n<hr class=\"wp-block-separator has-alpha-channel-opacity is-style-wide\"\/>\n\n<h2 class=\"wp-block-heading\">\ud83d\udca1 \u00bfPor qu\u00e9 utilizar los cupones Bulenox?<\/h2>\n\n<h3 class=\"wp-block-heading\">\ud83d\udd25 Descuentos inmejorables<\/h3>\n\n<p class=\"has-medium-font-size\">Accede a c\u00f3digos como <code>DROP91<\/code> para <strong>ahorrar hasta un 91%<\/strong> en tu cuota del Desaf\u00edo Bulenox, directamente desde tu tel\u00e9fono.<\/p>\n\n<h3 class=\"wp-block-heading\">\u23f1 Ahorra tiempo y evita frustraciones<\/h3>\n\n<p class=\"has-medium-font-size\">Di adi\u00f3s a los hilos de Telegram y a los foros caducados. La aplicaci\u00f3n s\u00f3lo te muestra <strong>ofertas activas y verificadas<\/strong>, en tiempo real. <\/p>\n\n<h3 class=\"wp-block-heading\">\ud83d\udcd8 F\u00e1cil de entender<\/h3>\n\n<p class=\"has-medium-font-size\">Cada oferta incluye instrucciones claras, detalles sobre las bonificaciones y consejos \u00fatiles, perfectos tanto para principiantes como para traders experimentados.<\/p>\n\n<h3 class=\"wp-block-heading\">\ud83d\udd10 Privacidad y sin publicidad<\/h3>\n\n<p class=\"has-medium-font-size\">Sin anuncios. Sin seguimiento de datos. No es necesario iniciar sesi\u00f3n. S\u00f3lo informaci\u00f3n genuina sobre descuentos en una interfaz limpia y f\u00e1cil de usar.   <\/p>\n\n<hr class=\"wp-block-separator has-alpha-channel-opacity is-style-wide\"\/>\n\n<h2 class=\"wp-block-heading\">\ud83d\udcf2 Caracter\u00edsticas de la aplicaci\u00f3n de un vistazo<\/h2>\n\n<figure class=\"wp-block-table has-medium-font-size\"><table class=\"has-fixed-layout\"><thead><tr><th>Funci\u00f3n<\/th><th>Descripci\u00f3n<\/th><\/tr><\/thead><tbody><tr><td>\ud83d\udd14 Notificaciones Push<\/td><td>Recibe notificaciones instant\u00e1neas sobre c\u00f3digos nuevos o que caducan<\/td><\/tr><tr><td>\ud83d\udcc5 Actualizaciones diarias<\/td><td>Nuevos cupones y ofertas a\u00f1adidos cada d\u00eda<\/td><\/tr><tr><td>\u23f3 Temporizadores de cuenta atr\u00e1s<\/td><td>Saber exactamente cu\u00e1ndo caduca una oferta<\/td><\/tr><tr><td>\ud83d\udcbe Favoritos y Filtros<\/td><td>Guarda y organiza tus cupones preferidos<\/td><\/tr><tr><td>\ud83e\udde0 Consejos de bonificaci\u00f3n<\/td><td>Aprende a acumular o combinar c\u00f3digos para obtener el mejor valor<\/td><\/tr><tr><td>\ud83d\udcce Enlace directo a Bulenox<\/td><td>Aplica el c\u00f3digo e inscr\u00edbete en un reto en segundos<\/td><\/tr><\/tbody><\/table><\/figure>\n\n<hr class=\"wp-block-separator has-alpha-channel-opacity is-style-wide\"\/>\n\n<h2 class=\"wp-block-heading\">\ud83c\udfaf \u00bfPara qui\u00e9n es esta aplicaci\u00f3n?<\/h2>\n\n<ul class=\"wp-block-list\">\n<li class=\"has-medium-font-size\">\ud83e\uddd1\u200d\ud83d\udcbb <strong>Comerciantes principiantes<\/strong> que buscan una entrada asequible en el mundo del comercio de accesorios<\/li>\n\n\n\n<li class=\"has-medium-font-size\">\ud83d\udcc8 C <strong>omerciantes experimentados<\/strong> que compran retos regularmente y quieren ahorrar<\/li>\n\n\n\n<li class=\"has-medium-font-size\">\ud83c\udfc3\u200d\u2642\ufe0f <strong>Comerciantes ocupados<\/strong> que quieren descuentos r\u00e1pidos y verificados sobre la marcha<\/li>\n\n\n\n<li class=\"has-medium-font-size\">\ud83d\uded2 Cualquiera que utilice Bulenox y busque <strong>reducir costes sin recortar gastos<\/strong><\/li>\n<\/ul>\n\n<hr class=\"wp-block-separator has-alpha-channel-opacity is-style-wide\"\/>\n\n<h2 class=\"wp-block-heading\">\u2753 Preguntas frecuentes (FAQ)<\/h2>\n\n<h3 class=\"wp-block-heading\">\u00bfLa aplicaci\u00f3n es realmente gratuita?<\/h3>\n\n<p class=\"has-medium-font-size\"><strong>S\u00ed.<\/strong>  La aplicaci\u00f3n Cupones Bulenox es 100% gratuita: sin anuncios, sin suscripciones, sin costes ocultos.<\/p>\n\n<h3 class=\"wp-block-heading\">\u00bfCon qu\u00e9 frecuencia se actualizan los c\u00f3digos promocionales?<\/h3>\n\n<p class=\"has-medium-font-size\">Los c\u00f3digos nuevos y verificados se a\u00f1aden <strong>varias veces al d\u00eda<\/strong>, y los antiguos o caducados se eliminan inmediatamente.<\/p>\n\n<h3 class=\"wp-block-heading\">\u00bfTengo que registrarme o crear una cuenta?<\/h3>\n\n<p class=\"has-medium-font-size\">No. La aplicaci\u00f3n funciona <strong>sin ninguna cuenta ni datos personales<\/strong>. S\u00f3lo tienes que instalarla y empezar a ahorrar.  <\/p>\n\n<h3 class=\"wp-block-heading\">\u00bfEn qu\u00e9 plataformas est\u00e1 disponible la aplicaci\u00f3n?<\/h3>\n\n<p class=\"has-medium-font-size\">Pronto estar\u00e1 disponible para <strong>iOS (App Store)<\/strong> y <strong>Android (Google Play)<\/strong> &#8211; \u00a1estate atento!<\/p>\n\n<hr class=\"wp-block-separator has-alpha-channel-opacity is-style-wide\"\/>\n\n<h2 class=\"wp-block-heading\">\ud83d\udccc Resumen: Por qu\u00e9 necesitas la aplicaci\u00f3n de cupones Bulenox<\/h2>\n\n<ul class=\"wp-block-list\">\n<li class=\"has-medium-font-size\">\ud83d\udcb0 Ahorra hasta un 91% en los retos Bulenox<\/li>\n\n\n\n<li class=\"has-medium-font-size\">\ud83d\udcf1 Recibe actualizaciones de cupones en tiempo real<\/li>\n\n\n\n<li class=\"has-medium-font-size\">\u2705 S\u00f3lo c\u00f3digos promocionales verificados y v\u00e1lidos<\/li>\n\n\n\n<li class=\"has-medium-font-size\">\ud83d\udeab Sin anuncios, sin spam, sin tonter\u00edas<\/li>\n\n\n\n<li class=\"has-medium-font-size\">\ud83d\udd12 100% libre y privado<\/li>\n<\/ul>\n\n<p class=\"has-medium-font-size\">Desc\u00e1rgate la aplicaci\u00f3n, aplica tu descuento y empieza a operar por menos, <strong>de forma inteligente<\/strong>.<\/p>\n\n<figure class=\"wp-block-image aligncenter size-medium is-resized\"><a href=\"https:\/\/play.google.com\/store\/apps\/details?id=com.bulenox.bulenoxeapp\" target=\"_blank\" rel=\" noreferrer noopener\"><img decoding=\"async\" width=\"300\" height=\"89\" src=\"https:\/\/bulenox.codes\/wp-content\/uploads\/2025\/07\/googleappdl-300x89.jpg\" alt=\"Google Playstore DL\" class=\"wp-image-11651\" style=\"width:261px;height:auto\" title=\"\" srcset=\"https:\/\/bulenox.codes\/wp-content\/uploads\/2025\/07\/googleappdl-300x89.jpg 300w, https:\/\/bulenox.codes\/wp-content\/uploads\/2025\/07\/googleappdl-1024x305.jpg 1024w, https:\/\/bulenox.codes\/wp-content\/uploads\/2025\/07\/googleappdl-768x229.jpg 768w, https:\/\/bulenox.codes\/wp-content\/uploads\/2025\/07\/googleappdl.jpg 1400w\" sizes=\"(max-width: 300px) 100vw, 300px\" \/><\/a><\/figure>\n\n    <div class=\"xs_social_share_widget xs_share_url after_content \t\tmain_content  wslu-style-1 wslu-share-box-shaped wslu-fill-colored wslu-none wslu-share-horizontal wslu-theme-font-no wslu-main_content\">\n\n\t\t\n        <ul>\n\t\t\t        <\/ul>\n    <\/div> \n","protected":false},"excerpt":{"rendered":"<p>Bulenox Coupons App es la aplicaci\u00f3n imprescindible para todos los operadores que buscan ahorrar a lo grande en los desaf\u00edos de Bulenox Prop Firm. Con notificaciones en tiempo real, c\u00f3digos promocionales verificados y ofertas exclusivas de la aplicaci\u00f3n, nunca volver\u00e1s a pagar de m\u00e1s, tanto si acabas de empezar como si ya operas a tiempo [&hellip;]<\/p>\n","protected":false},"author":1,"featured_media":0,"parent":0,"menu_order":0,"comment_status":"closed","ping_status":"closed","template":"","meta":{"_angie_page":false,"postBodyCss":"","postBodyMargin":[],"postBodyPadding":[],"postBodyBackground":{"backgroundType":"classic","gradient":""},"enableOnePageScrollInPage":false,"onePageScrollCss":"","onePageScrollSpeed":1000,"onePageScrollAnimation":"easeInOutQuad","onePageScrollShowDotNavigation":true,"onePageScrollNavigation":"scaleUp","onePageScrollNavigationPosition":"right","onePageScrollNavigationHorizontal":[],"onePageScrollNavigationVertical":[],"onePageScrollNavigationSpacing":[],"onePageScrollNavigationColor":"#00ff0d","onePageScrollNavigationColorHover":"#00ff0d","onePageScrollNavigationColorActive":"#00ff0d","onePageScrollNavigationIcon":[],"onePageScrollNavigationWidth":[],"onePageScrollNavigationWidthHover":[],"onePageScrollNavigationWidthActive":[],"onePageScrollNavigationHeight":[],"onePageScrollNavigationHeightHover":[],"onePageScrollNavigationHeightActive":[],"onePageScrollNavigationBorder":[],"onePageScrollNavigationBorderHover":[],"onePageScrollNavigationBorderActive":[],"onePageScrollNavigationBorderRadius":[],"onePageScrollNavigationBorderRadiusHover":[],"onePageScrollNavigationBorderRadiusActive":[],"onePageScrollNavigationTooltipTypography":[],"onePageScrollNavigationTooltipColor":"#ffffff","onePageScrollNavigationTooltipColorHover":"","onePageScrollNavigationTooltipBgColor":"#00ff0d","onePageScrollNavigationTooltipBgColorHover":"","onePageScrollNavigationTooltipPadding":[],"onePageScrollNavigationTooltipPaddingHover":[],"onePageScrollNavigationTooltipBorderRadius":[],"onePageScrollNavigationTooltipBorderRadiusHover":[],"pageSettingsCustomCss":"","footnotes":""},"class_list":["post-11713","page","type-page","status-publish","hentry"],"_links":{"self":[{"href":"https:\/\/bulenox.codes\/es\/wp-json\/wp\/v2\/pages\/11713","targetHints":{"allow":["GET"]}}],"collection":[{"href":"https:\/\/bulenox.codes\/es\/wp-json\/wp\/v2\/pages"}],"about":[{"href":"https:\/\/bulenox.codes\/es\/wp-json\/wp\/v2\/types\/page"}],"author":[{"embeddable":true,"href":"https:\/\/bulenox.codes\/es\/wp-json\/wp\/v2\/users\/1"}],"replies":[{"embeddable":true,"href":"https:\/\/bulenox.codes\/es\/wp-json\/wp\/v2\/comments?post=11713"}],"version-history":[{"count":0,"href":"https:\/\/bulenox.codes\/es\/wp-json\/wp\/v2\/pages\/11713\/revisions"}],"wp:attachment":[{"href":"https:\/\/bulenox.codes\/es\/wp-json\/wp\/v2\/media?parent=11713"}],"curies":[{"name":"wp","href":"https:\/\/api.w.org\/{rel}","templated":true}]}}