{"id":6950,"date":"2025-01-15T12:33:57","date_gmt":"2025-01-15T18:33:57","guid":{"rendered":"https:\/\/bulenox.codes\/quantvps\/"},"modified":"2025-01-22T10:13:43","modified_gmt":"2025-01-22T16:13:43","slug":"quantvps","status":"publish","type":"page","link":"https:\/\/bulenox.codes\/da\/quantvps\/","title":{"rendered":"QuantVPS"},"content":{"rendered":"\r\n<h2 class=\"wp-block-heading has-primary-color has-text-color has-link-color has-x-large-font-size wp-elements-68ed2118297c7ee6bdd527c5c8269e7a\">&#8220;QuantVPS: Den ultimative l\u00f8sning med lav latenstid for professionelle tradere&#8221;<\/h2>\r\n\r\n\r\n\r\n<div class=\"wp-block-columns is-layout-flex wp-container-core-columns-is-layout-28f84493 wp-block-columns-is-layout-flex\">\r\n<div class=\"wp-block-column is-layout-flow wp-block-column-is-layout-flow\">\r\n<div class=\"wp-block-media-text is-stacked-on-mobile is-vertically-aligned-top\">\r\n<figure class=\"wp-block-media-text__media\"><a href=\"http:\/\/quantvps.de\" target=\"_blank\" rel=\"noreferrer noopener\"><img decoding=\"async\" width=\"800\" height=\"401\" class=\"wp-image-6590 size-full\" src=\"https:\/\/bulenox.codes\/wp-content\/uploads\/2025\/01\/1705432402592.jpeg\" alt=\"\" title=\"\" srcset=\"https:\/\/bulenox.codes\/wp-content\/uploads\/2025\/01\/1705432402592.jpeg 800w, https:\/\/bulenox.codes\/wp-content\/uploads\/2025\/01\/1705432402592-300x150.jpeg 300w, https:\/\/bulenox.codes\/wp-content\/uploads\/2025\/01\/1705432402592-768x385.jpeg 768w\" sizes=\"(max-width: 800px) 100vw, 800px\" \/><\/a><\/figure>\r\n<div class=\"wp-block-media-text__content\">\r\n<p class=\"has-medium-font-size\"><a href=\"http:\/\/quantvps.de\/\" target=\"_blank\" rel=\"noreferrer noopener\">QuantVPS<\/a> er det ideelle valg for tradere og finansfolk, der er afh\u00e6ngige af hurtige, p\u00e5lidelige servere med lav latenstid. I den tempofyldte handelsverden, hvor millisekunder kan afg\u00f8re fortjeneste eller tab, giver <a href=\"http:\/\/quantvps.de\/\" target=\"_blank\" rel=\"noreferrer noopener\">QuantVPS<\/a> en robust infrastruktur, der er skr\u00e6ddersyet til at opfylde branchens kr\u00e6vende behov.<\/p>\r\n\r\n\r\n\r\n<p class=\"has-medium-font-size\">En af <a href=\"http:\/\/quantvps.de\/\" target=\"_blank\" rel=\"noreferrer noopener\">QuantVPS<\/a>&#8216; fremtr\u00e6dende funktioner er dens ultralav latency. Med topmoderne datacentre, der er strategisk placeret i n\u00e6rheden af store finansmarkeder, leverer <a href=\"http:\/\/quantvps.de\/\" target=\"_blank\" rel=\"noreferrer noopener\">QuantVPS<\/a> lynhurtige forbindelser til b\u00f8rser og handelsplatforme. Det sikrer \u00f8jeblikkelig ordreudf\u00f8relse &#8211; en afg\u00f8rende fordel for daytradere, algo-tradere og alle, der bruger automatiserede handelsstrategier.<\/p>\r\n\r\n\r\n\r\n<p class=\"has-medium-font-size\"><a href=\"http:\/\/quantvps.de\/\" target=\"_blank\" rel=\"noreferrer noopener\">QuantVPS<\/a>&#8216; VPS-l\u00f8sninger er designet til maksimal stabilitet og ydeevne, selv i perioder med stor markedsvolatilitet. Med h\u00f8jtydende SSD-drev og dedikerede ressourcer nyder brugerne godt af konstant h\u00f8je hastigheder og p\u00e5lidelig drift uden afbrydelser eller forsinkelser.<\/p>\r\n\r\n\r\n\r\n<p class=\"has-medium-font-size\">En anden vigtig fordel er, at serverne er tilg\u00e6ngelige d\u00f8gnet rundt fra enhver enhed &#8211; uanset om det er en pc, tablet eller smartphone. Tradere kan overv\u00e5ge og justere deres strategier n\u00e5r som helst, mens de har fuld root-adgang og et sikkert, isoleret milj\u00f8. Denne kombination af fleksibilitet og kontrol g\u00f8r <a href=\"http:\/\/quantvps.de\/\" target=\"_blank\" rel=\"noreferrer noopener\">QuantVPS<\/a> til en f\u00f8rsteklasses l\u00f8sning for kr\u00e6vende brugere.<\/p>\r\n\r\n\r\n\r\n<p class=\"has-medium-font-size\"><a href=\"http:\/\/quantvps.de\/\" target=\"_blank\" rel=\"noreferrer noopener\">QuantVPS<\/a> tilbyder ogs\u00e5 skalerbarhed, hvilket muligg\u00f8r s\u00f8ml\u00f8se justeringer af serverkapaciteten baseret p\u00e5 handelsvolumen. Derudover er deres fremragende kundesupportteam altid tilg\u00e6ngeligt for at hj\u00e6lpe med tekniske foresp\u00f8rgsler eller tilpassede konfigurationer.<\/p>\r\n\r\n\r\n\r\n<p class=\"has-medium-font-size\">For tradere, der prioriterer hastighed, sikkerhed og p\u00e5lidelighed, er <a href=\"http:\/\/quantvps.de\/\" target=\"_blank\" rel=\"noreferrer noopener\">QuantVPS<\/a> den perfekte platform til at udf\u00f8re handelsstrategier effektivt og med succes.<\/p>\r\n\r\n\r\n<\/div>\r\n<\/div>\r\n<\/div>\r\n<\/div>\r\n\n    <div class=\"xs_social_share_widget xs_share_url after_content \t\tmain_content  wslu-style-1 wslu-share-box-shaped wslu-fill-colored wslu-none wslu-share-horizontal wslu-theme-font-no wslu-main_content\">\n\n\t\t\n        <ul>\n\t\t\t        <\/ul>\n    <\/div> \n","protected":false},"excerpt":{"rendered":"<p>&#8220;QuantVPS: Den ultimative l\u00f8sning med lav latenstid for professionelle tradere&#8221; QuantVPS er det ideelle valg for tradere og finansfolk, der er afh\u00e6ngige af hurtige, p\u00e5lidelige servere med lav latenstid. I den tempofyldte handelsverden, hvor millisekunder kan afg\u00f8re fortjeneste eller tab, giver QuantVPS en robust infrastruktur, der er skr\u00e6ddersyet til at opfylde branchens kr\u00e6vende behov. En [&hellip;]<\/p>\n","protected":false},"author":1,"featured_media":0,"parent":0,"menu_order":0,"comment_status":"closed","ping_status":"closed","template":"","meta":{"_angie_page":false,"postBodyCss":"","postBodyMargin":[],"postBodyPadding":[],"postBodyBackground":{"backgroundType":"classic","gradient":""},"enableOnePageScrollInPage":false,"onePageScrollCss":"","onePageScrollSpeed":1000,"onePageScrollAnimation":"easeInOutQuad","onePageScrollShowDotNavigation":true,"onePageScrollNavigation":"scaleUp","onePageScrollNavigationPosition":"right","onePageScrollNavigationHorizontal":[],"onePageScrollNavigationVertical":[],"onePageScrollNavigationSpacing":[],"onePageScrollNavigationColor":"#00ff0d","onePageScrollNavigationColorHover":"#00ff0d","onePageScrollNavigationColorActive":"#00ff0d","onePageScrollNavigationIcon":[],"onePageScrollNavigationWidth":[],"onePageScrollNavigationWidthHover":[],"onePageScrollNavigationWidthActive":[],"onePageScrollNavigationHeight":[],"onePageScrollNavigationHeightHover":[],"onePageScrollNavigationHeightActive":[],"onePageScrollNavigationBorder":[],"onePageScrollNavigationBorderHover":[],"onePageScrollNavigationBorderActive":[],"onePageScrollNavigationBorderRadius":[],"onePageScrollNavigationBorderRadiusHover":[],"onePageScrollNavigationBorderRadiusActive":[],"onePageScrollNavigationTooltipTypography":[],"onePageScrollNavigationTooltipColor":"#ffffff","onePageScrollNavigationTooltipColorHover":"","onePageScrollNavigationTooltipBgColor":"#00ff0d","onePageScrollNavigationTooltipBgColorHover":"","onePageScrollNavigationTooltipPadding":[],"onePageScrollNavigationTooltipPaddingHover":[],"onePageScrollNavigationTooltipBorderRadius":[],"onePageScrollNavigationTooltipBorderRadiusHover":[],"pageSettingsCustomCss":"","footnotes":""},"class_list":["post-6950","page","type-page","status-publish","hentry"],"_links":{"self":[{"href":"https:\/\/bulenox.codes\/da\/wp-json\/wp\/v2\/pages\/6950","targetHints":{"allow":["GET"]}}],"collection":[{"href":"https:\/\/bulenox.codes\/da\/wp-json\/wp\/v2\/pages"}],"about":[{"href":"https:\/\/bulenox.codes\/da\/wp-json\/wp\/v2\/types\/page"}],"author":[{"embeddable":true,"href":"https:\/\/bulenox.codes\/da\/wp-json\/wp\/v2\/users\/1"}],"replies":[{"embeddable":true,"href":"https:\/\/bulenox.codes\/da\/wp-json\/wp\/v2\/comments?post=6950"}],"version-history":[{"count":0,"href":"https:\/\/bulenox.codes\/da\/wp-json\/wp\/v2\/pages\/6950\/revisions"}],"wp:attachment":[{"href":"https:\/\/bulenox.codes\/da\/wp-json\/wp\/v2\/media?parent=6950"}],"curies":[{"name":"wp","href":"https:\/\/api.w.org\/{rel}","templated":true}]}}