{"id":8421,"date":"2025-01-18T09:33:19","date_gmt":"2025-01-18T14:33:19","guid":{"rendered":"https:\/\/bulenox.codes\/kody-kuponu-bulenox\/"},"modified":"2026-02-06T12:29:22","modified_gmt":"2026-02-06T17:29:22","slug":"kody-kuponu-bulenox","status":"publish","type":"page","link":"https:\/\/bulenox.codes\/cs\/kody-kuponu-bulenox\/","title":{"rendered":"K\u00f3dy kup\u00f3n\u016f Bulenox"},"content":{"rendered":"\t\t<div data-elementor-type=\"wp-page\" data-elementor-id=\"8421\" class=\"elementor elementor-8421 elementor-8024\" data-elementor-post-type=\"page\">\n\t\t\t\t<div class=\"elementor-element elementor-element-fbd4079 e-flex e-con-boxed e-con e-parent\" data-id=\"fbd4079\" data-element_type=\"container\" data-e-type=\"container\">\n\t\t\t\t\t<div class=\"e-con-inner\">\n\t\t\t\t<div class=\"elementor-element elementor-element-a1f90f2 elementor-widget elementor-widget-heading\" data-id=\"a1f90f2\" data-element_type=\"widget\" data-e-type=\"widget\" data-settings=\"{&quot;ekit_we_effect_on&quot;:&quot;none&quot;}\" data-widget_type=\"heading.default\">\n\t\t\t\t\t<h2 class=\"elementor-heading-title elementor-size-default\">Bulenox Kup\u00f3n \/ K\u00f3dy<\/h2>\t\t\t\t<\/div>\n\t\t\t\t\t<\/div>\n\t\t\t\t<\/div>\n\t\t<div class=\"elementor-element elementor-element-620d5e21 e-flex e-con-boxed e-con e-parent\" data-id=\"620d5e21\" data-element_type=\"container\" data-e-type=\"container\">\n\t\t\t\t\t<div class=\"e-con-inner\">\n\t\t\t\t<div class=\"elementor-element elementor-element-af7e406 elementor-widget elementor-widget-text-editor\" data-id=\"af7e406\" data-element_type=\"widget\" data-e-type=\"widget\" data-settings=\"{&quot;ekit_we_effect_on&quot;:&quot;none&quot;}\" data-widget_type=\"text-editor.default\">\n\t\t\t\t\t\t\t\t\t<p>Pokud nakupujete v <a href=\"http:\/\/bulenox.us\" target=\"_blank\" rel=\"noopener\">Bulenoxu<\/a> a hled\u00e1te velk\u00e9 slevy, vyplat\u00ed se pravideln\u011b kontrolovat nejnov\u011bj\u0161\u00ed k\u00f3dy kup\u00f3n\u016f. S t\u011bmito pouk\u00e1zkami si m\u016f\u017eete p\u0159i placen\u00ed zajistit atraktivn\u00ed slevy a objednat si sv\u00e9 obl\u00edben\u00e9 produkty za ni\u017e\u0161\u00ed cenu.<\/p>\n<p><strong>Pro\u010d pou\u017e\u00edvat <a href=\"http:\/\/bulenox.us\" target=\"_blank\" rel=\"noopener\">Bulenox<\/a> Kup\u00f3nov\u00e9 k\u00f3dy?<\/strong><\/p>\n<p>A\u0165 u\u017e objedn\u00e1v\u00e1te poprv\u00e9, nebo jste v\u011brn\u00fdm z\u00e1kazn\u00edkem &#8211; k\u00f3d kup\u00f3nu <a href=\"http:\/\/bulenox.us\" target=\"_blank\" rel=\"noopener\">Bulenox<\/a> v\u00e1m nab\u00edz\u00ed mnoho v\u00fdhod:<\/p>\n<ul>\n<li>Okam\u017eit\u00e1 \u00faspora: U\u0161et\u0159ete p\u0159\u00edmo p\u0159i n\u00e1kupu bez slo\u017eit\u00fdch podm\u00ednek.<\/li>\n<li>Exkluzivn\u00ed nab\u00eddky: N\u011bkter\u00e9 pouk\u00e1zky jsou k dispozici pouze po omezenou dobu nebo na ur\u010dit\u00e9 produkty.<\/li>\n<li>Snadn\u00e9 uplatn\u011bn\u00ed: Zadejte k\u00f3d do n\u00e1kupn\u00edho ko\u0161\u00edku a u\u017eijte si slevu.<\/li>\n<\/ul>\t\t\t\t\t\t\t\t<\/div>\n\t\t\t\t<div class=\"elementor-element elementor-element-dbf428f elementor-widget elementor-widget-heading\" data-id=\"dbf428f\" data-element_type=\"widget\" data-e-type=\"widget\" data-settings=\"{&quot;ekit_we_effect_on&quot;:&quot;none&quot;}\" data-widget_type=\"heading.default\">\n\t\t\t\t\t<h2 class=\"elementor-heading-title elementor-size-default\">Aktu\u00e1ln\u00ed top Bulenox Kup\u00f3n K\u00f3dy:<\/h2>\t\t\t\t<\/div>\n\t\t\t\t<div class=\"elementor-element elementor-element-6df48b3 elementor-widget elementor-widget-text-editor\" data-id=\"6df48b3\" data-element_type=\"widget\" data-e-type=\"widget\" data-settings=\"{&quot;ekit_we_effect_on&quot;:&quot;none&quot;}\" data-widget_type=\"text-editor.default\">\n\t\t\t\t\t\t\t\t\t<p style=\"text-align: center;\"><\/p>\n<p style=\"text-align: center;\"><\/p>\n<p style=\"text-align: center;\"><span style=\"color: #3c434a; font-family: -apple-system, BlinkMacSystemFont, 'Segoe UI', Roboto, Oxygen-Sans, Ubuntu, Cantarell, 'Helvetica Neue', sans-serif; font-size: 14px; text-align: start;\">\n<div class=\"wpcd-coupon-two wpcd-coupon-id-17706\" >\n    <div class=\"wpcd-col-two-1-4\">\n        <figure>\n            <img decoding=\"async\" class=\"wpcd-coupon-two-img\" src=\"https:\/\/bulenox.codes\/wp-content\/uploads\/2026\/01\/LIFETIME89.jpg\" alt=\"Bulenox 89% DO\u017dIVOTN\u00cd SLEVA 1 K\u00f3d \/ Kup\u00f3n\" title=\"\">        <\/figure>\n        <div class=\"wpcd-coupon-two-discount-text\">\n\t\t\t89% SLEVA 1 NA DO\u017dIVOTN\u00cd SLEVA 1        <\/div>\n    <\/div>\n    <div class=\"wpcd-col-two-3-4\">\n        <div class=\"wpcd-coupon-two-header\">\n            <div>\n            \t\t\t\t\t<h2 class=\"wpcd-coupon-title\">\n\t\t\t\t\t\t<a href=\"http:\/\/www.bulenox.us\" target=\"http:\/\/_self\" rel=\"nofollow noopener\">Bulenox 89% DO\u017dIVOTN\u00cd SLEVA 1 K\u00f3d \/ Kup\u00f3n<\/a>\n                \t<\/h2>\n\t\t\t\t            <\/div>\n        <\/div>\n        <div class=\"wpcd-coupon-two-info\">\n            <div class=\"wpcd-coupon-two-title\">\n                                                            <span class=\"wpcd-coupon-two-countdown-text\">\n                            Platnost kon\u010d\u00ed dne:                          <\/span>\n                        <span class=\"wpcd-coupon-two-countdown test\"\n                            data-countdown_coupon=\"04\/21\/2026 23:59\"\n                            id=\"clock_17706\"><\/span>\n                                                <\/div>\n            <div class=\"wpcd-coupon-two-coupon\">\n\t\t\t\t\n\n    <div class=\"coupon-code-wpcd coupon-detail wpcd-coupon-id-17706 wpcd-coupon-button-type\">\n        <a data-type=\"code\" data-coupon-id=\"17706\"\n           href=\"?wpcd_coupon=17706\" class=\"coupon-button coupon-code-wpcd masterTooltip\"\n           id=\"coupon-button-17706\" title=\"Klikn\u011bte zde pro zobrazen\u00ed k\u00f3du\" data-position=\"top center\" data-inverted=\"\" data-aff-url=\"http:\/\/www.bulenox.us\"\n           onClick=\"return wpcd_openCouponAffLink(this,  '17706', 'wpcd_category' )\" target=\"_blank\">\n            <span class=\"code-text-wpcd\" rel=\"nofollow\">OFF89<\/span>\n            <span class=\"get-code-wpcd\">\n        Zobrazit k\u00f3d        <\/span>\n\n        <\/a>\n    <\/div>\n\n    <!-- Coupon Popup -->\n    <section id=\"wpcd_coupon_popup_17706\" class=\"wpcd_coupon_popup_wr\" style=\"display:none\">\n        <div class=\"wpcd_coupon_popup_layer\"><\/div>\n        <div class=\"wpcd_coupon_popup_inner\">\n            <div class=\"wpcd_coupon_popup_top_head\">\n                <p class=\"wpcd_coupon_popup_title\">\n\t\t\t\t\tBulenox 89% DO\u017dIVOTN\u00cd SLEVA 1 K\u00f3d \/ Kup\u00f3n                <\/p>\n                <span class=\"wpcd_coupon_popup_close\">&times;<\/span>\n            <\/div>\n            <div class=\"wpcd_coupon_popup_copy_main\">\n                <div class=\"wpcd_coupon_popup_copy_text\">\n                    <p>Klikn\u011bte na &#8222;Kop\u00edrovat&#8220; a zkop\u00edrujte k\u00f3d kup\u00f3nu.<\/p>\n                <\/div>\n                <div class=\"wpcd_coupon_popup_copy_code_wr\">\n                    <span class=\"wpcd_coupon_popup_copy_code_span\">OFF89<\/span>\n                    <span class=\"wpcd_coupon_top_copy_span wpcd_coupon_top_copy_span_17706\"\n                          data-clipboard-text=\"OFF89\">Kop\u00edrovat<\/span>\n                    <span id=\"coupon_code_17706\"\n                          style=\"display:none;\">OFF89<\/span>\n                <\/div>\n\t\t\t\t                <script type=\"text\/javascript\">\n                    window.addEventListener('DOMContentLoaded', function() {\n                        var clip = new ClipboardJS('.wpcd_coupon_top_copy_span_17706');\n                        clip.on(\"success\", function () {\n\n                            document.querySelector('.wpcd_coupon_top_copy_span_17706').innerText = 'Zkop\u00edrov\u00e1no';\n                            setTimeout(function () {\n                                document.querySelector('.wpcd_coupon_top_copy_span_17706').innerText = 'Kop\u00edrovat';\n                            }, 500);\n                        });\n                    });\n                <\/script>\n\t                                <a target=\"_self\" rel=\"nofollow noopener\" class=\"wpcd_popup-go-link\" href=\"http:\/\/www.bulenox.us\">\n\t\t\t            P\u0159ej\u00edt na nab\u00eddku                    <\/a>\n\t                        <\/div>\n        <\/div>\n    <\/section>\n\n\n            <\/div>\n            <div id=\"clear\"><\/div>\n        <\/div>\n        <div id=\"clear\"><\/div>\n        <div class=\"wpcd-coupon-description\">\n            <span class=\"wpcd-full-description\"><p>Bulenox v\u00e1m nab\u00edz\u00ed 89% DO\u017dIVOTN\u00cd slevov\u00fd k\u00f3d na n\u00e1sleduj\u00edc\u00ed v\u00fdzvy:<\/p>\r\n<ul>\r\n<li>(MO\u017dNOST 1) 25 000 $ \/ \u00da\u010det a\u017e 3 smluv<\/li>\r\n<li>(MO\u017dNOST 1) 50 000 $ \/ \u00da\u010det a\u017e 7 smluv<\/li>\r\n<li>(MO\u017dNOST 1) 100 000 $ \/ \u00da\u010det a\u017e 12 smluv<\/li>\r\n<li>(MO\u017dNOST 1) 150 000 $ \/ \u00da\u010det a\u017e 15 smluv<\/li>\r\n<li>(MO\u017dNOST 1) 250 000 $ \/ \u00da\u010det a\u017e 25 smluv<\/li>\r\n<\/ul><\/span>\n            <span class=\"wpcd-short-description\"><\/span>\n                            <a href=\"#\" class=\"wpcd-more-description\">V\u00edce na<\/a>\n                <a href=\"#\" class=\"wpcd-less-description\">M\u00e9n\u011b<\/a>\n                    <\/div>\n    <\/div>\n    <script type=\"text\/javascript\">\n\t\twindow.addEventListener('DOMContentLoaded', function() {\n\t\t\tvar clip = new ClipboardJS('.wpcd-btn-17706');\n\t\t});\n    <\/script>\n    <div class=\"clearfix\"><\/div>\n    <\/div>\n\n<\/span><\/p>\n<p style=\"text-align: center;\"><\/p>\n<p style=\"text-align: center;\"><\/p>\n<p style=\"text-align: center;\"><\/p>\n<p style=\"text-align: center;\"><\/p>\n<p style=\"text-align: center;\">\n<div class=\"wpcd-coupon-two wpcd-coupon-id-9201\" >\n    <div class=\"wpcd-col-two-1-4\">\n        <figure>\n            <img decoding=\"async\" class=\"wpcd-coupon-two-img\" src=\"https:\/\/bulenox.codes\/wp-content\/uploads\/2025\/01\/LIFETIME45.png\" alt=\"Bulenox 45% LIFETIME k\u00f3d \/ kup\u00f3n\" title=\"\">        <\/figure>\n        <div class=\"wpcd-coupon-two-discount-text\">\n\t\t\t45% SLEVA NA MO\u017dNOST 1 \/ 2        <\/div>\n    <\/div>\n    <div class=\"wpcd-col-two-3-4\">\n        <div class=\"wpcd-coupon-two-header\">\n            <div>\n            \t\t\t\t\t<h2 class=\"wpcd-coupon-title\">\n\t\t\t\t\t\t<a href=\"http:\/\/www.bulenox.us\" target=\"http:\/\/_self\" rel=\"nofollow noopener\">Bulenox 45% LIFETIME k\u00f3d \/ kup\u00f3n<\/a>\n                \t<\/h2>\n\t\t\t\t            <\/div>\n        <\/div>\n        <div class=\"wpcd-coupon-two-info\">\n            <div class=\"wpcd-coupon-two-title\">\n                                                            <span class=\"wpcd-coupon-two-countdown-text\">\n                            Platnost kon\u010d\u00ed dne:                          <\/span>\n                        <span class=\"wpcd-coupon-two-countdown test\"\n                            data-countdown_coupon=\"04\/30\/2026 23:59\"\n                            id=\"clock_9201\"><\/span>\n                                                <\/div>\n            <div class=\"wpcd-coupon-two-coupon\">\n\t\t\t\t\n\n    <div class=\"coupon-code-wpcd coupon-detail wpcd-coupon-id-9201 wpcd-coupon-button-type\">\n        <a data-type=\"code\" data-coupon-id=\"9201\"\n           href=\"?wpcd_coupon=9201\" class=\"coupon-button coupon-code-wpcd masterTooltip\"\n           id=\"coupon-button-9201\" title=\"Klikn\u011bte zde pro zobrazen\u00ed k\u00f3du\" data-position=\"top center\" data-inverted=\"\" data-aff-url=\"http:\/\/www.bulenox.us\"\n           onClick=\"return wpcd_openCouponAffLink(this,  '9201', 'wpcd_category' )\" target=\"_blank\">\n            <span class=\"code-text-wpcd\" rel=\"nofollow\">OFF45<\/span>\n            <span class=\"get-code-wpcd\">\n        Zobrazit k\u00f3d        <\/span>\n\n        <\/a>\n    <\/div>\n\n    <!-- Coupon Popup -->\n    <section id=\"wpcd_coupon_popup_9201\" class=\"wpcd_coupon_popup_wr\" style=\"display:none\">\n        <div class=\"wpcd_coupon_popup_layer\"><\/div>\n        <div class=\"wpcd_coupon_popup_inner\">\n            <div class=\"wpcd_coupon_popup_top_head\">\n                <p class=\"wpcd_coupon_popup_title\">\n\t\t\t\t\tBulenox 45% LIFETIME k\u00f3d \/ kup\u00f3n                <\/p>\n                <span class=\"wpcd_coupon_popup_close\">&times;<\/span>\n            <\/div>\n            <div class=\"wpcd_coupon_popup_copy_main\">\n                <div class=\"wpcd_coupon_popup_copy_text\">\n                    <p>Klikn\u011bte na &#8222;Kop\u00edrovat&#8220; a zkop\u00edrujte k\u00f3d kup\u00f3nu.<\/p>\n                <\/div>\n                <div class=\"wpcd_coupon_popup_copy_code_wr\">\n                    <span class=\"wpcd_coupon_popup_copy_code_span\">OFF45<\/span>\n                    <span class=\"wpcd_coupon_top_copy_span wpcd_coupon_top_copy_span_9201\"\n                          data-clipboard-text=\"OFF45\">Kop\u00edrovat<\/span>\n                    <span id=\"coupon_code_9201\"\n                          style=\"display:none;\">OFF45<\/span>\n                <\/div>\n\t\t\t\t                <script type=\"text\/javascript\">\n                    window.addEventListener('DOMContentLoaded', function() {\n                        var clip = new ClipboardJS('.wpcd_coupon_top_copy_span_9201');\n                        clip.on(\"success\", function () {\n\n                            document.querySelector('.wpcd_coupon_top_copy_span_9201').innerText = 'Zkop\u00edrov\u00e1no';\n                            setTimeout(function () {\n                                document.querySelector('.wpcd_coupon_top_copy_span_9201').innerText = 'Kop\u00edrovat';\n                            }, 500);\n                        });\n                    });\n                <\/script>\n\t                                <a target=\"_self\" rel=\"nofollow noopener\" class=\"wpcd_popup-go-link\" href=\"http:\/\/www.bulenox.us\">\n\t\t\t            P\u0159ej\u00edt na nab\u00eddku                    <\/a>\n\t                        <\/div>\n        <\/div>\n    <\/section>\n\n\n            <\/div>\n            <div id=\"clear\"><\/div>\n        <\/div>\n        <div id=\"clear\"><\/div>\n        <div class=\"wpcd-coupon-description\">\n            <span class=\"wpcd-full-description\"><p>Bulenox v\u00e1m nab\u00edz\u00ed 45% DO\u017dIVOTN\u00cd slevov\u00fd k\u00f3d na n\u00e1sleduj\u00edc\u00ed v\u00fdzvy:<\/p>\r\n<ul>\r\n<li>(VARIANTA 1) 25 000 USD \/ A\u017e 3 smlouvy \u00fa\u010det<\/li>\r\n<li>(VOLBA 1) 50 000 USD \/ A\u017e 7 smluvn\u00edch \u00fa\u010dt\u016f.<\/li>\r\n<li>(MO\u017dNOST 1) 100 000 USD \/ a\u017e 12 smluv \u00fa\u010det<\/li>\r\n<li>(MO\u017dNOST 1) 150 000 USD \/ \u00fa\u010det a\u017e 15 smluv<\/li>\r\n<li>(MO\u017dNOST 1) 250 USD. 000 \/ A\u017e 25 kontrakt\u016f na \u00fa\u010dtu<\/li>\r\n<li>(VARIANTA 2) EOD\/Scaling\/DLL 25 000 USD \/ A\u017e 3 kontrakty \u00fa\u010det<\/li>\r\n<li>(MO\u017dNOST 2) EOD\/Scaling\/DLL 50 000 USD \/ A\u017e 7 smluvn\u00edch \u00fa\u010dt\u016f<\/li>\r\n<li>(MO\u017dNOST 2) EOD\/Scaling\/DLL 100 000 USD \/ \u00da\u010det a\u017e pro 12 kontrakt\u016f<\/li>\r\n<li>(MO\u017dNOST 2) EOD\/Scaling 150 000 USD \/ \u00da\u010det a\u017e 15 smluv.<\/li>\r\n<li>EOD\/Scaling 250 000 USD \/ \u00fa\u010det a\u017e pro 25 kontrakt\u016f<\/li>\r\n<\/ul><\/span>\n            <span class=\"wpcd-short-description\"><\/span>\n                            <a href=\"#\" class=\"wpcd-more-description\">V\u00edce na<\/a>\n                <a href=\"#\" class=\"wpcd-less-description\">M\u00e9n\u011b<\/a>\n                    <\/div>\n    <\/div>\n    <script type=\"text\/javascript\">\n\t\twindow.addEventListener('DOMContentLoaded', function() {\n\t\t\tvar clip = new ClipboardJS('.wpcd-btn-9201');\n\t\t});\n    <\/script>\n    <div class=\"clearfix\"><\/div>\n    <\/div>\n\n<\/p>\n<p style=\"text-align: center;\"><\/p>\n<p style=\"text-align: center;\"><\/p>\n<p style=\"text-align: center;\"><\/p>\t\t\t\t\t\t\t\t<\/div>\n\t\t\t\t\t<\/div>\n\t\t\t\t<\/div>\n\t\t<div class=\"elementor-element elementor-element-e046a4e e-grid e-con-boxed e-con e-parent\" data-id=\"e046a4e\" data-element_type=\"container\" data-e-type=\"container\" data-settings=\"{&quot;background_background&quot;:&quot;classic&quot;}\">\n\t\t\t\t\t<div class=\"e-con-inner\">\n\t\t\t\t<div class=\"elementor-element elementor-element-b94a630 elementor-widget elementor-widget-heading\" data-id=\"b94a630\" data-element_type=\"widget\" data-e-type=\"widget\" data-settings=\"{&quot;ekit_we_effect_on&quot;:&quot;none&quot;}\" data-widget_type=\"heading.default\">\n\t\t\t\t\t<h2 class=\"elementor-heading-title elementor-size-default\">Kup\u00f3ny Bulenox u\u017e nikdy nezme\u0161k\u00e1te!\nP\u0159ihlaste se k odb\u011bru na\u0161eho bezplatn\u00e9ho newsletteru je\u0161t\u011b dnes!<\/h2>\t\t\t\t<\/div>\n\t\t\t\t<div class=\"elementor-element elementor-element-bde6899 elementor-widget elementor-widget-text-editor\" data-id=\"bde6899\" data-element_type=\"widget\" data-e-type=\"widget\" data-settings=\"{&quot;ekit_we_effect_on&quot;:&quot;none&quot;}\" data-widget_type=\"text-editor.default\">\n\t\t\t\t\t\t\t\t\t<div class=\"tnp tnp-subscription-minimal  \"><form action=\"https:\/\/bulenox.codes\/wp-admin\/admin-ajax.php?action=tnp&amp;na=s\" method=\"post\" style=\"text-align: center\"><input type=\"hidden\" name=\"nr\" value=\"minimal\">\n<input type=\"hidden\" name=\"nlang\" value=\"cs\">\n<input class=\"tnp-email\" type=\"email\" required name=\"ne\" value=\"\" placeholder=\"E-mail\"><input class=\"tnp-submit\" type=\"submit\" value=\"Odeb\u00edrat\" style=\"\">\n<div class=\"tnp-field tnp-privacy-field\"><label><input type=\"checkbox\" name=\"ny\" required class=\"tnp-privacy\"> <a target=\"_blank\" href=\"https:\/\/bulenox.codes\/privacy-policy\/\">Souhlas\u00edm se z\u00e1sadami ochrany osobn\u00edch \u00fadaj\u016f<\/a><\/label><\/div><\/form><\/div>\n\t\t\t\t\t\t\t\t<\/div>\n\t\t\t\t\t<\/div>\n\t\t\t\t<\/div>\n\t\t<div class=\"elementor-element elementor-element-d30de9e e-flex e-con-boxed e-con e-parent\" data-id=\"d30de9e\" data-element_type=\"container\" data-e-type=\"container\">\n\t\t\t\t\t<div class=\"e-con-inner\">\n\t\t\t\t<div class=\"elementor-element elementor-element-3ccf68db elementor-widget elementor-widget-text-editor\" data-id=\"3ccf68db\" data-element_type=\"widget\" data-e-type=\"widget\" data-settings=\"{&quot;ekit_we_effect_on&quot;:&quot;none&quot;}\" data-widget_type=\"text-editor.default\">\n\t\t\t\t\t\t\t\t\t<p style=\"text-align: center;\"><strong>Tip:<\/strong> P\u0159ihlaste se k odb\u011bru newsletteru, abyste nezme\u0161kali \u017e\u00e1dn\u00e9 budouc\u00ed kup\u00f3ny a speci\u00e1ln\u00ed nab\u00eddky na <a href=\"http:\/\/bulenox.us\" target=\"_blank\" rel=\"noreferrer noopener\">Bulenox<\/a>.<\/p>\t\t\t\t\t\t\t\t<\/div>\n\t\t\t\t\t<\/div>\n\t\t\t\t<\/div>\n\t\t\t\t<\/div>\n\t\t\n    <div class=\"xs_social_share_widget xs_share_url after_content \t\tmain_content  wslu-style-1 wslu-share-box-shaped wslu-fill-colored wslu-none wslu-share-horizontal wslu-theme-font-no wslu-main_content\">\n\n\t\t\n        <ul>\n\t\t\t        <\/ul>\n    <\/div> \n","protected":false},"excerpt":{"rendered":"<p>Bulenox Kup\u00f3n \/ K\u00f3dy Pokud nakupujete v Bulenoxu a hled\u00e1te velk\u00e9 slevy, vyplat\u00ed se pravideln\u011b kontrolovat nejnov\u011bj\u0161\u00ed k\u00f3dy kup\u00f3n\u016f. S t\u011bmito pouk\u00e1zkami si m\u016f\u017eete p\u0159i placen\u00ed zajistit atraktivn\u00ed slevy a objednat si sv\u00e9 obl\u00edben\u00e9 produkty za ni\u017e\u0161\u00ed cenu. Pro\u010d pou\u017e\u00edvat Bulenox Kup\u00f3nov\u00e9 k\u00f3dy? A\u0165 u\u017e objedn\u00e1v\u00e1te poprv\u00e9, nebo jste v\u011brn\u00fdm z\u00e1kazn\u00edkem &#8211; k\u00f3d kup\u00f3nu Bulenox [&hellip;]<\/p>\n","protected":false},"author":1,"featured_media":0,"parent":0,"menu_order":0,"comment_status":"closed","ping_status":"closed","template":"","meta":{"_angie_page":false,"postBodyCss":"","postBodyMargin":[],"postBodyPadding":[],"postBodyBackground":{"backgroundType":"classic","gradient":""},"enableOnePageScrollInPage":false,"onePageScrollCss":"","onePageScrollSpeed":1000,"onePageScrollAnimation":"easeInOutQuad","onePageScrollShowDotNavigation":true,"onePageScrollNavigation":"scaleUp","onePageScrollNavigationPosition":"right","onePageScrollNavigationHorizontal":[],"onePageScrollNavigationVertical":[],"onePageScrollNavigationSpacing":[],"onePageScrollNavigationColor":"#00ff0d","onePageScrollNavigationColorHover":"#00ff0d","onePageScrollNavigationColorActive":"#00ff0d","onePageScrollNavigationIcon":[],"onePageScrollNavigationWidth":[],"onePageScrollNavigationWidthHover":[],"onePageScrollNavigationWidthActive":[],"onePageScrollNavigationHeight":[],"onePageScrollNavigationHeightHover":[],"onePageScrollNavigationHeightActive":[],"onePageScrollNavigationBorder":[],"onePageScrollNavigationBorderHover":[],"onePageScrollNavigationBorderActive":[],"onePageScrollNavigationBorderRadius":[],"onePageScrollNavigationBorderRadiusHover":[],"onePageScrollNavigationBorderRadiusActive":[],"onePageScrollNavigationTooltipTypography":[],"onePageScrollNavigationTooltipColor":"#ffffff","onePageScrollNavigationTooltipColorHover":"","onePageScrollNavigationTooltipBgColor":"#00ff0d","onePageScrollNavigationTooltipBgColorHover":"","onePageScrollNavigationTooltipPadding":[],"onePageScrollNavigationTooltipPaddingHover":[],"onePageScrollNavigationTooltipBorderRadius":[],"onePageScrollNavigationTooltipBorderRadiusHover":[],"pageSettingsCustomCss":"","footnotes":""},"class_list":["post-8421","page","type-page","status-publish","hentry"],"_links":{"self":[{"href":"https:\/\/bulenox.codes\/cs\/wp-json\/wp\/v2\/pages\/8421","targetHints":{"allow":["GET"]}}],"collection":[{"href":"https:\/\/bulenox.codes\/cs\/wp-json\/wp\/v2\/pages"}],"about":[{"href":"https:\/\/bulenox.codes\/cs\/wp-json\/wp\/v2\/types\/page"}],"author":[{"embeddable":true,"href":"https:\/\/bulenox.codes\/cs\/wp-json\/wp\/v2\/users\/1"}],"replies":[{"embeddable":true,"href":"https:\/\/bulenox.codes\/cs\/wp-json\/wp\/v2\/comments?post=8421"}],"version-history":[{"count":0,"href":"https:\/\/bulenox.codes\/cs\/wp-json\/wp\/v2\/pages\/8421\/revisions"}],"wp:attachment":[{"href":"https:\/\/bulenox.codes\/cs\/wp-json\/wp\/v2\/media?parent=8421"}],"curies":[{"name":"wp","href":"https:\/\/api.w.org\/{rel}","templated":true}]}}